{"id":32807,"date":"2019-11-28T01:41:27","date_gmt":"2019-11-28T09:41:27","guid":{"rendered":"https:\/\/productguide.fieldkit.org\/ver-el-manual-de-producto\/lista-de-las-piezas\/"},"modified":"2024-04-26T13:39:03","modified_gmt":"2024-04-26T20:39:03","slug":"lista-de-las-piezas","status":"publish","type":"page","link":"https:\/\/productguide.fieldkit.org\/es\/ver-el-manual-de-producto\/lista-de-las-piezas\/","title":{"rendered":"Lista de las piezas"},"content":{"rendered":"<div>\n<div>Lista de las piezas<\/div>\n<div>En la presente lista de piezas, analizaremos con m\u00e1s detalle cada uno de los componentes.<\/div>\n<div>Ordenamos la lista de adentro hacia afuera, comenzando por las placas de circuitos y los sensores, y prosiguiendo con las fuentes de alimentaci\u00f3n y la caja protectora, todo lo cual integra una estaci\u00f3n FieldKit.<\/div>\n<div>1. N\u00facleo (Core)<\/div>\n<div>El n\u00facleo es la parte central de la estaci\u00f3n, responsable de registrar y enviar los datos de los sensores ambientales a la aplicaci\u00f3n m\u00f3vil y al portal web de FieldKit. Est\u00e1 compuesto por tres placas:<\/div>\n<div>Placa superior (Upper board)<\/div>\n<div>Placa inferior (Lower board)<\/div>\n<div>Base de los m\u00f3dulos (Module base)<\/div>\n<div>Placa superior (Upper board)<\/div>\n<div>La placa superior consta de un microcontrolador, una memoria integrada, una tarjeta microSD para la copia de seguridad de los datos, un reloj en tiempo real (alimentado por un supercondensador integrado) y una pantalla interactiva de diodos emisores de luz org\u00e1nica (OLED). Es el centro neur\u00e1lgico de la estaci\u00f3n y ejecuta el firmware principal.<\/div>\n<div>Placa inferior (Lower board)<\/div>\n<div>La placa inferior (de radio) cuenta con conectores de bater\u00eda y solares, un m\u00f3dulo WiFi, GPS y una entrada para conexiones inal\u00e1mbricas LoRa opcionales (si se utiliza un paquete de radio LoRa adicional). Es el centro de comunicaciones de tu equipo.<\/div>\n<div>Base de los m\u00f3dulos (Module base)<\/div>\n<div>La base de los m\u00f3dulos se acopla a las placas superior e inferior. Es la plataforma en la que se conectan las placas de los m\u00f3dulos.<\/div>\n<div>2. Sensores<\/div>\n<div>Un paquete de sensores (sensor pack) es un conjunto de placas, cables e instrumentos que se conectan al n\u00facleo para obtener datos de un determinado factor ambiental, por ejemplo, el clima o el pH. Un paquete de sensores puede medir uno o varios par\u00e1metros importantes de dicho factor. Por ejemplo, el paquete meteorol\u00f3gico (weather pack) mide la temperatura, la humedad relativa, la presi\u00f3n barom\u00e9trica, la velocidad y la direcci\u00f3n del viento y las precipitaciones, mientras que el paquete de pH (pH pack) \u00fanicamente mide el pH.<\/div>\n<div>Paquete meteorol\u00f3gico<\/div>\n<div>Paquete de pH<\/div>\n<div>Sensor<\/div>\n<div>Un sensor detecta cambios f\u00edsicos en el entorno y transmite esos datos al n\u00facleo de la estaci\u00f3n. Un sensor puede estar directamente en la placa de m\u00f3dulos, en una placa de sensores externa o en un dispositivo, como una sonda, un pluvi\u00f3metro, un anem\u00f3metro o una veleta. (Estos dispositivos suelen denominarse simplemente como \u00absensores\u00bb).<\/div>\n<div>Placa modular (Module board)<\/div>\n<div>Una placa modular es una placa que se instala en la base de los m\u00f3dulos y sirve de interfaz para los dispositivos. Transmite al n\u00facleo los datos ambientales registrados por los sensores conectados. Es posible utilizar entre una y cuatro placas modulares en una misma estaci\u00f3n a la vez.<\/div>\n<div>Placa de sensores (Sensor board)<\/div>\n<div>Una placa de sensores es una placa que se coloca dentro de una caja externa y se conecta a la placa de m\u00f3dulos interna. Transmite a la placa de m\u00f3dulos los datos ambientales registrados por los sensores instalados.<\/div>\n<div>Sonda (Probe)<\/div>\n<div>Una sonda es un dispositivo (o sensor) que sirve para medir, probar o recabar datos. Algunos ejemplos son: la sonda de pH, la sonda de ox\u00edgeno disuelto, la sonda de conductividad y la sonda de la temperatura del agua.<\/div>\n<div>Cluster<\/div>\n<div>Un cluster es un conjunto de instrumentos (o sensores) ubicados en un mismo lugar, como un cluster meteorol\u00f3gico, el cual incluye un pluvi\u00f3metro, un anem\u00f3metro y una veleta.<\/div>\n<div>3. Fuente de alimentaci\u00f3n<\/div>\n<div>Con el fin de que los componentes electr\u00f3nicos puedan recabar y sincronizar los datos, necesitar\u00e1s una fuente de alimentaci\u00f3n confiable. La estaci\u00f3n FieldKit se puede conectar a una fuente de alimentaci\u00f3n, como tu computadora o un enchufe de pared, por medio del cable micro-USB. En el caso de instalaciones remotas, se puede utilizar una bater\u00eda cargada, la cual deber\u00e1 ser recargada peri\u00f3dicamente. Tambi\u00e9n puedes usar una bater\u00eda conectada a un panel solar para que se cargue constantemente, siempre que tengas una buena fuente de luz solar.<\/div>\n<div>Cable micro-USB (Micro-USB cable)<\/div>\n<div>Conectar un cable micro-USB desde una fuente de alimentaci\u00f3n a la placa inferior encender\u00e1 y alimentar\u00e1 el sistema. Si hay una bater\u00eda conectada al FieldKit, se recargar\u00e1.<\/div>\n<div>Bater\u00eda (Battery)<\/div>\n<div>El paquete de bater\u00edas est\u00e1ndar incluye tres bater\u00edas de pol\u00edmero de litio 18650 de 2000 mAh. Estas bater\u00edas se pueden recargar con un conector USB o con un panel solar externo.<\/div>\n<div>Panel solar (Solar panel)<\/div>\n<div>Un panel solar absorbe la luz del sol y la convierte en electricidad para alimentar los componentes electr\u00f3nicos. Utilizamos un panel solar de 10 W para nuestro sistema, pero si eres un profesional que sabe juntar y adaptar, el FieldKit puede operar con cualquier panel de 12 V siempre que el cable termine en un JST-PH y tenga la polaridad adecuada. Solo debes tener en cuenta que el servicio t\u00e9cnico de FieldKit no cubre los productos que no son de nuestra marca.<\/div>\n<div>4. Caja (Case)<\/div>\n<div>La caja FieldKit es una caja dise\u00f1ada a la medida que permite distintas configuraciones de montaje y posiciones de instalaci\u00f3n. Asegura y protege los componentes electr\u00f3nicos del FieldKit de la intemperie.<\/div>\n<div>El bot\u00f3n de encendido de la caja reactiva la estaci\u00f3n y enciende la se\u00f1al WiFi de la misma. Esto te permite conectarte a la estaci\u00f3n con tu tel\u00e9fono y sincronizar los datos.<\/div>\n<div>Una placa de cableado es una parte personalizable del sistema de la caja con distintas configuraciones de aberturas que permiten que los cables entren y salgan de la caja. Cada caja dispone de una placa de cableado, pero puede que quieras considerar adquirir otras opciones para adaptarlas a las diferentes configuraciones de los m\u00f3dulos. Ofrecemos placas de fibra de vidrio que puedes perforar y personalizar seg\u00fan tus necesidades. Tambi\u00e9n puedes recurrir a cortar con l\u00e1ser o imprimir en 3D tu propia placa. Si tienes pensado hacerlo, visita la p\u00e1gina de placas de cableado para descargar los archivos .svg y .stl.<\/div>\n<div>Un prensaestopas es un acceso en el sistema de la caja. Cada prensaestopas cuenta con un inserto para cables con agujeros que permiten el paso de los cables necesarios y mantienen los componentes interiores protegidos del exterior.<\/div>\n<div>5. Estaci\u00f3n<\/div>\n<div>El t\u00e9rmino estaci\u00f3n se refiere a la combinaci\u00f3n de hardware y software mencionada anteriormente que recopila y sincroniza los datos con la aplicaci\u00f3n m\u00f3vil y el portal web de FieldKit.<\/div>\n<\/div>\n","protected":false},"excerpt":{"rendered":"<p>Lista de las piezas En la presente lista de piezas, analizaremos con m\u00e1s detalle cada uno de los componentes. Ordenamos la lista de adentro hacia afuera, comenzando por las placas de circuitos y los sensores, y prosiguiendo con las fuentes de alimentaci\u00f3n y la caja protectora, todo lo cual integra una estaci\u00f3n FieldKit. 1. N\u00facleo [&hellip;]<\/p>\n","protected":false},"author":5,"featured_media":0,"parent":32794,"menu_order":0,"comment_status":"closed","ping_status":"closed","template":"templates\/product-guide.php","meta":{"_acf_changed":false,"footnotes":""},"class_list":["post-32807","page","type-page","status-publish","hentry"],"acf":[],"yoast_head":"<!-- This site is optimized with the Yoast SEO plugin v26.6 - https:\/\/yoast.com\/wordpress\/plugins\/seo\/ -->\n<title>Lista de las piezas - FieldKit<\/title>\n<meta name=\"description\" content=\"Una estaci\u00f3n FieldKit es la combinaci\u00f3n del hardware y software que recopila y sincroniza datos con la aplicaci\u00f3n m\u00f3vil FieldKit y el portal web.\" \/>\n<meta name=\"robots\" content=\"index, follow, max-snippet:-1, max-image-preview:large, max-video-preview:-1\" \/>\n<link rel=\"canonical\" href=\"https:\/\/productguide.fieldkit.org\/es\/ver-el-manual-de-producto\/lista-de-las-piezas\/\" \/>\n<meta property=\"og:locale\" content=\"es_ES\" \/>\n<meta property=\"og:type\" content=\"article\" \/>\n<meta property=\"og:title\" content=\"Lista de las piezas - FieldKit\" \/>\n<meta property=\"og:description\" content=\"El t\u00e9rmino estaci\u00f3n se refiere a la combinaci\u00f3n de hardware y software mencionada anteriormente que recopila y sincroniza los datos con la aplicaci\u00f3n m\u00f3vil y el portal web de FieldKit.\" \/>\n<meta property=\"og:url\" content=\"https:\/\/productguide.fieldkit.org\/es\/ver-el-manual-de-producto\/lista-de-las-piezas\/\" \/>\n<meta property=\"og:site_name\" content=\"FieldKit\" \/>\n<meta property=\"article:publisher\" content=\"https:\/\/www.facebook.com\/FieldKit.org\" \/>\n<meta property=\"article:modified_time\" content=\"2024-04-26T20:39:03+00:00\" \/>\n<meta property=\"og:image\" content=\"https:\/\/productguide.fieldkit.org\/wp-content\/uploads\/2020\/11\/fk_glossary_fieldkit.png\" \/>\n<meta name=\"twitter:card\" content=\"summary_large_image\" \/>\n<meta name=\"twitter:title\" content=\"Lista de las piezas - FieldKit\" \/>\n<meta name=\"twitter:description\" content=\"El t\u00e9rmino estaci\u00f3n se refiere a la combinaci\u00f3n de hardware y software mencionada anteriormente que recopila y sincroniza los datos con la aplicaci\u00f3n m\u00f3vil y el portal web de FieldKit.\" \/>\n<meta name=\"twitter:image\" content=\"https:\/\/productguide.fieldkit.org\/wp-content\/uploads\/2020\/11\/fk_glossary_fieldkit.png\" \/>\n<meta name=\"twitter:site\" content=\"@FieldKitOrg\" \/>\n<script type=\"application\/ld+json\" class=\"yoast-schema-graph\">{\"@context\":\"https:\/\/schema.org\",\"@graph\":[{\"@type\":\"WebPage\",\"@id\":\"https:\/\/productguide.fieldkit.org\/es\/ver-el-manual-de-producto\/lista-de-las-piezas\/\",\"url\":\"https:\/\/productguide.fieldkit.org\/es\/ver-el-manual-de-producto\/lista-de-las-piezas\/\",\"name\":\"Lista de las piezas - FieldKit\",\"isPartOf\":{\"@id\":\"https:\/\/productguide.fieldkit.org\/es\/#website\"},\"datePublished\":\"2019-11-28T09:41:27+00:00\",\"dateModified\":\"2024-04-26T20:39:03+00:00\",\"description\":\"Una estaci\u00f3n FieldKit es la combinaci\u00f3n del hardware y software que recopila y sincroniza datos con la aplicaci\u00f3n m\u00f3vil FieldKit y el portal web.\",\"breadcrumb\":{\"@id\":\"https:\/\/productguide.fieldkit.org\/es\/ver-el-manual-de-producto\/lista-de-las-piezas\/#breadcrumb\"},\"inLanguage\":\"es\",\"potentialAction\":[{\"@type\":\"ReadAction\",\"target\":[\"https:\/\/productguide.fieldkit.org\/es\/ver-el-manual-de-producto\/lista-de-las-piezas\/\"]}]},{\"@type\":\"BreadcrumbList\",\"@id\":\"https:\/\/productguide.fieldkit.org\/es\/ver-el-manual-de-producto\/lista-de-las-piezas\/#breadcrumb\",\"itemListElement\":[{\"@type\":\"ListItem\",\"position\":1,\"name\":\"Home\",\"item\":\"https:\/\/productguide.fieldkit.org\/es\/\"},{\"@type\":\"ListItem\",\"position\":2,\"name\":\"Manual del producto\",\"item\":\"https:\/\/productguide.fieldkit.org\/es\/\"},{\"@type\":\"ListItem\",\"position\":3,\"name\":\"Lista de las piezas\"}]},{\"@type\":\"WebSite\",\"@id\":\"https:\/\/productguide.fieldkit.org\/es\/#website\",\"url\":\"https:\/\/productguide.fieldkit.org\/es\/\",\"name\":\"FieldKit\",\"description\":\"Open Environmental Sensing for Everyone\",\"publisher\":{\"@id\":\"https:\/\/productguide.fieldkit.org\/es\/#organization\"},\"potentialAction\":[{\"@type\":\"SearchAction\",\"target\":{\"@type\":\"EntryPoint\",\"urlTemplate\":\"https:\/\/productguide.fieldkit.org\/es\/?s={search_term_string}\"},\"query-input\":{\"@type\":\"PropertyValueSpecification\",\"valueRequired\":true,\"valueName\":\"search_term_string\"}}],\"inLanguage\":\"es\"},{\"@type\":\"Organization\",\"@id\":\"https:\/\/productguide.fieldkit.org\/es\/#organization\",\"name\":\"FieldKit\",\"url\":\"https:\/\/productguide.fieldkit.org\/es\/\",\"logo\":{\"@type\":\"ImageObject\",\"inLanguage\":\"es\",\"@id\":\"https:\/\/productguide.fieldkit.org\/es\/#\/schema\/logo\/image\/\",\"url\":\"https:\/\/productguide.fieldkit.org\/wp-content\/uploads\/2020\/01\/fieldkit_Logo_final.svg\",\"contentUrl\":\"https:\/\/productguide.fieldkit.org\/wp-content\/uploads\/2020\/01\/fieldkit_Logo_final.svg\",\"width\":1,\"height\":1,\"caption\":\"FieldKit\"},\"image\":{\"@id\":\"https:\/\/productguide.fieldkit.org\/es\/#\/schema\/logo\/image\/\"},\"sameAs\":[\"https:\/\/www.facebook.com\/FieldKit.org\",\"https:\/\/x.com\/FieldKitOrg\",\"https:\/\/www.instagram.com\/fieldkitorg\",\"https:\/\/www.linkedin.com\/company\/fieldkit\/\",\"https:\/\/www.youtube.com\/fieldkit\"]}]}<\/script>\n<!-- \/ Yoast SEO plugin. -->","yoast_head_json":{"title":"Lista de las piezas - FieldKit","description":"Una estaci\u00f3n FieldKit es la combinaci\u00f3n del hardware y software que recopila y sincroniza datos con la aplicaci\u00f3n m\u00f3vil FieldKit y el portal web.","robots":{"index":"index","follow":"follow","max-snippet":"max-snippet:-1","max-image-preview":"max-image-preview:large","max-video-preview":"max-video-preview:-1"},"canonical":"https:\/\/productguide.fieldkit.org\/es\/ver-el-manual-de-producto\/lista-de-las-piezas\/","og_locale":"es_ES","og_type":"article","og_title":"Lista de las piezas - FieldKit","og_description":"El t\u00e9rmino estaci\u00f3n se refiere a la combinaci\u00f3n de hardware y software mencionada anteriormente que recopila y sincroniza los datos con la aplicaci\u00f3n m\u00f3vil y el portal web de FieldKit.","og_url":"https:\/\/productguide.fieldkit.org\/es\/ver-el-manual-de-producto\/lista-de-las-piezas\/","og_site_name":"FieldKit","article_publisher":"https:\/\/www.facebook.com\/FieldKit.org","article_modified_time":"2024-04-26T20:39:03+00:00","og_image":[{"url":"https:\/\/productguide.fieldkit.org\/wp-content\/uploads\/2020\/11\/fk_glossary_fieldkit.png","type":"","width":"","height":""}],"twitter_card":"summary_large_image","twitter_title":"Lista de las piezas - FieldKit","twitter_description":"El t\u00e9rmino estaci\u00f3n se refiere a la combinaci\u00f3n de hardware y software mencionada anteriormente que recopila y sincroniza los datos con la aplicaci\u00f3n m\u00f3vil y el portal web de FieldKit.","twitter_image":"https:\/\/productguide.fieldkit.org\/wp-content\/uploads\/2020\/11\/fk_glossary_fieldkit.png","twitter_site":"@FieldKitOrg","schema":{"@context":"https:\/\/schema.org","@graph":[{"@type":"WebPage","@id":"https:\/\/productguide.fieldkit.org\/es\/ver-el-manual-de-producto\/lista-de-las-piezas\/","url":"https:\/\/productguide.fieldkit.org\/es\/ver-el-manual-de-producto\/lista-de-las-piezas\/","name":"Lista de las piezas - FieldKit","isPartOf":{"@id":"https:\/\/productguide.fieldkit.org\/es\/#website"},"datePublished":"2019-11-28T09:41:27+00:00","dateModified":"2024-04-26T20:39:03+00:00","description":"Una estaci\u00f3n FieldKit es la combinaci\u00f3n del hardware y software que recopila y sincroniza datos con la aplicaci\u00f3n m\u00f3vil FieldKit y el portal web.","breadcrumb":{"@id":"https:\/\/productguide.fieldkit.org\/es\/ver-el-manual-de-producto\/lista-de-las-piezas\/#breadcrumb"},"inLanguage":"es","potentialAction":[{"@type":"ReadAction","target":["https:\/\/productguide.fieldkit.org\/es\/ver-el-manual-de-producto\/lista-de-las-piezas\/"]}]},{"@type":"BreadcrumbList","@id":"https:\/\/productguide.fieldkit.org\/es\/ver-el-manual-de-producto\/lista-de-las-piezas\/#breadcrumb","itemListElement":[{"@type":"ListItem","position":1,"name":"Home","item":"https:\/\/productguide.fieldkit.org\/es\/"},{"@type":"ListItem","position":2,"name":"Manual del producto","item":"https:\/\/productguide.fieldkit.org\/es\/"},{"@type":"ListItem","position":3,"name":"Lista de las piezas"}]},{"@type":"WebSite","@id":"https:\/\/productguide.fieldkit.org\/es\/#website","url":"https:\/\/productguide.fieldkit.org\/es\/","name":"FieldKit","description":"Open Environmental Sensing for Everyone","publisher":{"@id":"https:\/\/productguide.fieldkit.org\/es\/#organization"},"potentialAction":[{"@type":"SearchAction","target":{"@type":"EntryPoint","urlTemplate":"https:\/\/productguide.fieldkit.org\/es\/?s={search_term_string}"},"query-input":{"@type":"PropertyValueSpecification","valueRequired":true,"valueName":"search_term_string"}}],"inLanguage":"es"},{"@type":"Organization","@id":"https:\/\/productguide.fieldkit.org\/es\/#organization","name":"FieldKit","url":"https:\/\/productguide.fieldkit.org\/es\/","logo":{"@type":"ImageObject","inLanguage":"es","@id":"https:\/\/productguide.fieldkit.org\/es\/#\/schema\/logo\/image\/","url":"https:\/\/productguide.fieldkit.org\/wp-content\/uploads\/2020\/01\/fieldkit_Logo_final.svg","contentUrl":"https:\/\/productguide.fieldkit.org\/wp-content\/uploads\/2020\/01\/fieldkit_Logo_final.svg","width":1,"height":1,"caption":"FieldKit"},"image":{"@id":"https:\/\/productguide.fieldkit.org\/es\/#\/schema\/logo\/image\/"},"sameAs":["https:\/\/www.facebook.com\/FieldKit.org","https:\/\/x.com\/FieldKitOrg","https:\/\/www.instagram.com\/fieldkitorg","https:\/\/www.linkedin.com\/company\/fieldkit\/","https:\/\/www.youtube.com\/fieldkit"]}]}},"jetpack_sharing_enabled":true,"_links":{"self":[{"href":"https:\/\/productguide.fieldkit.org\/es\/wp-json\/wp\/v2\/pages\/32807","targetHints":{"allow":["GET"]}}],"collection":[{"href":"https:\/\/productguide.fieldkit.org\/es\/wp-json\/wp\/v2\/pages"}],"about":[{"href":"https:\/\/productguide.fieldkit.org\/es\/wp-json\/wp\/v2\/types\/page"}],"author":[{"embeddable":true,"href":"https:\/\/productguide.fieldkit.org\/es\/wp-json\/wp\/v2\/users\/5"}],"replies":[{"embeddable":true,"href":"https:\/\/productguide.fieldkit.org\/es\/wp-json\/wp\/v2\/comments?post=32807"}],"version-history":[{"count":1,"href":"https:\/\/productguide.fieldkit.org\/es\/wp-json\/wp\/v2\/pages\/32807\/revisions"}],"predecessor-version":[{"id":32956,"href":"https:\/\/productguide.fieldkit.org\/es\/wp-json\/wp\/v2\/pages\/32807\/revisions\/32956"}],"up":[{"embeddable":true,"href":"https:\/\/productguide.fieldkit.org\/es\/wp-json\/wp\/v2\/pages\/32794"}],"wp:attachment":[{"href":"https:\/\/productguide.fieldkit.org\/es\/wp-json\/wp\/v2\/media?parent=32807"}],"curies":[{"name":"wp","href":"https:\/\/api.w.org\/{rel}","templated":true}]}}