{"id":32809,"date":"2020-11-06T11:25:37","date_gmt":"2020-11-06T19:25:37","guid":{"rendered":"https:\/\/productguide.fieldkit.org\/ver-el-manual-de-producto\/que-es-una-estacion-fieldkit\/"},"modified":"2023-10-03T09:12:41","modified_gmt":"2023-10-03T16:12:41","slug":"que-es-una-estacion-fieldkit","status":"publish","type":"page","link":"https:\/\/productguide.fieldkit.org\/es\/ver-el-manual-de-producto\/que-es-una-estacion-fieldkit\/","title":{"rendered":"\u00bfQu\u00e9 es una estaci\u00f3n FieldKit?"},"content":{"rendered":"<div>\n<div>\u00bfQu\u00e9 es una estaci\u00f3n FieldKit?<\/div>\n<div>Una estaci\u00f3n FieldKit es un sistema de sensores.<\/div>\n<div>Si quieres usar FieldKit para obtener datos ambientales, lo m\u00e1s probable es que lo primero que hagas sea comprar (o pedir prestada) una estaci\u00f3n FieldKit.<\/div>\n<div>Estaciones, m\u00f3dulos y sensores<\/div>\n<div>Una estaci\u00f3n es la central de varios m\u00f3dulos de sensores. Los m\u00f3dulos agrupan los sensores y sus datos en funci\u00f3n de los distintos factores ambientales, por ejemplo, el clima o el pH. Los sensores se encuentran ubicados f\u00edsicamente en varios lugares del hardware (en placas de circuitos o instrumentos), y el propio hardware se agrupa en productos que llamamos paquetes de sensores (sensor packs).<\/div>\n<div>Al conectar un paquete de sensores en la estaci\u00f3n, se activa el m\u00f3dulo correspondiente, y los datos ingresan al sistema de la estaci\u00f3n como parte de dicho m\u00f3dulo.<\/div>\n<div>Diagrama de una estaci\u00f3n con un m\u00f3dulo y sus sensores<\/div>\n<div>Aunque no hay un l\u00edmite en el n\u00famero de m\u00f3dulos que pueden vincularse a una estaci\u00f3n FieldKit durante la vida \u00fatil de la misma, una estaci\u00f3n cuenta con cuatro puertos para que conectes individualmente cada paquete de sensores (por medio de la placa modular) y los circuitos correspondientes con el fin de procesar y almacenar los datos que registren.<\/div>\n<div>El hardware de un m\u00f3dulo se puede cambiar en caso de que necesites reemplazar todo un paquete de sensores o solo una parte, como la placa del m\u00f3dulo.<\/div>\n<div>Ejemplo: Compro una estaci\u00f3n meteorol\u00f3gica FieldKit (la cual viene con un paquete meteorol\u00f3gico que incluye la placa del m\u00f3dulo meteorol\u00f3gico), pero, al cabo de un tiempo, empiezo a tener problemas con la placa del m\u00f3dulo meteorol\u00f3gico. FieldKit me env\u00eda una placa de repuesto para el m\u00f3dulo y, en cuanto a los datos, el mismo m\u00f3dulo meteorol\u00f3gico prosigue donde se qued\u00f3 y empieza a registrar los datos con esta nueva placa. En el portal web, veo \u00fanicamente un m\u00f3dulo meteorol\u00f3gico, pero el sistema sabe que se utilizaron dos placas modulares.<\/div>\n<div>En la mayor\u00eda de los casos, la estaci\u00f3n se encuentra dentro de una caja (case) resistente a la intemperie, lo que la mantiene seca. La caja tiene agujeros en la placa de cableado (cable plate) de la parte inferior para pasar los cables de los sensores externos. La estaci\u00f3n funciona con una bater\u00eda (battery) en el interior de la caja, y la bater\u00eda se puede cargar con un panel solar (solar panel) en el exterior de la caja o mediante una conexi\u00f3n micro-USB.<\/div>\n<div>Un sistema flexible<\/div>\n<div>El n\u00facleo (core) de una estaci\u00f3n FieldKit es el mismo, independientemente de si se utiliza para medir la calidad del agua, monitorear las condiciones meteorol\u00f3gicas locales o determinar qu\u00e9 tan limpio es el aire cerca de tu escuela local. De hecho, lo mejor de FieldKit es que una estaci\u00f3n puede ser casi cualquier cosa, dependiendo de los paquetes de sensores que le conectes en un momento dado. Puede ser una estaci\u00f3n meteorol\u00f3gica (weather station); una estaci\u00f3n hidrol\u00f3gica (water station); una estaci\u00f3n meteorol\u00f3gica e hidrol\u00f3gica; una estaci\u00f3n hidrol\u00f3gica y atmosf\u00e9rica; una estaci\u00f3n atmosf\u00e9rica y s\u00edsmica; o una estaci\u00f3n hidrol\u00f3gica, meteorol\u00f3gica, s\u00edsmica y de humedad del suelo.<\/div>\n<div>Diagrama de una estaci\u00f3n con varios m\u00f3dulos y sensores<\/div>\n<div>Lanzamos FieldKit con seis m\u00f3dulos y vendemos los paquetes de sensores correspondientes en nuestra tienda en l\u00ednea, lo que quiere decir que, con los cuatro puertos disponibles, hay casi 360 combinaciones posibles de m\u00f3dulos. Para finales de 2021, esperamos tener diez m\u00f3dulos disponibles, ofreciendo as\u00ed 540 combinaciones posibles. A medida que nuestra comunidad crezca y m\u00e1s desarrolladores contribuyan a la creaci\u00f3n de m\u00f3dulos, confiamos en que habr\u00e1 miles de posibles configuraciones para FieldKit que se podr\u00e1n armar y desplegar en el mundo.<\/div>\n<div>Y recuerda que, aunque solo hay cuatro puertos disponibles en un mismo momento, eso no significa que no puedas dar a tu estaci\u00f3n usos diferentes en momentos distintos. En cuanto a los datos, a las estaciones se les pueden vincular m\u00e1s de cuatro m\u00f3dulos durante su vida \u00fatil.<\/div>\n<div>Ejemplo: Conecto cuatro paquetes de sensores en enero (pH, ox\u00edgeno disuelto, conductividad y temperatura del agua) y luego, en agosto, decido que ya no quiero el de pH y, en su lugar, conecto un paquete de distancia. Mi estaci\u00f3n ahora tiene cinco m\u00f3dulos (solo que uno de ellos ya no recibe datos). As\u00ed que puedo acceder al portal web y revisar los datos de cinco m\u00f3dulos.<\/div>\n<div>Una estaci\u00f3n FieldKit reconoce qu\u00e9 paquetes de sensores tiene conectados. Esto quiere decir que no es necesario realizar ninguna configuraci\u00f3n adicional para a\u00f1adir o quitar un paquete de sensores. Tu estaci\u00f3n meteorol\u00f3gica puede convertirse en una estaci\u00f3n hidrol\u00f3gica con tan solo cambiar los paquetes de sensores. A\u00f1adir un paquete de sensores a una estaci\u00f3n tiene un bajo costo adicional, lo que te permite recabar m\u00e1s datos sobre un lugar con la misma cantidad de hardware.<\/div>\n<div>Datos y energ\u00eda<\/div>\n<div>En lo que respecta a los datos, nos referimos a dos cosas: las lecturas de los datos registrados por los sensores y los metadatos de la configuraci\u00f3n de los sensores. Todos los datos se almacenan en la estaci\u00f3n FieldKit. Eventualmente, si su estaci\u00f3n est\u00e1 cerca de una red WiFi, los datos se pueden subir autom\u00e1ticamente al portal web en FieldKit.org (esta funcionalidad est\u00e1 disponible pronto). Si tu estaci\u00f3n se encuentra en un lugar m\u00e1s remoto, puedes utilizar nuestra aplicaci\u00f3n (disponible para iPhone y Android) para transferir los datos y luego subirlos cuando la conexi\u00f3n te lo permita. Tambi\u00e9n puedes usar la aplicaci\u00f3n para configurar la estaci\u00f3n, por ejemplo, para cambiar la frecuencia de las mediciones o recalibrar los sensores. Tambi\u00e9n puedes supervisar el consumo de energ\u00eda, lo que resulta especialmente \u00fatil cuando la estaci\u00f3n funciona con un panel solar.<\/div>\n<div>Detalles t\u00e9cnicos<\/div>\n<div>La base de los m\u00f3dulos permite instalar hasta cuatro placas de m\u00f3dulos. Les suministra energ\u00eda, adem\u00e1s de acoplarlas mec\u00e1nicamente a la caja. La base se acopla a la placa inferior mediante un \u00fanico conector, mientras que la placa superior se conecta a la inferior a trav\u00e9s de terminales est\u00e1ndar de 0,1 pulgadas (2,54 mm).<\/div>\n<div>T\u00e9cnicamente, todas las placas de los m\u00f3dulos de una unidad FieldKit se pueden utilizar de manera independiente si sabes c\u00f3mo conectarlas a trav\u00e9s de I2C* o SPI. Sin embargo, te facilitamos mucho la obtenci\u00f3n de datos con ellas al proporcionarte la caja central: la placa superior alimentada por un microcontrolador de bajo consumo de 32 bits de la serie SAMD51P. Esto te permite almacenar los datos localmente en una tarjeta microSD o enviar los datos a trav\u00e9s de WiFi y\/o LoRa.<\/div>\n<div>Hemos dise\u00f1ado una caja a la medida y resistente a la intemperie para las estaciones FieldKit, la cual resiste el agua y los impactos. Las estaciones FieldKit se pueden colocar en otros contenedores siempre que haya superficies de montaje adecuadas.<\/div>\n<div>M\u00e1s detalles t\u00e9cnicos<\/div>\n<div>Archivos de dise\u00f1o completos para el n\u00facleo y los m\u00f3dulos del sensor FieldKit est\u00e1n disponibles en nuestro repositorio de GitHub:<\/div>\n<div>N\u00facleo: https:\/\/github.com\/fieldkit\/darwin-mcu<\/div>\n<div>Base de m\u00f3dulos: https:\/\/github.com\/fieldkit\/darwin-backplane-4<\/div>\n<div>Placa de m\u00f3dulos de ejemplo: https:\/\/github.com\/fieldkit\/darwin-weather-module<\/div>\n<div>\u00bfTienes alguna pregunta? Nos encantar\u00eda saberlo. everyone@productguide.fieldkit.org<\/div>\n<\/div>\n","protected":false},"excerpt":{"rendered":"<p>\u00bfQu\u00e9 es una estaci\u00f3n FieldKit? Una estaci\u00f3n FieldKit es un sistema de sensores. Si quieres usar FieldKit para obtener datos ambientales, lo m\u00e1s probable es que lo primero que hagas sea comprar (o pedir prestada) una estaci\u00f3n FieldKit. Estaciones, m\u00f3dulos y sensores Una estaci\u00f3n es la central de varios m\u00f3dulos de sensores. Los m\u00f3dulos agrupan [&hellip;]<\/p>\n","protected":false},"author":3,"featured_media":0,"parent":32794,"menu_order":0,"comment_status":"closed","ping_status":"closed","template":"templates\/product-guide.php","meta":{"_acf_changed":false,"footnotes":""},"class_list":["post-32809","page","type-page","status-publish","hentry"],"acf":[],"yoast_head":"<!-- This site is optimized with the Yoast SEO plugin v26.6 - https:\/\/yoast.com\/wordpress\/plugins\/seo\/ -->\n<title>\u00bfQu\u00e9 es una estaci\u00f3n FieldKit? - FieldKit<\/title>\n<meta name=\"description\" content=\"Si quieres usar FieldKit para obtener datos ambientales, lo m\u00e1s probable es que lo primero que hagas sea comprar (o pedir prestada) una estaci\u00f3n FieldKit. El n\u00facleo (core) de una estaci\u00f3n FieldKit es el mismo, independientemente de si se utiliza para medir la calidad del agua, monitorear las condiciones meteorol\u00f3gicas locales o determinar qu\u00e9 tan limpio es el aire cerca de tu escuela local.\" \/>\n<meta name=\"robots\" content=\"index, follow, max-snippet:-1, max-image-preview:large, max-video-preview:-1\" \/>\n<link rel=\"canonical\" href=\"https:\/\/productguide.fieldkit.org\/es\/ver-el-manual-de-producto\/que-es-una-estacion-fieldkit\/\" \/>\n<meta property=\"og:locale\" content=\"es_ES\" \/>\n<meta property=\"og:type\" content=\"article\" \/>\n<meta property=\"og:title\" content=\"\u00bfQu\u00e9 es una estaci\u00f3n FieldKit?\" \/>\n<meta property=\"og:description\" content=\"Si quieres usar FieldKit para obtener datos ambientales, lo m\u00e1s probable es que lo primero que hagas sea comprar (o pedir prestada) una estaci\u00f3n FieldKit. El n\u00facleo (core) de una estaci\u00f3n FieldKit es el mismo, independientemente de si se utiliza para medir la calidad del agua, monitorear las condiciones meteorol\u00f3gicas locales o determinar qu\u00e9 tan limpio es el aire cerca de tu escuela local.\" \/>\n<meta property=\"og:url\" content=\"https:\/\/productguide.fieldkit.org\/es\/ver-el-manual-de-producto\/que-es-una-estacion-fieldkit\/\" \/>\n<meta property=\"og:site_name\" content=\"FieldKit\" \/>\n<meta property=\"article:publisher\" content=\"https:\/\/www.facebook.com\/FieldKit.org\" \/>\n<meta property=\"article:modified_time\" content=\"2023-10-03T16:12:41+00:00\" \/>\n<meta property=\"og:image\" content=\"https:\/\/productguide.fieldkit.org\/wp-content\/uploads\/2020\/12\/DSC4683_edit2_2000.jpg\" \/>\n<meta name=\"twitter:card\" content=\"summary_large_image\" \/>\n<meta name=\"twitter:title\" content=\"\u00bfQu\u00e9 es una estaci\u00f3n FieldKit?\" \/>\n<meta name=\"twitter:description\" content=\"Si quieres usar FieldKit para obtener datos ambientales, lo m\u00e1s probable es que lo primero que hagas sea comprar (o pedir prestada) una estaci\u00f3n FieldKit. El n\u00facleo (core) de una estaci\u00f3n FieldKit es el mismo, independientemente de si se utiliza para medir la calidad del agua, monitorear las condiciones meteorol\u00f3gicas locales o determinar qu\u00e9 tan limpio es el aire cerca de tu escuela local.\" \/>\n<meta name=\"twitter:image\" content=\"https:\/\/productguide.fieldkit.org\/wp-content\/uploads\/2020\/12\/DSC4683_edit2_2000.jpg\" \/>\n<meta name=\"twitter:site\" content=\"@FieldKitOrg\" \/>\n<script type=\"application\/ld+json\" class=\"yoast-schema-graph\">{\"@context\":\"https:\/\/schema.org\",\"@graph\":[{\"@type\":\"WebPage\",\"@id\":\"https:\/\/productguide.fieldkit.org\/es\/ver-el-manual-de-producto\/que-es-una-estacion-fieldkit\/\",\"url\":\"https:\/\/productguide.fieldkit.org\/es\/ver-el-manual-de-producto\/que-es-una-estacion-fieldkit\/\",\"name\":\"\u00bfQu\u00e9 es una estaci\u00f3n FieldKit? - FieldKit\",\"isPartOf\":{\"@id\":\"https:\/\/productguide.fieldkit.org\/es\/#website\"},\"datePublished\":\"2020-11-06T19:25:37+00:00\",\"dateModified\":\"2023-10-03T16:12:41+00:00\",\"description\":\"Si quieres usar FieldKit para obtener datos ambientales, lo m\u00e1s probable es que lo primero que hagas sea comprar (o pedir prestada) una estaci\u00f3n FieldKit. El n\u00facleo (core) de una estaci\u00f3n FieldKit es el mismo, independientemente de si se utiliza para medir la calidad del agua, monitorear las condiciones meteorol\u00f3gicas locales o determinar qu\u00e9 tan limpio es el aire cerca de tu escuela local.\",\"breadcrumb\":{\"@id\":\"https:\/\/productguide.fieldkit.org\/es\/ver-el-manual-de-producto\/que-es-una-estacion-fieldkit\/#breadcrumb\"},\"inLanguage\":\"es\",\"potentialAction\":[{\"@type\":\"ReadAction\",\"target\":[\"https:\/\/productguide.fieldkit.org\/es\/ver-el-manual-de-producto\/que-es-una-estacion-fieldkit\/\"]}]},{\"@type\":\"BreadcrumbList\",\"@id\":\"https:\/\/productguide.fieldkit.org\/es\/ver-el-manual-de-producto\/que-es-una-estacion-fieldkit\/#breadcrumb\",\"itemListElement\":[{\"@type\":\"ListItem\",\"position\":1,\"name\":\"Home\",\"item\":\"https:\/\/productguide.fieldkit.org\/es\/\"},{\"@type\":\"ListItem\",\"position\":2,\"name\":\"Manual del producto\",\"item\":\"https:\/\/productguide.fieldkit.org\/es\/\"},{\"@type\":\"ListItem\",\"position\":3,\"name\":\"\u00bfQu\u00e9 es una estaci\u00f3n FieldKit?\"}]},{\"@type\":\"WebSite\",\"@id\":\"https:\/\/productguide.fieldkit.org\/es\/#website\",\"url\":\"https:\/\/productguide.fieldkit.org\/es\/\",\"name\":\"FieldKit\",\"description\":\"Open Environmental Sensing for Everyone\",\"publisher\":{\"@id\":\"https:\/\/productguide.fieldkit.org\/es\/#organization\"},\"potentialAction\":[{\"@type\":\"SearchAction\",\"target\":{\"@type\":\"EntryPoint\",\"urlTemplate\":\"https:\/\/productguide.fieldkit.org\/es\/?s={search_term_string}\"},\"query-input\":{\"@type\":\"PropertyValueSpecification\",\"valueRequired\":true,\"valueName\":\"search_term_string\"}}],\"inLanguage\":\"es\"},{\"@type\":\"Organization\",\"@id\":\"https:\/\/productguide.fieldkit.org\/es\/#organization\",\"name\":\"FieldKit\",\"url\":\"https:\/\/productguide.fieldkit.org\/es\/\",\"logo\":{\"@type\":\"ImageObject\",\"inLanguage\":\"es\",\"@id\":\"https:\/\/productguide.fieldkit.org\/es\/#\/schema\/logo\/image\/\",\"url\":\"https:\/\/productguide.fieldkit.org\/wp-content\/uploads\/2020\/01\/fieldkit_Logo_final.svg\",\"contentUrl\":\"https:\/\/productguide.fieldkit.org\/wp-content\/uploads\/2020\/01\/fieldkit_Logo_final.svg\",\"width\":1,\"height\":1,\"caption\":\"FieldKit\"},\"image\":{\"@id\":\"https:\/\/productguide.fieldkit.org\/es\/#\/schema\/logo\/image\/\"},\"sameAs\":[\"https:\/\/www.facebook.com\/FieldKit.org\",\"https:\/\/x.com\/FieldKitOrg\",\"https:\/\/www.instagram.com\/fieldkitorg\",\"https:\/\/www.linkedin.com\/company\/fieldkit\/\",\"https:\/\/www.youtube.com\/fieldkit\"]}]}<\/script>\n<!-- \/ Yoast SEO plugin. -->","yoast_head_json":{"title":"\u00bfQu\u00e9 es una estaci\u00f3n FieldKit? - FieldKit","description":"Si quieres usar FieldKit para obtener datos ambientales, lo m\u00e1s probable es que lo primero que hagas sea comprar (o pedir prestada) una estaci\u00f3n FieldKit. El n\u00facleo (core) de una estaci\u00f3n FieldKit es el mismo, independientemente de si se utiliza para medir la calidad del agua, monitorear las condiciones meteorol\u00f3gicas locales o determinar qu\u00e9 tan limpio es el aire cerca de tu escuela local.","robots":{"index":"index","follow":"follow","max-snippet":"max-snippet:-1","max-image-preview":"max-image-preview:large","max-video-preview":"max-video-preview:-1"},"canonical":"https:\/\/productguide.fieldkit.org\/es\/ver-el-manual-de-producto\/que-es-una-estacion-fieldkit\/","og_locale":"es_ES","og_type":"article","og_title":"\u00bfQu\u00e9 es una estaci\u00f3n FieldKit?","og_description":"Si quieres usar FieldKit para obtener datos ambientales, lo m\u00e1s probable es que lo primero que hagas sea comprar (o pedir prestada) una estaci\u00f3n FieldKit. El n\u00facleo (core) de una estaci\u00f3n FieldKit es el mismo, independientemente de si se utiliza para medir la calidad del agua, monitorear las condiciones meteorol\u00f3gicas locales o determinar qu\u00e9 tan limpio es el aire cerca de tu escuela local.","og_url":"https:\/\/productguide.fieldkit.org\/es\/ver-el-manual-de-producto\/que-es-una-estacion-fieldkit\/","og_site_name":"FieldKit","article_publisher":"https:\/\/www.facebook.com\/FieldKit.org","article_modified_time":"2023-10-03T16:12:41+00:00","og_image":[{"url":"https:\/\/productguide.fieldkit.org\/wp-content\/uploads\/2020\/12\/DSC4683_edit2_2000.jpg","type":"","width":"","height":""}],"twitter_card":"summary_large_image","twitter_title":"\u00bfQu\u00e9 es una estaci\u00f3n FieldKit?","twitter_description":"Si quieres usar FieldKit para obtener datos ambientales, lo m\u00e1s probable es que lo primero que hagas sea comprar (o pedir prestada) una estaci\u00f3n FieldKit. El n\u00facleo (core) de una estaci\u00f3n FieldKit es el mismo, independientemente de si se utiliza para medir la calidad del agua, monitorear las condiciones meteorol\u00f3gicas locales o determinar qu\u00e9 tan limpio es el aire cerca de tu escuela local.","twitter_image":"https:\/\/productguide.fieldkit.org\/wp-content\/uploads\/2020\/12\/DSC4683_edit2_2000.jpg","twitter_site":"@FieldKitOrg","schema":{"@context":"https:\/\/schema.org","@graph":[{"@type":"WebPage","@id":"https:\/\/productguide.fieldkit.org\/es\/ver-el-manual-de-producto\/que-es-una-estacion-fieldkit\/","url":"https:\/\/productguide.fieldkit.org\/es\/ver-el-manual-de-producto\/que-es-una-estacion-fieldkit\/","name":"\u00bfQu\u00e9 es una estaci\u00f3n FieldKit? - FieldKit","isPartOf":{"@id":"https:\/\/productguide.fieldkit.org\/es\/#website"},"datePublished":"2020-11-06T19:25:37+00:00","dateModified":"2023-10-03T16:12:41+00:00","description":"Si quieres usar FieldKit para obtener datos ambientales, lo m\u00e1s probable es que lo primero que hagas sea comprar (o pedir prestada) una estaci\u00f3n FieldKit. El n\u00facleo (core) de una estaci\u00f3n FieldKit es el mismo, independientemente de si se utiliza para medir la calidad del agua, monitorear las condiciones meteorol\u00f3gicas locales o determinar qu\u00e9 tan limpio es el aire cerca de tu escuela local.","breadcrumb":{"@id":"https:\/\/productguide.fieldkit.org\/es\/ver-el-manual-de-producto\/que-es-una-estacion-fieldkit\/#breadcrumb"},"inLanguage":"es","potentialAction":[{"@type":"ReadAction","target":["https:\/\/productguide.fieldkit.org\/es\/ver-el-manual-de-producto\/que-es-una-estacion-fieldkit\/"]}]},{"@type":"BreadcrumbList","@id":"https:\/\/productguide.fieldkit.org\/es\/ver-el-manual-de-producto\/que-es-una-estacion-fieldkit\/#breadcrumb","itemListElement":[{"@type":"ListItem","position":1,"name":"Home","item":"https:\/\/productguide.fieldkit.org\/es\/"},{"@type":"ListItem","position":2,"name":"Manual del producto","item":"https:\/\/productguide.fieldkit.org\/es\/"},{"@type":"ListItem","position":3,"name":"\u00bfQu\u00e9 es una estaci\u00f3n FieldKit?"}]},{"@type":"WebSite","@id":"https:\/\/productguide.fieldkit.org\/es\/#website","url":"https:\/\/productguide.fieldkit.org\/es\/","name":"FieldKit","description":"Open Environmental Sensing for Everyone","publisher":{"@id":"https:\/\/productguide.fieldkit.org\/es\/#organization"},"potentialAction":[{"@type":"SearchAction","target":{"@type":"EntryPoint","urlTemplate":"https:\/\/productguide.fieldkit.org\/es\/?s={search_term_string}"},"query-input":{"@type":"PropertyValueSpecification","valueRequired":true,"valueName":"search_term_string"}}],"inLanguage":"es"},{"@type":"Organization","@id":"https:\/\/productguide.fieldkit.org\/es\/#organization","name":"FieldKit","url":"https:\/\/productguide.fieldkit.org\/es\/","logo":{"@type":"ImageObject","inLanguage":"es","@id":"https:\/\/productguide.fieldkit.org\/es\/#\/schema\/logo\/image\/","url":"https:\/\/productguide.fieldkit.org\/wp-content\/uploads\/2020\/01\/fieldkit_Logo_final.svg","contentUrl":"https:\/\/productguide.fieldkit.org\/wp-content\/uploads\/2020\/01\/fieldkit_Logo_final.svg","width":1,"height":1,"caption":"FieldKit"},"image":{"@id":"https:\/\/productguide.fieldkit.org\/es\/#\/schema\/logo\/image\/"},"sameAs":["https:\/\/www.facebook.com\/FieldKit.org","https:\/\/x.com\/FieldKitOrg","https:\/\/www.instagram.com\/fieldkitorg","https:\/\/www.linkedin.com\/company\/fieldkit\/","https:\/\/www.youtube.com\/fieldkit"]}]}},"jetpack_sharing_enabled":true,"_links":{"self":[{"href":"https:\/\/productguide.fieldkit.org\/es\/wp-json\/wp\/v2\/pages\/32809","targetHints":{"allow":["GET"]}}],"collection":[{"href":"https:\/\/productguide.fieldkit.org\/es\/wp-json\/wp\/v2\/pages"}],"about":[{"href":"https:\/\/productguide.fieldkit.org\/es\/wp-json\/wp\/v2\/types\/page"}],"author":[{"embeddable":true,"href":"https:\/\/productguide.fieldkit.org\/es\/wp-json\/wp\/v2\/users\/3"}],"replies":[{"embeddable":true,"href":"https:\/\/productguide.fieldkit.org\/es\/wp-json\/wp\/v2\/comments?post=32809"}],"version-history":[{"count":1,"href":"https:\/\/productguide.fieldkit.org\/es\/wp-json\/wp\/v2\/pages\/32809\/revisions"}],"predecessor-version":[{"id":32943,"href":"https:\/\/productguide.fieldkit.org\/es\/wp-json\/wp\/v2\/pages\/32809\/revisions\/32943"}],"up":[{"embeddable":true,"href":"https:\/\/productguide.fieldkit.org\/es\/wp-json\/wp\/v2\/pages\/32794"}],"wp:attachment":[{"href":"https:\/\/productguide.fieldkit.org\/es\/wp-json\/wp\/v2\/media?parent=32809"}],"curies":[{"name":"wp","href":"https:\/\/api.w.org\/{rel}","templated":true}]}}