{"id":32811,"date":"2019-11-29T05:51:15","date_gmt":"2019-11-29T13:51:15","guid":{"rendered":"https:\/\/productguide.fieldkit.org\/ver-el-manual-de-producto\/instalacion-de-la-estacion-2\/"},"modified":"2024-06-04T00:54:42","modified_gmt":"2024-06-04T07:54:42","slug":"instalacion-de-la-estacion-2","status":"publish","type":"page","link":"https:\/\/productguide.fieldkit.org\/es\/ver-el-manual-de-producto\/instalacion-de-la-estacion-2\/","title":{"rendered":"Instalaci\u00f3n de la estaci\u00f3n"},"content":{"rendered":"<h1>Instalaci\u00f3n de la estaci\u00f3n<\/h1>\n<h5>Lleg\u00f3 la hora de poner tu FieldKit a funcionar y empezar a registrar datos ambientales afuera.<\/h5>\n<p>Lleva la estaci\u00f3n al lugar de instalaci\u00f3n, elige una frecuencia para la captura de datos y documenta el proceso. Cuanta m\u00e1s informaci\u00f3n recabes en fotograf\u00edas y notas de campo durante la instalaci\u00f3n, mayor ser\u00e1 el contexto con el que t\u00fa y tu equipo podr\u00e1n trabajar cuando analicen los datos posteriormente.<\/p>\n<div>\n<div>\u00a1Fija la caja a un poste o a un \u00e1rbol utilizando herramientas no invasivas para que la estaci\u00f3n est\u00e9 protegida de la intemperie y de los animales curiosos!<\/div>\n<div>2. Instala la estaci\u00f3n<\/div>\n<div>Una vez que la estaci\u00f3n est\u00e9 asegurada, revisa que los instrumentos externos como las sondas y el sistema meteorol\u00f3gico est\u00e9n colocados correctamente. Para obtener m\u00e1s informaci\u00f3n, consulta a continuaci\u00f3n nuestras instrucciones generales de mantenimiento y las gu\u00edas de instalaci\u00f3n espec\u00edficas de los sensores.<\/div>\n<div>Aseg\u00farate de que las fuentes de energ\u00eda est\u00e9n en su lugar (bater\u00eda, micro-USB o panel solar). Consulta la secci\u00f3n de instalaci\u00f3n de energ\u00eda solar para saber c\u00f3mo instalar el panel solar en caso de usar uno.<\/div>\n<div>3. Ponle un nombre a la ubicaci\u00f3n de la instalaci\u00f3n<\/div>\n<div>Ponle un nombre a la ubicaci\u00f3n dentro de la aplicaci\u00f3n para poder recordarla en el futuro. Dependiendo de la conexi\u00f3n, detectaremos tus coordenadas GPS o localizaremos tu posici\u00f3n en un mapa.<\/div>\n<div>4. Define el horario de captura de datos<\/div>\n<div>Revisa la aplicaci\u00f3n FieldKit para asegurarte de que todos los sensores siguen recibiendo datos en tiempo real. Estos datos no se est\u00e1n registrando en estos momentos. La estaci\u00f3n FieldKit no registrar\u00e1 los datos sino hasta que completes el proceso de instalaci\u00f3n y presiones \u201cGrabar Datos\u201d (\u201cRecord Data\u201d).<\/div>\n<div>Define tu horario preferido para la captura de datos. Indica cu\u00e1ndo y en qu\u00e9 intervalo se deben registrar los valores de los datos. Ten en cuenta que a intervalos m\u00e1s frecuentes de captura de datos la bater\u00eda se agotar\u00e1 m\u00e1s r\u00e1pido.<\/div>\n<div>Selecciona el tipo de horario de captura de datos que deseas:<\/div>\n<div>Horario simple para la captura de datos<\/div>\n<div>Configura la estaci\u00f3n para registrar datos en un intervalo determinado de minutos u horas. Resulta \u00fatil para proyectos que requieren una cantidad constante de datos durante un periodo de 24 horas.<\/div>\n<div>Ejemplo: Cada 5 minutos<\/div>\n<div>Ejemplo: Cada 1 hora<\/div>\n<div>Horario complejo para la captura de datos<\/div>\n<div>Configura la estaci\u00f3n para que registre los datos en uno o varios momentos espec\u00edficos del d\u00eda, cada uno de ellos con un intervalo de minutos u horas determinado. Puede ser \u00fatil para proyectos en los que la mayor\u00eda de los datos se obtienen mejor en funci\u00f3n de ciertos acontecimientos, como el amanecer o el atardecer, por lo que ahorrar\u00e1s bater\u00eda al no grabar (en absoluto o a la misma velocidad) durante todo el d\u00eda.<\/div>\n<div>Ejemplo:<\/div>\n<div>Tiempo de captura 1: Comienza a las 04:00, termina a las 07:00 y se graba cada 1 minuto<\/div>\n<div>Tiempo de captura 2: Comienza a las 07:00, termina a las 17:00 y se graba cada 1 hora<\/div>\n<div>Tiempo de captura 3: Comienza a las 17:00, termina a las 19:00 y se graba cada 1 minuto<\/div>\n<div>Tiempo de captura 4: Comienza a las 19:00, termina a las 04:00 y se graba cada 1 hora<\/div>\n<div>5. Documenta las condiciones de instalaci\u00f3n por medio de notas<\/div>\n<div>Al ofrecer algo de contexto sobre tu instalaci\u00f3n, no solo ayudas a la comunidad en general a entender mejor su entorno, sino que tambi\u00e9n ayudas a tu futuro yo y a tus compa\u00f1eros de equipo a tener una perspectiva m\u00e1s clara de los datos.<\/div>\n<div>Adem\u00e1s, si tu estaci\u00f3n presenta problemas, un poco de trabajo administrativo ahora podr\u00eda ahorrarte mucho tiempo y problemas en el futuro, especialmente si tu estaci\u00f3n FieldKit est\u00e1 instalada en un lugar remoto.<\/div>\n<div>Empieza con algunas notas. Si tienes las manos ocupadas, puedes grabarte con la aplicaci\u00f3n para registrar tus ideas del momento. Para ello, haz clic en una secci\u00f3n de las Notas de Campo y, luego, en el \u00edcono del micr\u00f3fono que se encuentra en la parte inferior derecha de la pantalla. De lo contrario, escribe notas detalladas que puedan servir de referencia para el an\u00e1lisis de los datos y para futuras visitas a la estaci\u00f3n.<\/div>\n<div>Despu\u00e9s, toma algunas fotos de tu estaci\u00f3n FieldKit ya instalada y de la zona que la rodea. \u00bfEst\u00e1 cerca de puntos de referencia? \u00bfHay alg\u00fan peligro alrededor?<\/div>\n<div>6. Presiona \u201cRecord Data\u201d para comenzar la captura de los datos<\/div>\n<div>Vuelve a verificar la p\u00e1gina de \u00abDeployment Review\u00bb (revisi\u00f3n de la instalaci\u00f3n). \u00bfLa informaci\u00f3n es correcta? Revisa todo como si fueras una versi\u00f3n futura de ti mismo o un nuevo participante en el estudio. \u00bfPodr\u00edas entenderlo todo? \u00a1Muy bien! Todo listo para comenzar a registrar datos. Haz clic en \u201cGrabar datos\u201d (\u201cRecord data\u201d).<\/div>\n<div>7. \u00a1Felicidades! Ahora registra algunos datos iniciales<\/div>\n<div>Ya est\u00e1 instalada y registrando datos. Recomendamos que te quedes a tomar algunos valores para sincronizar esa captura de datos inicial con la aplicaci\u00f3n FieldKit. Esto comprobar\u00e1 si tu FieldKit est\u00e1 registrando los datos correctamente.<\/div>\n<div>8. Lista final de tareas pendientes antes de marcharte<\/div>\n<div>Revisa que las juntas de la caja de tu FieldKit (tapa y placa de cableado) est\u00e9n bien ajustadas y planas en las ranuras, no estiradas ni retorcidas, y que la tapa est\u00e9 bien cerrada con los cierres de la tapa para lograr la m\u00e1xima resistencia al agua.<\/div>\n<div>Limpia despu\u00e9s, deja el lugar como lo encontraste y vete con la tranquilidad de que tu estaci\u00f3n est\u00e1 segura, protegida y funcionando.<\/div>\n<div>T\u00f3mate un momento para repasar nuestras instrucciones de mantenimiento, la gu\u00eda de instalaci\u00f3n espec\u00edfica de cada sensor y la lista de verificaci\u00f3n previa a la instalaci\u00f3n para asegurarte de que todo est\u00e9 listo antes de irte. No te saltes este paso.<\/div>\n<div>Instalaciones meteorol\u00f3gicas<\/div>\n<div>Estas son algunas de las cosas que debes tener en cuenta a la hora de instalar sensores meteorol\u00f3gicos.<\/div>\n<\/div>\n","protected":false},"excerpt":{"rendered":"<p>Instalaci\u00f3n de la estaci\u00f3n Lleg\u00f3 la hora de poner tu FieldKit a funcionar y empezar a registrar datos ambientales afuera. Lleva la estaci\u00f3n al lugar de instalaci\u00f3n, elige una frecuencia para la captura de datos y documenta el proceso. Cuanta m\u00e1s informaci\u00f3n recabes en fotograf\u00edas y notas de campo durante la instalaci\u00f3n, mayor ser\u00e1 el [&hellip;]<\/p>\n","protected":false},"author":5,"featured_media":0,"parent":32794,"menu_order":0,"comment_status":"closed","ping_status":"closed","template":"templates\/product-guide.php","meta":{"_acf_changed":false,"footnotes":""},"class_list":["post-32811","page","type-page","status-publish","hentry"],"acf":[],"yoast_head":"<!-- This site is optimized with the Yoast SEO plugin v26.6 - https:\/\/yoast.com\/wordpress\/plugins\/seo\/ -->\n<title>Instalaci\u00f3n de la estaci\u00f3n - FieldKit<\/title>\n<meta name=\"description\" content=\"Lleg\u00f3 la hora de poner tu FieldKit a funcionar y empezar a registrar datos ambientales afuera. Lleva la estaci\u00f3n al lugar de instalaci\u00f3n, elige una frecuencia para la captura de datos y documenta el proceso.\" \/>\n<meta name=\"robots\" content=\"index, follow, max-snippet:-1, max-image-preview:large, max-video-preview:-1\" \/>\n<link rel=\"canonical\" href=\"https:\/\/productguide.fieldkit.org\/es\/ver-el-manual-de-producto\/instalacion-de-la-estacion-2\/\" \/>\n<meta property=\"og:locale\" content=\"es_ES\" \/>\n<meta property=\"og:type\" content=\"article\" \/>\n<meta property=\"og:title\" content=\"Instalaci\u00f3n de la estaci\u00f3n - FieldKit\" \/>\n<meta property=\"og:description\" content=\"Lleg\u00f3 la hora de poner tu FieldKit a funcionar y empezar a registrar datos ambientales afuera. Lleva la estaci\u00f3n al lugar de instalaci\u00f3n, elige una frecuencia para la captura de datos y documenta el proceso.\" \/>\n<meta property=\"og:url\" content=\"https:\/\/productguide.fieldkit.org\/es\/ver-el-manual-de-producto\/instalacion-de-la-estacion-2\/\" \/>\n<meta property=\"og:site_name\" content=\"FieldKit\" \/>\n<meta property=\"article:publisher\" content=\"https:\/\/www.facebook.com\/FieldKit.org\" \/>\n<meta property=\"article:modified_time\" content=\"2024-06-04T07:54:42+00:00\" \/>\n<meta property=\"og:image\" content=\"https:\/\/productguide.fieldkit.org\/wp-content\/uploads\/2019\/11\/HowItWorks_Deploy_Station.png\" \/>\n<meta name=\"twitter:card\" content=\"summary_large_image\" \/>\n<meta name=\"twitter:title\" content=\"Instalaci\u00f3n de la estaci\u00f3n - FieldKit\" \/>\n<meta name=\"twitter:description\" content=\"Lleg\u00f3 la hora de poner tu FieldKit a funcionar y empezar a registrar datos ambientales afuera. Lleva la estaci\u00f3n al lugar de instalaci\u00f3n, elige una frecuencia para la captura de datos y documenta el proceso.\" \/>\n<meta name=\"twitter:image\" content=\"https:\/\/productguide.fieldkit.org\/wp-content\/uploads\/2019\/11\/HowItWorks_Deploy_Station.png\" \/>\n<meta name=\"twitter:site\" content=\"@FieldKitOrg\" \/>\n<script type=\"application\/ld+json\" class=\"yoast-schema-graph\">{\"@context\":\"https:\/\/schema.org\",\"@graph\":[{\"@type\":\"WebPage\",\"@id\":\"https:\/\/productguide.fieldkit.org\/es\/ver-el-manual-de-producto\/instalacion-de-la-estacion-2\/\",\"url\":\"https:\/\/productguide.fieldkit.org\/es\/ver-el-manual-de-producto\/instalacion-de-la-estacion-2\/\",\"name\":\"Instalaci\u00f3n de la estaci\u00f3n - FieldKit\",\"isPartOf\":{\"@id\":\"https:\/\/productguide.fieldkit.org\/es\/#website\"},\"datePublished\":\"2019-11-29T13:51:15+00:00\",\"dateModified\":\"2024-06-04T07:54:42+00:00\",\"description\":\"Lleg\u00f3 la hora de poner tu FieldKit a funcionar y empezar a registrar datos ambientales afuera. Lleva la estaci\u00f3n al lugar de instalaci\u00f3n, elige una frecuencia para la captura de datos y documenta el proceso.\",\"breadcrumb\":{\"@id\":\"https:\/\/productguide.fieldkit.org\/es\/ver-el-manual-de-producto\/instalacion-de-la-estacion-2\/#breadcrumb\"},\"inLanguage\":\"es\",\"potentialAction\":[{\"@type\":\"ReadAction\",\"target\":[\"https:\/\/productguide.fieldkit.org\/es\/ver-el-manual-de-producto\/instalacion-de-la-estacion-2\/\"]}]},{\"@type\":\"BreadcrumbList\",\"@id\":\"https:\/\/productguide.fieldkit.org\/es\/ver-el-manual-de-producto\/instalacion-de-la-estacion-2\/#breadcrumb\",\"itemListElement\":[{\"@type\":\"ListItem\",\"position\":1,\"name\":\"Home\",\"item\":\"https:\/\/productguide.fieldkit.org\/es\/\"},{\"@type\":\"ListItem\",\"position\":2,\"name\":\"Manual del producto\",\"item\":\"https:\/\/productguide.fieldkit.org\/es\/\"},{\"@type\":\"ListItem\",\"position\":3,\"name\":\"Instalaci\u00f3n de la estaci\u00f3n\"}]},{\"@type\":\"WebSite\",\"@id\":\"https:\/\/productguide.fieldkit.org\/es\/#website\",\"url\":\"https:\/\/productguide.fieldkit.org\/es\/\",\"name\":\"FieldKit\",\"description\":\"Open Environmental Sensing for Everyone\",\"publisher\":{\"@id\":\"https:\/\/productguide.fieldkit.org\/es\/#organization\"},\"potentialAction\":[{\"@type\":\"SearchAction\",\"target\":{\"@type\":\"EntryPoint\",\"urlTemplate\":\"https:\/\/productguide.fieldkit.org\/es\/?s={search_term_string}\"},\"query-input\":{\"@type\":\"PropertyValueSpecification\",\"valueRequired\":true,\"valueName\":\"search_term_string\"}}],\"inLanguage\":\"es\"},{\"@type\":\"Organization\",\"@id\":\"https:\/\/productguide.fieldkit.org\/es\/#organization\",\"name\":\"FieldKit\",\"url\":\"https:\/\/productguide.fieldkit.org\/es\/\",\"logo\":{\"@type\":\"ImageObject\",\"inLanguage\":\"es\",\"@id\":\"https:\/\/productguide.fieldkit.org\/es\/#\/schema\/logo\/image\/\",\"url\":\"https:\/\/productguide.fieldkit.org\/wp-content\/uploads\/2020\/01\/fieldkit_Logo_final.svg\",\"contentUrl\":\"https:\/\/productguide.fieldkit.org\/wp-content\/uploads\/2020\/01\/fieldkit_Logo_final.svg\",\"width\":1,\"height\":1,\"caption\":\"FieldKit\"},\"image\":{\"@id\":\"https:\/\/productguide.fieldkit.org\/es\/#\/schema\/logo\/image\/\"},\"sameAs\":[\"https:\/\/www.facebook.com\/FieldKit.org\",\"https:\/\/x.com\/FieldKitOrg\",\"https:\/\/www.instagram.com\/fieldkitorg\",\"https:\/\/www.linkedin.com\/company\/fieldkit\/\",\"https:\/\/www.youtube.com\/fieldkit\"]}]}<\/script>\n<!-- \/ Yoast SEO plugin. -->","yoast_head_json":{"title":"Instalaci\u00f3n de la estaci\u00f3n - FieldKit","description":"Lleg\u00f3 la hora de poner tu FieldKit a funcionar y empezar a registrar datos ambientales afuera. Lleva la estaci\u00f3n al lugar de instalaci\u00f3n, elige una frecuencia para la captura de datos y documenta el proceso.","robots":{"index":"index","follow":"follow","max-snippet":"max-snippet:-1","max-image-preview":"max-image-preview:large","max-video-preview":"max-video-preview:-1"},"canonical":"https:\/\/productguide.fieldkit.org\/es\/ver-el-manual-de-producto\/instalacion-de-la-estacion-2\/","og_locale":"es_ES","og_type":"article","og_title":"Instalaci\u00f3n de la estaci\u00f3n - FieldKit","og_description":"Lleg\u00f3 la hora de poner tu FieldKit a funcionar y empezar a registrar datos ambientales afuera. Lleva la estaci\u00f3n al lugar de instalaci\u00f3n, elige una frecuencia para la captura de datos y documenta el proceso.","og_url":"https:\/\/productguide.fieldkit.org\/es\/ver-el-manual-de-producto\/instalacion-de-la-estacion-2\/","og_site_name":"FieldKit","article_publisher":"https:\/\/www.facebook.com\/FieldKit.org","article_modified_time":"2024-06-04T07:54:42+00:00","og_image":[{"url":"https:\/\/productguide.fieldkit.org\/wp-content\/uploads\/2019\/11\/HowItWorks_Deploy_Station.png","type":"","width":"","height":""}],"twitter_card":"summary_large_image","twitter_title":"Instalaci\u00f3n de la estaci\u00f3n - FieldKit","twitter_description":"Lleg\u00f3 la hora de poner tu FieldKit a funcionar y empezar a registrar datos ambientales afuera. Lleva la estaci\u00f3n al lugar de instalaci\u00f3n, elige una frecuencia para la captura de datos y documenta el proceso.","twitter_image":"https:\/\/productguide.fieldkit.org\/wp-content\/uploads\/2019\/11\/HowItWorks_Deploy_Station.png","twitter_site":"@FieldKitOrg","schema":{"@context":"https:\/\/schema.org","@graph":[{"@type":"WebPage","@id":"https:\/\/productguide.fieldkit.org\/es\/ver-el-manual-de-producto\/instalacion-de-la-estacion-2\/","url":"https:\/\/productguide.fieldkit.org\/es\/ver-el-manual-de-producto\/instalacion-de-la-estacion-2\/","name":"Instalaci\u00f3n de la estaci\u00f3n - FieldKit","isPartOf":{"@id":"https:\/\/productguide.fieldkit.org\/es\/#website"},"datePublished":"2019-11-29T13:51:15+00:00","dateModified":"2024-06-04T07:54:42+00:00","description":"Lleg\u00f3 la hora de poner tu FieldKit a funcionar y empezar a registrar datos ambientales afuera. Lleva la estaci\u00f3n al lugar de instalaci\u00f3n, elige una frecuencia para la captura de datos y documenta el proceso.","breadcrumb":{"@id":"https:\/\/productguide.fieldkit.org\/es\/ver-el-manual-de-producto\/instalacion-de-la-estacion-2\/#breadcrumb"},"inLanguage":"es","potentialAction":[{"@type":"ReadAction","target":["https:\/\/productguide.fieldkit.org\/es\/ver-el-manual-de-producto\/instalacion-de-la-estacion-2\/"]}]},{"@type":"BreadcrumbList","@id":"https:\/\/productguide.fieldkit.org\/es\/ver-el-manual-de-producto\/instalacion-de-la-estacion-2\/#breadcrumb","itemListElement":[{"@type":"ListItem","position":1,"name":"Home","item":"https:\/\/productguide.fieldkit.org\/es\/"},{"@type":"ListItem","position":2,"name":"Manual del producto","item":"https:\/\/productguide.fieldkit.org\/es\/"},{"@type":"ListItem","position":3,"name":"Instalaci\u00f3n de la estaci\u00f3n"}]},{"@type":"WebSite","@id":"https:\/\/productguide.fieldkit.org\/es\/#website","url":"https:\/\/productguide.fieldkit.org\/es\/","name":"FieldKit","description":"Open Environmental Sensing for Everyone","publisher":{"@id":"https:\/\/productguide.fieldkit.org\/es\/#organization"},"potentialAction":[{"@type":"SearchAction","target":{"@type":"EntryPoint","urlTemplate":"https:\/\/productguide.fieldkit.org\/es\/?s={search_term_string}"},"query-input":{"@type":"PropertyValueSpecification","valueRequired":true,"valueName":"search_term_string"}}],"inLanguage":"es"},{"@type":"Organization","@id":"https:\/\/productguide.fieldkit.org\/es\/#organization","name":"FieldKit","url":"https:\/\/productguide.fieldkit.org\/es\/","logo":{"@type":"ImageObject","inLanguage":"es","@id":"https:\/\/productguide.fieldkit.org\/es\/#\/schema\/logo\/image\/","url":"https:\/\/productguide.fieldkit.org\/wp-content\/uploads\/2020\/01\/fieldkit_Logo_final.svg","contentUrl":"https:\/\/productguide.fieldkit.org\/wp-content\/uploads\/2020\/01\/fieldkit_Logo_final.svg","width":1,"height":1,"caption":"FieldKit"},"image":{"@id":"https:\/\/productguide.fieldkit.org\/es\/#\/schema\/logo\/image\/"},"sameAs":["https:\/\/www.facebook.com\/FieldKit.org","https:\/\/x.com\/FieldKitOrg","https:\/\/www.instagram.com\/fieldkitorg","https:\/\/www.linkedin.com\/company\/fieldkit\/","https:\/\/www.youtube.com\/fieldkit"]}]}},"jetpack_sharing_enabled":true,"_links":{"self":[{"href":"https:\/\/productguide.fieldkit.org\/es\/wp-json\/wp\/v2\/pages\/32811","targetHints":{"allow":["GET"]}}],"collection":[{"href":"https:\/\/productguide.fieldkit.org\/es\/wp-json\/wp\/v2\/pages"}],"about":[{"href":"https:\/\/productguide.fieldkit.org\/es\/wp-json\/wp\/v2\/types\/page"}],"author":[{"embeddable":true,"href":"https:\/\/productguide.fieldkit.org\/es\/wp-json\/wp\/v2\/users\/5"}],"replies":[{"embeddable":true,"href":"https:\/\/productguide.fieldkit.org\/es\/wp-json\/wp\/v2\/comments?post=32811"}],"version-history":[{"count":1,"href":"https:\/\/productguide.fieldkit.org\/es\/wp-json\/wp\/v2\/pages\/32811\/revisions"}],"predecessor-version":[{"id":32955,"href":"https:\/\/productguide.fieldkit.org\/es\/wp-json\/wp\/v2\/pages\/32811\/revisions\/32955"}],"up":[{"embeddable":true,"href":"https:\/\/productguide.fieldkit.org\/es\/wp-json\/wp\/v2\/pages\/32794"}],"wp:attachment":[{"href":"https:\/\/productguide.fieldkit.org\/es\/wp-json\/wp\/v2\/media?parent=32811"}],"curies":[{"name":"wp","href":"https:\/\/api.w.org\/{rel}","templated":true}]}}