{"id":32812,"date":"2019-11-29T06:30:30","date_gmt":"2019-11-29T14:30:30","guid":{"rendered":"https:\/\/productguide.fieldkit.org\/ver-el-manual-de-producto\/intercambio-de-datos\/"},"modified":"2024-04-26T15:18:52","modified_gmt":"2024-04-26T22:18:52","slug":"intercambio-de-datos","status":"publish","type":"page","link":"https:\/\/productguide.fieldkit.org\/es\/ver-el-manual-de-producto\/intercambio-de-datos\/","title":{"rendered":"Intercambio de datos"},"content":{"rendered":"<div>\n<div>Intercambio de datos<\/div>\n<div>La plataforma FieldKit es un centro para personas que se preocupan por el medio ambiente alrededor del planeta.<\/div>\n<div>Puedes compartir lo que has descubierto con tus estaciones, obtener ayuda con el an\u00e1lisis y comparar tus datos con aquellos que est\u00e1n cerca o est\u00e1n lejos.<\/div>\n<div>Cada pantalla puede compartirse como un enlace que dirige a la pantalla interactiva. Tambi\u00e9n facilitamos la descarga de tus datos, para que puedas utilizarlos en tu investigaci\u00f3n o enviarlos a colegas y colaboradores.<\/div>\n<div>Esperamos que con el tiempo puedas aprovechar las funciones que se describen a continuaci\u00f3n, pero no todas ellas han sido implementadas todav\u00eda en el portal web de FieldKit. Estamos trabajando en una mejor funcionalidad para compartir y exportar.<\/div>\n<div>1. Comparte datos con tus compa\u00f1eros de equipo y otros colaboradores<\/div>\n<div>Los datos sin procesar de los sensores se pueden compartir desde la p\u00e1gina de la estaci\u00f3n de forma segura mediante el protocolo DAT. Los datos tambi\u00e9n pueden compartirse a trav\u00e9s de \u201cvistas de datos\u201d (\u201cdata views\u201d), que ofrecen puntos o rangos de datos para compartirlos f\u00e1cilmente en las redes sociales.<\/div>\n<div>2. Exporta los datos<\/div>\n<div>Los datos de cualquier pantalla se pueden exportar en los siguientes formatos:<\/div>\n<div>CSV<\/div>\n<div>JSON Lines<\/div>\n<div>raw (pr\u00f3ximamente)<\/div>\n<div>GeoJSON (pr\u00f3ximamente)<\/div>\n<div>Informe de datos en PDF (pr\u00f3ximamente)<\/div>\n<div>Proyectos de R, D3 y Jupyter Notebook con ejemplos de c\u00f3digo funcional (pr\u00f3ximamente)<\/div>\n<div>3. Comparte en redes sociales<\/div>\n<div>Comparte un enlace en tus redes sociales para ver los datos.<\/div>\n<\/div>\n","protected":false},"excerpt":{"rendered":"<p>Intercambio de datos La plataforma FieldKit es un centro para personas que se preocupan por el medio ambiente alrededor del planeta. Puedes compartir lo que has descubierto con tus estaciones, obtener ayuda con el an\u00e1lisis y comparar tus datos con aquellos que est\u00e1n cerca o est\u00e1n lejos. Cada pantalla puede compartirse como un enlace que [&hellip;]<\/p>\n","protected":false},"author":5,"featured_media":0,"parent":32794,"menu_order":0,"comment_status":"closed","ping_status":"closed","template":"templates\/product-guide.php","meta":{"_acf_changed":false,"footnotes":""},"class_list":["post-32812","page","type-page","status-publish","hentry"],"acf":[],"yoast_head":"<!-- This site is optimized with the Yoast SEO plugin v26.6 - https:\/\/yoast.com\/wordpress\/plugins\/seo\/ -->\n<title>Intercambio de datos - FieldKit<\/title>\n<meta name=\"description\" content=\"La plataforma de FieldKit es un punto de encuentro para personas con conciencia medioambiental de todo el planeta, donde puedes compartir lo que has descubierto con tus estaciones.\" \/>\n<meta name=\"robots\" content=\"index, follow, max-snippet:-1, max-image-preview:large, max-video-preview:-1\" \/>\n<link rel=\"canonical\" href=\"https:\/\/productguide.fieldkit.org\/es\/ver-el-manual-de-producto\/intercambio-de-datos\/\" \/>\n<meta property=\"og:locale\" content=\"es_ES\" \/>\n<meta property=\"og:type\" content=\"article\" \/>\n<meta property=\"og:title\" content=\"Intercambio de datos - FieldKit\" \/>\n<meta property=\"og:description\" content=\"La plataforma FieldKit es un centro para personas que se preocupan por el medio ambiente alrededor del planeta. Puedes compartir lo que has hallado con tus estaciones, obtener ayuda para el an\u00e1lisis y comparar tus datos con los de otras estaciones cercanas y lejanas.\" \/>\n<meta property=\"og:url\" content=\"https:\/\/productguide.fieldkit.org\/es\/ver-el-manual-de-producto\/intercambio-de-datos\/\" \/>\n<meta property=\"og:site_name\" content=\"FieldKit\" \/>\n<meta property=\"article:publisher\" content=\"https:\/\/www.facebook.com\/FieldKit.org\" \/>\n<meta property=\"article:modified_time\" content=\"2024-04-26T22:18:52+00:00\" \/>\n<meta property=\"og:image\" content=\"https:\/\/productguide.fieldkit.org\/wp-content\/uploads\/2021\/02\/FieldKit-Platform_Share_Shadow-1.png\" \/>\n<meta name=\"twitter:card\" content=\"summary_large_image\" \/>\n<meta name=\"twitter:title\" content=\"Intercambio de datos - FieldKit\" \/>\n<meta name=\"twitter:description\" content=\"La plataforma FieldKit es un centro para personas que se preocupan por el medio ambiente alrededor del planeta. Puedes compartir lo que has descubierto con tus estaciones, obtener ayuda con el an\u00e1lisis y comparar tus datos con aquellos que est\u00e1n cerca o est\u00e1n lejos.\" \/>\n<meta name=\"twitter:image\" content=\"https:\/\/productguide.fieldkit.org\/wp-content\/uploads\/2021\/02\/FieldKit-Platform_Share_Shadow-1.png\" \/>\n<meta name=\"twitter:site\" content=\"@FieldKitOrg\" \/>\n<script type=\"application\/ld+json\" class=\"yoast-schema-graph\">{\"@context\":\"https:\/\/schema.org\",\"@graph\":[{\"@type\":\"WebPage\",\"@id\":\"https:\/\/productguide.fieldkit.org\/es\/ver-el-manual-de-producto\/intercambio-de-datos\/\",\"url\":\"https:\/\/productguide.fieldkit.org\/es\/ver-el-manual-de-producto\/intercambio-de-datos\/\",\"name\":\"Intercambio de datos - FieldKit\",\"isPartOf\":{\"@id\":\"https:\/\/productguide.fieldkit.org\/es\/#website\"},\"datePublished\":\"2019-11-29T14:30:30+00:00\",\"dateModified\":\"2024-04-26T22:18:52+00:00\",\"description\":\"La plataforma de FieldKit es un punto de encuentro para personas con conciencia medioambiental de todo el planeta, donde puedes compartir lo que has descubierto con tus estaciones.\",\"breadcrumb\":{\"@id\":\"https:\/\/productguide.fieldkit.org\/es\/ver-el-manual-de-producto\/intercambio-de-datos\/#breadcrumb\"},\"inLanguage\":\"es\",\"potentialAction\":[{\"@type\":\"ReadAction\",\"target\":[\"https:\/\/productguide.fieldkit.org\/es\/ver-el-manual-de-producto\/intercambio-de-datos\/\"]}]},{\"@type\":\"BreadcrumbList\",\"@id\":\"https:\/\/productguide.fieldkit.org\/es\/ver-el-manual-de-producto\/intercambio-de-datos\/#breadcrumb\",\"itemListElement\":[{\"@type\":\"ListItem\",\"position\":1,\"name\":\"Home\",\"item\":\"https:\/\/productguide.fieldkit.org\/es\/\"},{\"@type\":\"ListItem\",\"position\":2,\"name\":\"Manual del producto\",\"item\":\"https:\/\/productguide.fieldkit.org\/es\/\"},{\"@type\":\"ListItem\",\"position\":3,\"name\":\"Intercambio de datos\"}]},{\"@type\":\"WebSite\",\"@id\":\"https:\/\/productguide.fieldkit.org\/es\/#website\",\"url\":\"https:\/\/productguide.fieldkit.org\/es\/\",\"name\":\"FieldKit\",\"description\":\"Open Environmental Sensing for Everyone\",\"publisher\":{\"@id\":\"https:\/\/productguide.fieldkit.org\/es\/#organization\"},\"potentialAction\":[{\"@type\":\"SearchAction\",\"target\":{\"@type\":\"EntryPoint\",\"urlTemplate\":\"https:\/\/productguide.fieldkit.org\/es\/?s={search_term_string}\"},\"query-input\":{\"@type\":\"PropertyValueSpecification\",\"valueRequired\":true,\"valueName\":\"search_term_string\"}}],\"inLanguage\":\"es\"},{\"@type\":\"Organization\",\"@id\":\"https:\/\/productguide.fieldkit.org\/es\/#organization\",\"name\":\"FieldKit\",\"url\":\"https:\/\/productguide.fieldkit.org\/es\/\",\"logo\":{\"@type\":\"ImageObject\",\"inLanguage\":\"es\",\"@id\":\"https:\/\/productguide.fieldkit.org\/es\/#\/schema\/logo\/image\/\",\"url\":\"https:\/\/productguide.fieldkit.org\/wp-content\/uploads\/2020\/01\/fieldkit_Logo_final.svg\",\"contentUrl\":\"https:\/\/productguide.fieldkit.org\/wp-content\/uploads\/2020\/01\/fieldkit_Logo_final.svg\",\"width\":1,\"height\":1,\"caption\":\"FieldKit\"},\"image\":{\"@id\":\"https:\/\/productguide.fieldkit.org\/es\/#\/schema\/logo\/image\/\"},\"sameAs\":[\"https:\/\/www.facebook.com\/FieldKit.org\",\"https:\/\/x.com\/FieldKitOrg\",\"https:\/\/www.instagram.com\/fieldkitorg\",\"https:\/\/www.linkedin.com\/company\/fieldkit\/\",\"https:\/\/www.youtube.com\/fieldkit\"]}]}<\/script>\n<!-- \/ Yoast SEO plugin. -->","yoast_head_json":{"title":"Intercambio de datos - FieldKit","description":"La plataforma de FieldKit es un punto de encuentro para personas con conciencia medioambiental de todo el planeta, donde puedes compartir lo que has descubierto con tus estaciones.","robots":{"index":"index","follow":"follow","max-snippet":"max-snippet:-1","max-image-preview":"max-image-preview:large","max-video-preview":"max-video-preview:-1"},"canonical":"https:\/\/productguide.fieldkit.org\/es\/ver-el-manual-de-producto\/intercambio-de-datos\/","og_locale":"es_ES","og_type":"article","og_title":"Intercambio de datos - FieldKit","og_description":"La plataforma FieldKit es un centro para personas que se preocupan por el medio ambiente alrededor del planeta. Puedes compartir lo que has hallado con tus estaciones, obtener ayuda para el an\u00e1lisis y comparar tus datos con los de otras estaciones cercanas y lejanas.","og_url":"https:\/\/productguide.fieldkit.org\/es\/ver-el-manual-de-producto\/intercambio-de-datos\/","og_site_name":"FieldKit","article_publisher":"https:\/\/www.facebook.com\/FieldKit.org","article_modified_time":"2024-04-26T22:18:52+00:00","og_image":[{"url":"https:\/\/productguide.fieldkit.org\/wp-content\/uploads\/2021\/02\/FieldKit-Platform_Share_Shadow-1.png","type":"","width":"","height":""}],"twitter_card":"summary_large_image","twitter_title":"Intercambio de datos - FieldKit","twitter_description":"La plataforma FieldKit es un centro para personas que se preocupan por el medio ambiente alrededor del planeta. Puedes compartir lo que has descubierto con tus estaciones, obtener ayuda con el an\u00e1lisis y comparar tus datos con aquellos que est\u00e1n cerca o est\u00e1n lejos.","twitter_image":"https:\/\/productguide.fieldkit.org\/wp-content\/uploads\/2021\/02\/FieldKit-Platform_Share_Shadow-1.png","twitter_site":"@FieldKitOrg","schema":{"@context":"https:\/\/schema.org","@graph":[{"@type":"WebPage","@id":"https:\/\/productguide.fieldkit.org\/es\/ver-el-manual-de-producto\/intercambio-de-datos\/","url":"https:\/\/productguide.fieldkit.org\/es\/ver-el-manual-de-producto\/intercambio-de-datos\/","name":"Intercambio de datos - FieldKit","isPartOf":{"@id":"https:\/\/productguide.fieldkit.org\/es\/#website"},"datePublished":"2019-11-29T14:30:30+00:00","dateModified":"2024-04-26T22:18:52+00:00","description":"La plataforma de FieldKit es un punto de encuentro para personas con conciencia medioambiental de todo el planeta, donde puedes compartir lo que has descubierto con tus estaciones.","breadcrumb":{"@id":"https:\/\/productguide.fieldkit.org\/es\/ver-el-manual-de-producto\/intercambio-de-datos\/#breadcrumb"},"inLanguage":"es","potentialAction":[{"@type":"ReadAction","target":["https:\/\/productguide.fieldkit.org\/es\/ver-el-manual-de-producto\/intercambio-de-datos\/"]}]},{"@type":"BreadcrumbList","@id":"https:\/\/productguide.fieldkit.org\/es\/ver-el-manual-de-producto\/intercambio-de-datos\/#breadcrumb","itemListElement":[{"@type":"ListItem","position":1,"name":"Home","item":"https:\/\/productguide.fieldkit.org\/es\/"},{"@type":"ListItem","position":2,"name":"Manual del producto","item":"https:\/\/productguide.fieldkit.org\/es\/"},{"@type":"ListItem","position":3,"name":"Intercambio de datos"}]},{"@type":"WebSite","@id":"https:\/\/productguide.fieldkit.org\/es\/#website","url":"https:\/\/productguide.fieldkit.org\/es\/","name":"FieldKit","description":"Open Environmental Sensing for Everyone","publisher":{"@id":"https:\/\/productguide.fieldkit.org\/es\/#organization"},"potentialAction":[{"@type":"SearchAction","target":{"@type":"EntryPoint","urlTemplate":"https:\/\/productguide.fieldkit.org\/es\/?s={search_term_string}"},"query-input":{"@type":"PropertyValueSpecification","valueRequired":true,"valueName":"search_term_string"}}],"inLanguage":"es"},{"@type":"Organization","@id":"https:\/\/productguide.fieldkit.org\/es\/#organization","name":"FieldKit","url":"https:\/\/productguide.fieldkit.org\/es\/","logo":{"@type":"ImageObject","inLanguage":"es","@id":"https:\/\/productguide.fieldkit.org\/es\/#\/schema\/logo\/image\/","url":"https:\/\/productguide.fieldkit.org\/wp-content\/uploads\/2020\/01\/fieldkit_Logo_final.svg","contentUrl":"https:\/\/productguide.fieldkit.org\/wp-content\/uploads\/2020\/01\/fieldkit_Logo_final.svg","width":1,"height":1,"caption":"FieldKit"},"image":{"@id":"https:\/\/productguide.fieldkit.org\/es\/#\/schema\/logo\/image\/"},"sameAs":["https:\/\/www.facebook.com\/FieldKit.org","https:\/\/x.com\/FieldKitOrg","https:\/\/www.instagram.com\/fieldkitorg","https:\/\/www.linkedin.com\/company\/fieldkit\/","https:\/\/www.youtube.com\/fieldkit"]}]}},"jetpack_sharing_enabled":true,"_links":{"self":[{"href":"https:\/\/productguide.fieldkit.org\/es\/wp-json\/wp\/v2\/pages\/32812","targetHints":{"allow":["GET"]}}],"collection":[{"href":"https:\/\/productguide.fieldkit.org\/es\/wp-json\/wp\/v2\/pages"}],"about":[{"href":"https:\/\/productguide.fieldkit.org\/es\/wp-json\/wp\/v2\/types\/page"}],"author":[{"embeddable":true,"href":"https:\/\/productguide.fieldkit.org\/es\/wp-json\/wp\/v2\/users\/5"}],"replies":[{"embeddable":true,"href":"https:\/\/productguide.fieldkit.org\/es\/wp-json\/wp\/v2\/comments?post=32812"}],"version-history":[{"count":1,"href":"https:\/\/productguide.fieldkit.org\/es\/wp-json\/wp\/v2\/pages\/32812\/revisions"}],"predecessor-version":[{"id":32952,"href":"https:\/\/productguide.fieldkit.org\/es\/wp-json\/wp\/v2\/pages\/32812\/revisions\/32952"}],"up":[{"embeddable":true,"href":"https:\/\/productguide.fieldkit.org\/es\/wp-json\/wp\/v2\/pages\/32794"}],"wp:attachment":[{"href":"https:\/\/productguide.fieldkit.org\/es\/wp-json\/wp\/v2\/media?parent=32812"}],"curies":[{"name":"wp","href":"https:\/\/api.w.org\/{rel}","templated":true}]}}