{"id":32813,"date":"2020-11-16T14:40:30","date_gmt":"2020-11-16T22:40:30","guid":{"rendered":"https:\/\/productguide.fieldkit.org\/ver-el-manual-de-producto\/mantenimiento-del-fieldkit\/"},"modified":"2024-07-09T07:03:30","modified_gmt":"2024-07-09T14:03:30","slug":"mantenimiento-del-fieldkit","status":"publish","type":"page","link":"https:\/\/productguide.fieldkit.org\/es\/ver-el-manual-de-producto\/mantenimiento-del-fieldkit\/","title":{"rendered":"Mantenimiento del FieldKit"},"content":{"rendered":"<h1>Mantenimiento del FieldKit<\/h1>\n<p>Estas son algunas recomendaciones para cuidar tu FieldKit.<\/p>\n<h3>Mantenimiento general del FieldKit<\/h3>\n<h4>Intrusi\u00f3n de agua<\/h4>\n<p>Dise\u00f1amos la <a href=\"https:\/\/productguide.fieldkit.org\/es\/products\/fieldkit-case-pack\/\" target=\"_blank\" rel=\"noopener\">caja del FieldKit<\/a> para que sea sumamente resistente al agua. Sin embargo, para proteger a\u00fan m\u00e1s el hardware de tu FieldKit, te recomendamos que utilices un desecante dentro de la caja para reducir la posibilidad de da\u00f1os causados por la humedad. Recomendamos un recipiente deshumidificador reutilizable de aluminio (como los fabricados por Dry-Packs), pero cualquier desecante que no interfiera con el hardware est\u00e1 bien.<\/p>\n<h4>Colocaci\u00f3n del FieldKit<\/h4>\n<p>Para proteger el FieldKit, f\u00edjalo bien en su lugar cuando lo dejes en el campo, sobre todo si en la zona hay vientos intensos. Para garantizar la precisi\u00f3n de las mediciones con <a href=\"https:\/\/productguide.fieldkit.org\/es\/products\/fieldkit-weather\/\" target=\"_blank\" rel=\"noopener\"> la estaci\u00f3n meteorol\u00f3gica FieldKit<\/a>, el conjunto de sensores debe estar a un m\u00ednimo de cuatro metros (12 pies) del suelo con el fin de evitar los efectos de la capa l\u00edmite. Si vas a usar un panel solar, debes asegurarte de que reciba de 6 a 8 horas de sol directo todos los d\u00edas. Adem\u00e1s, te recomendamos ocultar tu FieldKit tanto como sea posible para evitar interferencias o da\u00f1os por parte de otras personas.<\/p>\n<h4>Temperaturas fr\u00edas<\/h4>\n<p>En climas muy fr\u00edos (es decir, de -20 \u00b0C o menos), la bater\u00eda del FieldKit no funcionar\u00e1 con la misma eficacia y podr\u00eda da\u00f1arse incluso por estar almacenada a estas temperaturas. La pantalla del hardware interno del FieldKit tambi\u00e9n podr\u00eda ralentizarse en condiciones de fr\u00edo extremo. Adem\u00e1s, las sondas de pH, ox\u00edgeno disuelto y conductividad que se emplean en <a href=\"https:\/\/productguide.fieldkit.org\/es\/products\/fieldkit-water\/\" target=\"_blank\" rel=\"noopener\">la estaci\u00f3n hidrol\u00f3gica de FieldKit<\/a> podr\u00edan quebrarse con las heladas, por lo que deben protegerse de la congelaci\u00f3n sumergi\u00e9ndolas en agua que no se congele durante todo el a\u00f1o. Si tienes previsto utilizar tu FieldKit durante un periodo de tiempo m\u00e1s largo en condiciones de fr\u00edo extremo, ponte en contacto con nosotros para que te recomendemos sensores y bater\u00edas alternativos que podr\u00edas probar.<\/p>\n<h4>Altas temperaturas<\/h4>\n<p>La sonda de pH puede da\u00f1arse por estar sumergida a temperaturas extremadamente altas (por ejemplo, en agua a punto de ebullici\u00f3n). Si tienes previsto utilizar tu FieldKit en agua extremadamente caliente, ponte en contacto con nosotros para que te recomendemos sensores alternativos que podr\u00edas probar.<\/p>\n<h4>Variaciones de temperatura<\/h4>\n<p>Si utilizas tu FieldKit en un entorno con una variabilidad extrema de la temperatura (por ejemplo, Death Valley, California), es posible que la caja se selle sola. Si esto pasa, no intentes abrir el FieldKit haciendo palanca con un destornillador. En vez de eso, afloja un poco las tuercas de los prensaestopas.<\/p>\n<h4>Bioincrustaciones<\/h4>\n<p>En caso de que se acumulen algas, plantas, animales o microorganismos en las piezas del FieldKit, se recomienda limpiarlas con una esponja abrasiva y un producto de limpieza biodegradable. Recomendamos el limpiador multiusos Simple Green si puedes conseguirlo.<\/p>\n<h4>Aumento del voltaje<\/h4>\n<p>Es posible utilizar fuentes de alimentaci\u00f3n externas en el FieldKit, y en condiciones extremas puede ser incluso preferible. Si decides usarla, ten en cuenta que conectar una bater\u00eda de 12 V en la terminal de la bater\u00eda har\u00e1 que falle; ser\u00e1 necesario conectarla a la terminal solar, ya que cuenta con las protecciones adecuadas para admitir ese voltaje. Si tienes pensado utilizar un panel solar distinto al ofrecido por FieldKit o quieres saber c\u00f3mo aumentar el voltaje del sistema sin sobrecargarlo, no dudes en ponerte en contacto con nosotros para que te asesoremos.<\/p>\n<h3>Mantenimiento de los cables y sensores<\/h3>\n<h4>Rotura de la sonda<\/h4>\n<p>Muchos de los sensores que se utilizan en el FieldKit son fr\u00e1giles. Las sondas de pH, conductividad y ox\u00edgeno disuelto de <a href=\"https:\/\/productguide.fieldkit.org\/es\/products\/fieldkit-water\/\" target=\"_blank\" rel=\"noopener\">la estaci\u00f3n hidrol\u00f3gica FieldKit<\/a> son propensas a romperse si se caen o se someten a temperaturas de congelaci\u00f3n. Adem\u00e1s, el anem\u00f3metro y la veleta de en <a href=\"https:\/\/productguide.fieldkit.org\/es\/products\/fieldkit-weather\/\" target=\"_blank\" rel=\"noopener\">la estaci\u00f3n meteorol\u00f3gica FieldKit<\/a> tambi\u00e9n pueden romperse.<\/p>\n<h4>Vida \u00fatil de los sensores<\/h4>\n<p>La mayor\u00eda de los sensores del FieldKit durar\u00e1n un tiempo indefinido si reciben los cuidados adecuados y una limpieza frecuente. Sin embargo, los sensores de pH y de ox\u00edgeno disuelto de la estaci\u00f3n hidrol\u00f3gica de FieldKit tienen una vida \u00fatil prevista de dos a\u00f1os cada uno. Al cabo de dos a\u00f1os, estos sensores tendr\u00e1n desviaciones significativas, de tal manera que sus mediciones podr\u00edan no ser corregidas por medio de una calibraci\u00f3n, y habr\u00e1n perdido una sensibilidad considerable.<\/p>\n<h4>Mantenimiento de los cables<\/h4>\n<p>Los cables de los sensores son un punto de desgaste importante. Los problemas m\u00e1s comunes que afectan a los cables son los da\u00f1os causados por los rayos UV y la acci\u00f3n de los animales. Si es posible poner el FieldKit a la sombra (sin tapar el panel solar, en caso de que uses uno), te recomendamos que lo hagas a fin de reducir los da\u00f1os por rayos UV en los cables. Puedes darte cuenta de la presencia de da\u00f1os por rayos UV si el aislamiento del cable se debilita o se decolora.<\/p>\n<p>A veces, los animales tambi\u00e9n muerden los cables. Para evitarlo, puedes aplicar una mezcla de vaselina (u otra sustancia grasosa) y pimienta de cayena en los cables. Esta mezcla es resistente al agua, pero puede ser necesario volver a aplicarla cada pocas semanas o meses, dependiendo del entorno. Tambi\u00e9n puedes comprar un tubo protector (tambi\u00e9n conocido como manguera met\u00e1lica) para proteger tus cables. Recomendamos utilizar una de aluminio, ya que las mangueras de acero galvanizado se corroen con el tiempo y pueden estar afiladas por dentro, lo que podr\u00eda da\u00f1ar los cables.<\/p>\n","protected":false},"excerpt":{"rendered":"<p>Mantenimiento del FieldKit Estas son algunas recomendaciones para cuidar tu FieldKit. Mantenimiento general del FieldKit Intrusi\u00f3n de agua Dise\u00f1amos la caja del FieldKit para que sea sumamente resistente al agua. Sin embargo, para proteger a\u00fan m\u00e1s el hardware de tu FieldKit, te recomendamos que utilices un desecante dentro de la caja para reducir la posibilidad [&hellip;]<\/p>\n","protected":false},"author":3,"featured_media":0,"parent":32794,"menu_order":0,"comment_status":"closed","ping_status":"closed","template":"templates\/product-guide.php","meta":{"_acf_changed":false,"footnotes":""},"class_list":["post-32813","page","type-page","status-publish","hentry"],"acf":[],"yoast_head":"<!-- This site is optimized with the Yoast SEO plugin v26.6 - https:\/\/yoast.com\/wordpress\/plugins\/seo\/ -->\n<title>Mantenimiento del FieldKit - FieldKit<\/title>\n<meta name=\"description\" content=\"Recomendaciones sobre c\u00f3mo cuidar a FieldKit, incluyendo cuidado de sondas, cuidado de cables, y resoluci\u00f3n de problemas de temperatura y agua.\" \/>\n<meta name=\"robots\" content=\"index, follow, max-snippet:-1, max-image-preview:large, max-video-preview:-1\" \/>\n<link rel=\"canonical\" href=\"https:\/\/productguide.fieldkit.org\/es\/ver-el-manual-de-producto\/mantenimiento-del-fieldkit\/\" \/>\n<meta property=\"og:locale\" content=\"es_ES\" \/>\n<meta property=\"og:type\" content=\"article\" \/>\n<meta property=\"og:title\" content=\"Mantenimiento del FieldKit\" \/>\n<meta property=\"og:description\" content=\"Recomendaciones sobre c\u00f3mo cuidar a FieldKit, incluyendo cuidado de sondas, cuidado de cables, y resoluci\u00f3n de problemas de temperatura y agua.\" \/>\n<meta property=\"og:url\" content=\"https:\/\/productguide.fieldkit.org\/es\/ver-el-manual-de-producto\/mantenimiento-del-fieldkit\/\" \/>\n<meta property=\"og:site_name\" content=\"FieldKit\" \/>\n<meta property=\"article:publisher\" content=\"https:\/\/www.facebook.com\/FieldKit.org\" \/>\n<meta property=\"article:modified_time\" content=\"2024-07-09T14:03:30+00:00\" \/>\n<meta property=\"og:image\" content=\"https:\/\/productguide.fieldkit.org\/wp-content\/uploads\/2020\/12\/Homepage_Header_Image_Final.png\" \/>\n<meta name=\"twitter:card\" content=\"summary_large_image\" \/>\n<meta name=\"twitter:title\" content=\"Mantenimiento del FieldKit\" \/>\n<meta name=\"twitter:description\" content=\"Recomendaciones sobre c\u00f3mo cuidar a FieldKit, incluyendo cuidado de sondas, cuidado de cables, y resoluci\u00f3n de problemas de temperatura y agua.\" \/>\n<meta name=\"twitter:image\" content=\"https:\/\/productguide.fieldkit.org\/wp-content\/uploads\/2020\/12\/Homepage_Header_Image_Final.png\" \/>\n<meta name=\"twitter:site\" content=\"@FieldKitOrg\" \/>\n<script type=\"application\/ld+json\" class=\"yoast-schema-graph\">{\"@context\":\"https:\/\/schema.org\",\"@graph\":[{\"@type\":\"WebPage\",\"@id\":\"https:\/\/productguide.fieldkit.org\/es\/ver-el-manual-de-producto\/mantenimiento-del-fieldkit\/\",\"url\":\"https:\/\/productguide.fieldkit.org\/es\/ver-el-manual-de-producto\/mantenimiento-del-fieldkit\/\",\"name\":\"Mantenimiento del FieldKit - FieldKit\",\"isPartOf\":{\"@id\":\"https:\/\/productguide.fieldkit.org\/es\/#website\"},\"datePublished\":\"2020-11-16T22:40:30+00:00\",\"dateModified\":\"2024-07-09T14:03:30+00:00\",\"description\":\"Recomendaciones sobre c\u00f3mo cuidar a FieldKit, incluyendo cuidado de sondas, cuidado de cables, y resoluci\u00f3n de problemas de temperatura y agua.\",\"breadcrumb\":{\"@id\":\"https:\/\/productguide.fieldkit.org\/es\/ver-el-manual-de-producto\/mantenimiento-del-fieldkit\/#breadcrumb\"},\"inLanguage\":\"es\",\"potentialAction\":[{\"@type\":\"ReadAction\",\"target\":[\"https:\/\/productguide.fieldkit.org\/es\/ver-el-manual-de-producto\/mantenimiento-del-fieldkit\/\"]}]},{\"@type\":\"BreadcrumbList\",\"@id\":\"https:\/\/productguide.fieldkit.org\/es\/ver-el-manual-de-producto\/mantenimiento-del-fieldkit\/#breadcrumb\",\"itemListElement\":[{\"@type\":\"ListItem\",\"position\":1,\"name\":\"Home\",\"item\":\"https:\/\/productguide.fieldkit.org\/es\/\"},{\"@type\":\"ListItem\",\"position\":2,\"name\":\"Manual del producto\",\"item\":\"https:\/\/productguide.fieldkit.org\/es\/\"},{\"@type\":\"ListItem\",\"position\":3,\"name\":\"Mantenimiento del FieldKit\"}]},{\"@type\":\"WebSite\",\"@id\":\"https:\/\/productguide.fieldkit.org\/es\/#website\",\"url\":\"https:\/\/productguide.fieldkit.org\/es\/\",\"name\":\"FieldKit\",\"description\":\"Open Environmental Sensing for Everyone\",\"publisher\":{\"@id\":\"https:\/\/productguide.fieldkit.org\/es\/#organization\"},\"potentialAction\":[{\"@type\":\"SearchAction\",\"target\":{\"@type\":\"EntryPoint\",\"urlTemplate\":\"https:\/\/productguide.fieldkit.org\/es\/?s={search_term_string}\"},\"query-input\":{\"@type\":\"PropertyValueSpecification\",\"valueRequired\":true,\"valueName\":\"search_term_string\"}}],\"inLanguage\":\"es\"},{\"@type\":\"Organization\",\"@id\":\"https:\/\/productguide.fieldkit.org\/es\/#organization\",\"name\":\"FieldKit\",\"url\":\"https:\/\/productguide.fieldkit.org\/es\/\",\"logo\":{\"@type\":\"ImageObject\",\"inLanguage\":\"es\",\"@id\":\"https:\/\/productguide.fieldkit.org\/es\/#\/schema\/logo\/image\/\",\"url\":\"https:\/\/productguide.fieldkit.org\/wp-content\/uploads\/2020\/01\/fieldkit_Logo_final.svg\",\"contentUrl\":\"https:\/\/productguide.fieldkit.org\/wp-content\/uploads\/2020\/01\/fieldkit_Logo_final.svg\",\"width\":1,\"height\":1,\"caption\":\"FieldKit\"},\"image\":{\"@id\":\"https:\/\/productguide.fieldkit.org\/es\/#\/schema\/logo\/image\/\"},\"sameAs\":[\"https:\/\/www.facebook.com\/FieldKit.org\",\"https:\/\/x.com\/FieldKitOrg\",\"https:\/\/www.instagram.com\/fieldkitorg\",\"https:\/\/www.linkedin.com\/company\/fieldkit\/\",\"https:\/\/www.youtube.com\/fieldkit\"]}]}<\/script>\n<!-- \/ Yoast SEO plugin. -->","yoast_head_json":{"title":"Mantenimiento del FieldKit - FieldKit","description":"Recomendaciones sobre c\u00f3mo cuidar a FieldKit, incluyendo cuidado de sondas, cuidado de cables, y resoluci\u00f3n de problemas de temperatura y agua.","robots":{"index":"index","follow":"follow","max-snippet":"max-snippet:-1","max-image-preview":"max-image-preview:large","max-video-preview":"max-video-preview:-1"},"canonical":"https:\/\/productguide.fieldkit.org\/es\/ver-el-manual-de-producto\/mantenimiento-del-fieldkit\/","og_locale":"es_ES","og_type":"article","og_title":"Mantenimiento del FieldKit","og_description":"Recomendaciones sobre c\u00f3mo cuidar a FieldKit, incluyendo cuidado de sondas, cuidado de cables, y resoluci\u00f3n de problemas de temperatura y agua.","og_url":"https:\/\/productguide.fieldkit.org\/es\/ver-el-manual-de-producto\/mantenimiento-del-fieldkit\/","og_site_name":"FieldKit","article_publisher":"https:\/\/www.facebook.com\/FieldKit.org","article_modified_time":"2024-07-09T14:03:30+00:00","og_image":[{"url":"https:\/\/productguide.fieldkit.org\/wp-content\/uploads\/2020\/12\/Homepage_Header_Image_Final.png","type":"","width":"","height":""}],"twitter_card":"summary_large_image","twitter_title":"Mantenimiento del FieldKit","twitter_description":"Recomendaciones sobre c\u00f3mo cuidar a FieldKit, incluyendo cuidado de sondas, cuidado de cables, y resoluci\u00f3n de problemas de temperatura y agua.","twitter_image":"https:\/\/productguide.fieldkit.org\/wp-content\/uploads\/2020\/12\/Homepage_Header_Image_Final.png","twitter_site":"@FieldKitOrg","schema":{"@context":"https:\/\/schema.org","@graph":[{"@type":"WebPage","@id":"https:\/\/productguide.fieldkit.org\/es\/ver-el-manual-de-producto\/mantenimiento-del-fieldkit\/","url":"https:\/\/productguide.fieldkit.org\/es\/ver-el-manual-de-producto\/mantenimiento-del-fieldkit\/","name":"Mantenimiento del FieldKit - FieldKit","isPartOf":{"@id":"https:\/\/productguide.fieldkit.org\/es\/#website"},"datePublished":"2020-11-16T22:40:30+00:00","dateModified":"2024-07-09T14:03:30+00:00","description":"Recomendaciones sobre c\u00f3mo cuidar a FieldKit, incluyendo cuidado de sondas, cuidado de cables, y resoluci\u00f3n de problemas de temperatura y agua.","breadcrumb":{"@id":"https:\/\/productguide.fieldkit.org\/es\/ver-el-manual-de-producto\/mantenimiento-del-fieldkit\/#breadcrumb"},"inLanguage":"es","potentialAction":[{"@type":"ReadAction","target":["https:\/\/productguide.fieldkit.org\/es\/ver-el-manual-de-producto\/mantenimiento-del-fieldkit\/"]}]},{"@type":"BreadcrumbList","@id":"https:\/\/productguide.fieldkit.org\/es\/ver-el-manual-de-producto\/mantenimiento-del-fieldkit\/#breadcrumb","itemListElement":[{"@type":"ListItem","position":1,"name":"Home","item":"https:\/\/productguide.fieldkit.org\/es\/"},{"@type":"ListItem","position":2,"name":"Manual del producto","item":"https:\/\/productguide.fieldkit.org\/es\/"},{"@type":"ListItem","position":3,"name":"Mantenimiento del FieldKit"}]},{"@type":"WebSite","@id":"https:\/\/productguide.fieldkit.org\/es\/#website","url":"https:\/\/productguide.fieldkit.org\/es\/","name":"FieldKit","description":"Open Environmental Sensing for Everyone","publisher":{"@id":"https:\/\/productguide.fieldkit.org\/es\/#organization"},"potentialAction":[{"@type":"SearchAction","target":{"@type":"EntryPoint","urlTemplate":"https:\/\/productguide.fieldkit.org\/es\/?s={search_term_string}"},"query-input":{"@type":"PropertyValueSpecification","valueRequired":true,"valueName":"search_term_string"}}],"inLanguage":"es"},{"@type":"Organization","@id":"https:\/\/productguide.fieldkit.org\/es\/#organization","name":"FieldKit","url":"https:\/\/productguide.fieldkit.org\/es\/","logo":{"@type":"ImageObject","inLanguage":"es","@id":"https:\/\/productguide.fieldkit.org\/es\/#\/schema\/logo\/image\/","url":"https:\/\/productguide.fieldkit.org\/wp-content\/uploads\/2020\/01\/fieldkit_Logo_final.svg","contentUrl":"https:\/\/productguide.fieldkit.org\/wp-content\/uploads\/2020\/01\/fieldkit_Logo_final.svg","width":1,"height":1,"caption":"FieldKit"},"image":{"@id":"https:\/\/productguide.fieldkit.org\/es\/#\/schema\/logo\/image\/"},"sameAs":["https:\/\/www.facebook.com\/FieldKit.org","https:\/\/x.com\/FieldKitOrg","https:\/\/www.instagram.com\/fieldkitorg","https:\/\/www.linkedin.com\/company\/fieldkit\/","https:\/\/www.youtube.com\/fieldkit"]}]}},"jetpack_sharing_enabled":true,"_links":{"self":[{"href":"https:\/\/productguide.fieldkit.org\/es\/wp-json\/wp\/v2\/pages\/32813","targetHints":{"allow":["GET"]}}],"collection":[{"href":"https:\/\/productguide.fieldkit.org\/es\/wp-json\/wp\/v2\/pages"}],"about":[{"href":"https:\/\/productguide.fieldkit.org\/es\/wp-json\/wp\/v2\/types\/page"}],"author":[{"embeddable":true,"href":"https:\/\/productguide.fieldkit.org\/es\/wp-json\/wp\/v2\/users\/3"}],"replies":[{"embeddable":true,"href":"https:\/\/productguide.fieldkit.org\/es\/wp-json\/wp\/v2\/comments?post=32813"}],"version-history":[{"count":2,"href":"https:\/\/productguide.fieldkit.org\/es\/wp-json\/wp\/v2\/pages\/32813\/revisions"}],"predecessor-version":[{"id":38832,"href":"https:\/\/productguide.fieldkit.org\/es\/wp-json\/wp\/v2\/pages\/32813\/revisions\/38832"}],"up":[{"embeddable":true,"href":"https:\/\/productguide.fieldkit.org\/es\/wp-json\/wp\/v2\/pages\/32794"}],"wp:attachment":[{"href":"https:\/\/productguide.fieldkit.org\/es\/wp-json\/wp\/v2\/media?parent=32813"}],"curies":[{"name":"wp","href":"https:\/\/api.w.org\/{rel}","templated":true}]}}