{"id":32814,"date":"2019-11-29T06:24:25","date_gmt":"2019-11-29T14:24:25","guid":{"rendered":"https:\/\/productguide.fieldkit.org\/ver-el-manual-de-producto\/analisis-de-los-datos\/"},"modified":"2024-04-26T15:10:21","modified_gmt":"2024-04-26T22:10:21","slug":"analisis-de-los-datos","status":"publish","type":"page","link":"https:\/\/productguide.fieldkit.org\/es\/ver-el-manual-de-producto\/analisis-de-los-datos\/","title":{"rendered":"An\u00e1lisis de los datos"},"content":{"rendered":"<div>\n<div>An\u00e1lisis de los datos<\/div>\n<div>Una vez que la estaci\u00f3n est\u00e9 instalada y los datos est\u00e9n sincronizados tanto con la aplicaci\u00f3n FieldKit como con el portal web de FieldKit, podr\u00e1s interactuar f\u00e1cilmente con los datos.<\/div>\n<div>Nuestra interfaz de visualizaci\u00f3n te permite detectar patrones, tendencias y anomal\u00edas, y marcarlos y compartirlos con tus colaboradores y la comunidad de FieldKit. La mejor experiencia para revisar los datos se obtiene con un equipo de escritorio.<\/div>\n<div>Esperamos que con el tiempo puedas aprovechar las funciones que se describen a continuaci\u00f3n, pero no todas ellas han sido implementadas todav\u00eda en el portal web de FieldKit. Estamos trabajando para incorporar la verificaci\u00f3n y controles de datos.<\/div>\n<div>1. Compara los datos<\/div>\n<div>La visualizaci\u00f3n de los datos permite compararlos entre periodos de tiempo en un mismo sensor o entre diferentes sensores en el mismo periodo de tiempo.<\/div>\n<div>2. Comenta sobre los datos<\/div>\n<div>Las funciones de anotaci\u00f3n te permiten marcar y compartir datos interesantes con tu equipo o con la comunidad de FieldKit en general.<\/div>\n<div>3. Verifica los datos<\/div>\n<div>Verifica la calidad de los datos comprobando los metadatos de FieldKit. Esto incluye:<\/div>\n<div>Informaci\u00f3n de procedencia<\/div>\n<div>Especificaciones de calibraci\u00f3n verificadas<\/div>\n<div>Enlaces a los detalles de la instalaci\u00f3n de la estaci\u00f3n<\/div>\n<div>4. Controla el destino de tus datos<\/div>\n<div>La vida \u00fatil de los datos no est\u00e1 vinculada a la vida \u00fatil de tu proyecto de FieldKit. Puedes:<\/div>\n<div>Respaldar los datos en tu propio dispositivo<\/div>\n<div>Controlar los permisos sobre qui\u00e9n puede acceder a los datos<\/div>\n<div>Crear redes entre pares para compartir tus datos de forma segura<\/div>\n<\/div>\n","protected":false},"excerpt":{"rendered":"<p>An\u00e1lisis de los datos Una vez que la estaci\u00f3n est\u00e9 instalada y los datos est\u00e9n sincronizados tanto con la aplicaci\u00f3n FieldKit como con el portal web de FieldKit, podr\u00e1s interactuar f\u00e1cilmente con los datos. Nuestra interfaz de visualizaci\u00f3n te permite detectar patrones, tendencias y anomal\u00edas, y marcarlos y compartirlos con tus colaboradores y la comunidad [&hellip;]<\/p>\n","protected":false},"author":5,"featured_media":0,"parent":32794,"menu_order":0,"comment_status":"closed","ping_status":"closed","template":"templates\/product-guide.php","meta":{"_acf_changed":false,"footnotes":""},"class_list":["post-32814","page","type-page","status-publish","hentry"],"acf":[],"yoast_head":"<!-- This site is optimized with the Yoast SEO plugin v26.6 - https:\/\/yoast.com\/wordpress\/plugins\/seo\/ -->\n<title>An\u00e1lisis de los datos - FieldKit<\/title>\n<meta name=\"description\" content=\"En el portal web FieldKit, puede interactuar f\u00e1cilmente con sus datos para detectar patrones, tendencias, y anomal\u00edas, y marcar y compartirlas con otros.\" \/>\n<meta name=\"robots\" content=\"index, follow, max-snippet:-1, max-image-preview:large, max-video-preview:-1\" \/>\n<link rel=\"canonical\" href=\"https:\/\/productguide.fieldkit.org\/es\/ver-el-manual-de-producto\/analisis-de-los-datos\/\" \/>\n<meta property=\"og:locale\" content=\"es_ES\" \/>\n<meta property=\"og:type\" content=\"article\" \/>\n<meta property=\"og:title\" content=\"An\u00e1lisis de los datos - FieldKit\" \/>\n<meta property=\"og:description\" content=\"Una vez que la estaci\u00f3n est\u00e9 instalada y los datos est\u00e9n sincronizados tanto con la aplicaci\u00f3n FieldKit como con el portal web de FieldKit, podr\u00e1s interactuar f\u00e1cilmente con los datos.\" \/>\n<meta property=\"og:url\" content=\"https:\/\/productguide.fieldkit.org\/es\/ver-el-manual-de-producto\/analisis-de-los-datos\/\" \/>\n<meta property=\"og:site_name\" content=\"FieldKit\" \/>\n<meta property=\"article:publisher\" content=\"https:\/\/www.facebook.com\/FieldKit.org\" \/>\n<meta property=\"article:modified_time\" content=\"2024-04-26T22:10:21+00:00\" \/>\n<meta property=\"og:image\" content=\"https:\/\/productguide.fieldkit.org\/wp-content\/uploads\/2021\/02\/FieldKit-Platform_DataViz_Shadow.png\" \/>\n<meta name=\"twitter:card\" content=\"summary_large_image\" \/>\n<meta name=\"twitter:title\" content=\"An\u00e1lisis de los datos - FieldKit\" \/>\n<meta name=\"twitter:description\" content=\"Una vez que la estaci\u00f3n est\u00e9 instalada y los datos est\u00e9n sincronizados tanto con la aplicaci\u00f3n FieldKit como con el portal web de FieldKit, podr\u00e1s interactuar f\u00e1cilmente con los datos.\" \/>\n<meta name=\"twitter:image\" content=\"https:\/\/productguide.fieldkit.org\/wp-content\/uploads\/2021\/02\/FieldKit-Platform_DataViz_Shadow.png\" \/>\n<meta name=\"twitter:site\" content=\"@FieldKitOrg\" \/>\n<script type=\"application\/ld+json\" class=\"yoast-schema-graph\">{\"@context\":\"https:\/\/schema.org\",\"@graph\":[{\"@type\":\"WebPage\",\"@id\":\"https:\/\/productguide.fieldkit.org\/es\/ver-el-manual-de-producto\/analisis-de-los-datos\/\",\"url\":\"https:\/\/productguide.fieldkit.org\/es\/ver-el-manual-de-producto\/analisis-de-los-datos\/\",\"name\":\"An\u00e1lisis de los datos - FieldKit\",\"isPartOf\":{\"@id\":\"https:\/\/productguide.fieldkit.org\/es\/#website\"},\"datePublished\":\"2019-11-29T14:24:25+00:00\",\"dateModified\":\"2024-04-26T22:10:21+00:00\",\"description\":\"En el portal web FieldKit, puede interactuar f\u00e1cilmente con sus datos para detectar patrones, tendencias, y anomal\u00edas, y marcar y compartirlas con otros.\",\"breadcrumb\":{\"@id\":\"https:\/\/productguide.fieldkit.org\/es\/ver-el-manual-de-producto\/analisis-de-los-datos\/#breadcrumb\"},\"inLanguage\":\"es\",\"potentialAction\":[{\"@type\":\"ReadAction\",\"target\":[\"https:\/\/productguide.fieldkit.org\/es\/ver-el-manual-de-producto\/analisis-de-los-datos\/\"]}]},{\"@type\":\"BreadcrumbList\",\"@id\":\"https:\/\/productguide.fieldkit.org\/es\/ver-el-manual-de-producto\/analisis-de-los-datos\/#breadcrumb\",\"itemListElement\":[{\"@type\":\"ListItem\",\"position\":1,\"name\":\"Home\",\"item\":\"https:\/\/productguide.fieldkit.org\/es\/\"},{\"@type\":\"ListItem\",\"position\":2,\"name\":\"Manual del producto\",\"item\":\"https:\/\/productguide.fieldkit.org\/es\/\"},{\"@type\":\"ListItem\",\"position\":3,\"name\":\"An\u00e1lisis de los datos\"}]},{\"@type\":\"WebSite\",\"@id\":\"https:\/\/productguide.fieldkit.org\/es\/#website\",\"url\":\"https:\/\/productguide.fieldkit.org\/es\/\",\"name\":\"FieldKit\",\"description\":\"Open Environmental Sensing for Everyone\",\"publisher\":{\"@id\":\"https:\/\/productguide.fieldkit.org\/es\/#organization\"},\"potentialAction\":[{\"@type\":\"SearchAction\",\"target\":{\"@type\":\"EntryPoint\",\"urlTemplate\":\"https:\/\/productguide.fieldkit.org\/es\/?s={search_term_string}\"},\"query-input\":{\"@type\":\"PropertyValueSpecification\",\"valueRequired\":true,\"valueName\":\"search_term_string\"}}],\"inLanguage\":\"es\"},{\"@type\":\"Organization\",\"@id\":\"https:\/\/productguide.fieldkit.org\/es\/#organization\",\"name\":\"FieldKit\",\"url\":\"https:\/\/productguide.fieldkit.org\/es\/\",\"logo\":{\"@type\":\"ImageObject\",\"inLanguage\":\"es\",\"@id\":\"https:\/\/productguide.fieldkit.org\/es\/#\/schema\/logo\/image\/\",\"url\":\"https:\/\/productguide.fieldkit.org\/wp-content\/uploads\/2020\/01\/fieldkit_Logo_final.svg\",\"contentUrl\":\"https:\/\/productguide.fieldkit.org\/wp-content\/uploads\/2020\/01\/fieldkit_Logo_final.svg\",\"width\":1,\"height\":1,\"caption\":\"FieldKit\"},\"image\":{\"@id\":\"https:\/\/productguide.fieldkit.org\/es\/#\/schema\/logo\/image\/\"},\"sameAs\":[\"https:\/\/www.facebook.com\/FieldKit.org\",\"https:\/\/x.com\/FieldKitOrg\",\"https:\/\/www.instagram.com\/fieldkitorg\",\"https:\/\/www.linkedin.com\/company\/fieldkit\/\",\"https:\/\/www.youtube.com\/fieldkit\"]}]}<\/script>\n<!-- \/ Yoast SEO plugin. -->","yoast_head_json":{"title":"An\u00e1lisis de los datos - FieldKit","description":"En el portal web FieldKit, puede interactuar f\u00e1cilmente con sus datos para detectar patrones, tendencias, y anomal\u00edas, y marcar y compartirlas con otros.","robots":{"index":"index","follow":"follow","max-snippet":"max-snippet:-1","max-image-preview":"max-image-preview:large","max-video-preview":"max-video-preview:-1"},"canonical":"https:\/\/productguide.fieldkit.org\/es\/ver-el-manual-de-producto\/analisis-de-los-datos\/","og_locale":"es_ES","og_type":"article","og_title":"An\u00e1lisis de los datos - FieldKit","og_description":"Una vez que la estaci\u00f3n est\u00e9 instalada y los datos est\u00e9n sincronizados tanto con la aplicaci\u00f3n FieldKit como con el portal web de FieldKit, podr\u00e1s interactuar f\u00e1cilmente con los datos.","og_url":"https:\/\/productguide.fieldkit.org\/es\/ver-el-manual-de-producto\/analisis-de-los-datos\/","og_site_name":"FieldKit","article_publisher":"https:\/\/www.facebook.com\/FieldKit.org","article_modified_time":"2024-04-26T22:10:21+00:00","og_image":[{"url":"https:\/\/productguide.fieldkit.org\/wp-content\/uploads\/2021\/02\/FieldKit-Platform_DataViz_Shadow.png","type":"","width":"","height":""}],"twitter_card":"summary_large_image","twitter_title":"An\u00e1lisis de los datos - FieldKit","twitter_description":"Una vez que la estaci\u00f3n est\u00e9 instalada y los datos est\u00e9n sincronizados tanto con la aplicaci\u00f3n FieldKit como con el portal web de FieldKit, podr\u00e1s interactuar f\u00e1cilmente con los datos.","twitter_image":"https:\/\/productguide.fieldkit.org\/wp-content\/uploads\/2021\/02\/FieldKit-Platform_DataViz_Shadow.png","twitter_site":"@FieldKitOrg","schema":{"@context":"https:\/\/schema.org","@graph":[{"@type":"WebPage","@id":"https:\/\/productguide.fieldkit.org\/es\/ver-el-manual-de-producto\/analisis-de-los-datos\/","url":"https:\/\/productguide.fieldkit.org\/es\/ver-el-manual-de-producto\/analisis-de-los-datos\/","name":"An\u00e1lisis de los datos - FieldKit","isPartOf":{"@id":"https:\/\/productguide.fieldkit.org\/es\/#website"},"datePublished":"2019-11-29T14:24:25+00:00","dateModified":"2024-04-26T22:10:21+00:00","description":"En el portal web FieldKit, puede interactuar f\u00e1cilmente con sus datos para detectar patrones, tendencias, y anomal\u00edas, y marcar y compartirlas con otros.","breadcrumb":{"@id":"https:\/\/productguide.fieldkit.org\/es\/ver-el-manual-de-producto\/analisis-de-los-datos\/#breadcrumb"},"inLanguage":"es","potentialAction":[{"@type":"ReadAction","target":["https:\/\/productguide.fieldkit.org\/es\/ver-el-manual-de-producto\/analisis-de-los-datos\/"]}]},{"@type":"BreadcrumbList","@id":"https:\/\/productguide.fieldkit.org\/es\/ver-el-manual-de-producto\/analisis-de-los-datos\/#breadcrumb","itemListElement":[{"@type":"ListItem","position":1,"name":"Home","item":"https:\/\/productguide.fieldkit.org\/es\/"},{"@type":"ListItem","position":2,"name":"Manual del producto","item":"https:\/\/productguide.fieldkit.org\/es\/"},{"@type":"ListItem","position":3,"name":"An\u00e1lisis de los datos"}]},{"@type":"WebSite","@id":"https:\/\/productguide.fieldkit.org\/es\/#website","url":"https:\/\/productguide.fieldkit.org\/es\/","name":"FieldKit","description":"Open Environmental Sensing for Everyone","publisher":{"@id":"https:\/\/productguide.fieldkit.org\/es\/#organization"},"potentialAction":[{"@type":"SearchAction","target":{"@type":"EntryPoint","urlTemplate":"https:\/\/productguide.fieldkit.org\/es\/?s={search_term_string}"},"query-input":{"@type":"PropertyValueSpecification","valueRequired":true,"valueName":"search_term_string"}}],"inLanguage":"es"},{"@type":"Organization","@id":"https:\/\/productguide.fieldkit.org\/es\/#organization","name":"FieldKit","url":"https:\/\/productguide.fieldkit.org\/es\/","logo":{"@type":"ImageObject","inLanguage":"es","@id":"https:\/\/productguide.fieldkit.org\/es\/#\/schema\/logo\/image\/","url":"https:\/\/productguide.fieldkit.org\/wp-content\/uploads\/2020\/01\/fieldkit_Logo_final.svg","contentUrl":"https:\/\/productguide.fieldkit.org\/wp-content\/uploads\/2020\/01\/fieldkit_Logo_final.svg","width":1,"height":1,"caption":"FieldKit"},"image":{"@id":"https:\/\/productguide.fieldkit.org\/es\/#\/schema\/logo\/image\/"},"sameAs":["https:\/\/www.facebook.com\/FieldKit.org","https:\/\/x.com\/FieldKitOrg","https:\/\/www.instagram.com\/fieldkitorg","https:\/\/www.linkedin.com\/company\/fieldkit\/","https:\/\/www.youtube.com\/fieldkit"]}]}},"jetpack_sharing_enabled":true,"_links":{"self":[{"href":"https:\/\/productguide.fieldkit.org\/es\/wp-json\/wp\/v2\/pages\/32814","targetHints":{"allow":["GET"]}}],"collection":[{"href":"https:\/\/productguide.fieldkit.org\/es\/wp-json\/wp\/v2\/pages"}],"about":[{"href":"https:\/\/productguide.fieldkit.org\/es\/wp-json\/wp\/v2\/types\/page"}],"author":[{"embeddable":true,"href":"https:\/\/productguide.fieldkit.org\/es\/wp-json\/wp\/v2\/users\/5"}],"replies":[{"embeddable":true,"href":"https:\/\/productguide.fieldkit.org\/es\/wp-json\/wp\/v2\/comments?post=32814"}],"version-history":[{"count":1,"href":"https:\/\/productguide.fieldkit.org\/es\/wp-json\/wp\/v2\/pages\/32814\/revisions"}],"predecessor-version":[{"id":32953,"href":"https:\/\/productguide.fieldkit.org\/es\/wp-json\/wp\/v2\/pages\/32814\/revisions\/32953"}],"up":[{"embeddable":true,"href":"https:\/\/productguide.fieldkit.org\/es\/wp-json\/wp\/v2\/pages\/32794"}],"wp:attachment":[{"href":"https:\/\/productguide.fieldkit.org\/es\/wp-json\/wp\/v2\/media?parent=32814"}],"curies":[{"name":"wp","href":"https:\/\/api.w.org\/{rel}","templated":true}]}}