{"id":32815,"date":"2019-11-29T07:08:57","date_gmt":"2019-11-29T15:08:57","guid":{"rendered":"https:\/\/productguide.fieldkit.org\/ver-el-manual-de-producto\/interactua-con-la-comunidad-de-fieldkit\/"},"modified":"2023-10-03T09:46:47","modified_gmt":"2023-10-03T16:46:47","slug":"interactua-con-la-comunidad-de-fieldkit","status":"publish","type":"page","link":"https:\/\/productguide.fieldkit.org\/es\/ver-el-manual-de-producto\/interactua-con-la-comunidad-de-fieldkit\/","title":{"rendered":"Interact\u00faa con la comunidad de FieldKit"},"content":{"rendered":"<h1>Interact\u00faa con la comunidad de FieldKit<\/h1>\n<h5>Los datos funcionan mejor juntos.<\/h5>\n<p>FieldKit se dedica a apoyar una fuerte comunidad de usuarios y desarrolladores, construyendo tanto conexiones locales como globales. En la <a href=\"https:\/\/productguide.fieldkit.org\/es\/plataforma-fieldkit\/\" target=\"_blank\" rel=\"noopener\">plataforma de FieldKit<\/a>, puedes participar en discusiones con cient\u00edficos, educadores, expertos en tecnolog\u00eda y personas curiosas, los cuales trabajan para documentar los cambios constantes de nuestro entorno y promueven un futuro mejor.<\/p>\n<p><img loading=\"lazy\" decoding=\"async\" class=\"alignnone size-medium wp-image-6756\" src=\"https:\/\/productguide.fieldkit.org\/wp-content\/uploads\/2021\/03\/Portal_Product_Guide_Commmunity-1280x1420.png\" alt=\"Comunidad\" width=\"1280\" height=\"1420\" srcset=\"https:\/\/productguide.fieldkit.org\/wp-content\/uploads\/2021\/03\/Portal_Product_Guide_Commmunity-1280x1420.png 1280w, https:\/\/productguide.fieldkit.org\/wp-content\/uploads\/2021\/03\/Portal_Product_Guide_Commmunity-335x372.png 335w, https:\/\/productguide.fieldkit.org\/wp-content\/uploads\/2021\/03\/Portal_Product_Guide_Commmunity-600x665.png 600w, https:\/\/productguide.fieldkit.org\/wp-content\/uploads\/2021\/03\/Portal_Product_Guide_Commmunity-1440x1597.png 1440w, https:\/\/productguide.fieldkit.org\/wp-content\/uploads\/2021\/03\/Portal_Product_Guide_Commmunity-480x532.png 480w, https:\/\/productguide.fieldkit.org\/wp-content\/uploads\/2021\/03\/Portal_Product_Guide_Commmunity-768x852.png 768w, https:\/\/productguide.fieldkit.org\/wp-content\/uploads\/2021\/03\/Portal_Product_Guide_Commmunity-1385x1536.png 1385w, https:\/\/productguide.fieldkit.org\/wp-content\/uploads\/2021\/03\/Portal_Product_Guide_Commmunity.png 1468w\" sizes=\"auto, (max-width: 1280px) 100vw, 1280px\" \/><\/p>\n<p>Invitamos a todos los miembros de la comunidad de FieldKit (usuarios, investigadores, entusiastas y cualquier otra persona interesada) a participar en el <a href=\"https:\/\/community.fieldkit.org\/\" target=\"_blank\" rel=\"noopener\">foro de la comunidad de FieldKit<\/a>. Juntos, nuestros miembros comparten recursos, hacen preguntas, reflexionan sobre los problemas, colaboran con nuevas ideas y trabajan para crear un mundo mejor. Como usuario de FieldKit, tambi\u00e9n es un buen lugar para aprender de otras personas que usan la tecnolog\u00eda de FieldKit.<\/p>\n<p>Al unirte al foro, tendr\u00e1s acceso a un espacio principal de la comunidad\/Main Community Hub (para discusiones generales), as\u00ed como a un espacio de ayuda de FieldKit\/FieldKit Help (para solucionar problemas espec\u00edficos que tengas con tu estaci\u00f3n, la aplicaci\u00f3n o el portal). Cada d\u00eda se suman m\u00e1s contenidos, miembros y temas al foro, \u00a1as\u00ed que vis\u00edtalo con frecuencia!<\/p>\n<p><img loading=\"lazy\" decoding=\"async\" class=\"wp-image-6758 alignnone\" src=\"https:\/\/productguide.fieldkit.org\/wp-content\/uploads\/2021\/03\/Screen-Shot-2021-03-04-at-4.21.26-PM-1280x821.png\" alt=\"Comunidad\" width=\"836\" height=\"536\" srcset=\"https:\/\/productguide.fieldkit.org\/wp-content\/uploads\/2021\/03\/Screen-Shot-2021-03-04-at-4.21.26-PM-1280x821.png 1280w, https:\/\/productguide.fieldkit.org\/wp-content\/uploads\/2021\/03\/Screen-Shot-2021-03-04-at-4.21.26-PM-335x215.png 335w, https:\/\/productguide.fieldkit.org\/wp-content\/uploads\/2021\/03\/Screen-Shot-2021-03-04-at-4.21.26-PM-600x385.png 600w, https:\/\/productguide.fieldkit.org\/wp-content\/uploads\/2021\/03\/Screen-Shot-2021-03-04-at-4.21.26-PM-1440x923.png 1440w, https:\/\/productguide.fieldkit.org\/wp-content\/uploads\/2021\/03\/Screen-Shot-2021-03-04-at-4.21.26-PM-480x308.png 480w, https:\/\/productguide.fieldkit.org\/wp-content\/uploads\/2021\/03\/Screen-Shot-2021-03-04-at-4.21.26-PM-768x492.png 768w, https:\/\/productguide.fieldkit.org\/wp-content\/uploads\/2021\/03\/Screen-Shot-2021-03-04-at-4.21.26-PM-1536x985.png 1536w, https:\/\/productguide.fieldkit.org\/wp-content\/uploads\/2021\/03\/Screen-Shot-2021-03-04-at-4.21.26-PM-2048x1313.png 2048w\" sizes=\"auto, (max-width: 836px) 100vw, 836px\" \/><\/p>\n","protected":false},"excerpt":{"rendered":"<p>Interact\u00faa con la comunidad de FieldKit Los datos funcionan mejor juntos. FieldKit se dedica a apoyar una fuerte comunidad de usuarios y desarrolladores, construyendo tanto conexiones locales como globales. En la plataforma de FieldKit, puedes participar en discusiones con cient\u00edficos, educadores, expertos en tecnolog\u00eda y personas curiosas, los cuales trabajan para documentar los cambios constantes [&hellip;]<\/p>\n","protected":false},"author":5,"featured_media":0,"parent":32794,"menu_order":0,"comment_status":"closed","ping_status":"closed","template":"templates\/product-guide.php","meta":{"_acf_changed":false,"footnotes":""},"class_list":["post-32815","page","type-page","status-publish","hentry"],"acf":[],"yoast_head":"<!-- This site is optimized with the Yoast SEO plugin v26.6 - https:\/\/yoast.com\/wordpress\/plugins\/seo\/ -->\n<title>Interact\u00faa con la comunidad de FieldKit - FieldKit<\/title>\n<meta name=\"description\" content=\"FieldKit se dedica a apoyar una s\u00f3lida comunidad de usuarios y desarrolladores, forjando v\u00ednculos tanto locales como globales.\" \/>\n<meta name=\"robots\" content=\"index, follow, max-snippet:-1, max-image-preview:large, max-video-preview:-1\" \/>\n<link rel=\"canonical\" href=\"https:\/\/productguide.fieldkit.org\/es\/ver-el-manual-de-producto\/interactua-con-la-comunidad-de-fieldkit\/\" \/>\n<meta property=\"og:locale\" content=\"es_ES\" \/>\n<meta property=\"og:type\" content=\"article\" \/>\n<meta property=\"og:title\" content=\"Interact\u00faa con la comunidad de FieldKit\" \/>\n<meta property=\"og:description\" content=\"En la plataforma de FieldKit, puedes participar en discusiones con cient\u00edficos, educadores, expertos en tecnolog\u00eda y personas curiosas, los cuales trabajan para documentar los cambios constantes de nuestro entorno y promueven un futuro mejor.\" \/>\n<meta property=\"og:url\" content=\"https:\/\/productguide.fieldkit.org\/es\/ver-el-manual-de-producto\/interactua-con-la-comunidad-de-fieldkit\/\" \/>\n<meta property=\"og:site_name\" content=\"FieldKit\" \/>\n<meta property=\"article:publisher\" content=\"https:\/\/www.facebook.com\/FieldKit.org\" \/>\n<meta property=\"article:modified_time\" content=\"2023-10-03T16:46:47+00:00\" \/>\n<meta property=\"og:image\" content=\"https:\/\/productguide.fieldkit.org\/wp-content\/uploads\/2020\/05\/About_03_A_community-2x.png\" \/>\n<meta name=\"twitter:card\" content=\"summary_large_image\" \/>\n<meta name=\"twitter:title\" content=\"Interact\u00faa con la comunidad de FieldKit\" \/>\n<meta name=\"twitter:description\" content=\"En la plataforma de FieldKit, puedes participar en discusiones con cient\u00edficos, educadores, expertos en tecnolog\u00eda y personas curiosas, los cuales trabajan para documentar los cambios constantes de nuestro entorno y promueven un futuro mejor.\" \/>\n<meta name=\"twitter:image\" content=\"https:\/\/productguide.fieldkit.org\/wp-content\/uploads\/2020\/05\/About_03_A_community-2x.png\" \/>\n<meta name=\"twitter:site\" content=\"@FieldKitOrg\" \/>\n<script type=\"application\/ld+json\" class=\"yoast-schema-graph\">{\"@context\":\"https:\/\/schema.org\",\"@graph\":[{\"@type\":\"WebPage\",\"@id\":\"https:\/\/productguide.fieldkit.org\/es\/ver-el-manual-de-producto\/interactua-con-la-comunidad-de-fieldkit\/\",\"url\":\"https:\/\/productguide.fieldkit.org\/es\/ver-el-manual-de-producto\/interactua-con-la-comunidad-de-fieldkit\/\",\"name\":\"Interact\u00faa con la comunidad de FieldKit - FieldKit\",\"isPartOf\":{\"@id\":\"https:\/\/productguide.fieldkit.org\/es\/#website\"},\"primaryImageOfPage\":{\"@id\":\"https:\/\/productguide.fieldkit.org\/es\/ver-el-manual-de-producto\/interactua-con-la-comunidad-de-fieldkit\/#primaryimage\"},\"image\":{\"@id\":\"https:\/\/productguide.fieldkit.org\/es\/ver-el-manual-de-producto\/interactua-con-la-comunidad-de-fieldkit\/#primaryimage\"},\"thumbnailUrl\":\"https:\/\/productguide.fieldkit.org\/wp-content\/uploads\/2021\/03\/Portal_Product_Guide_Commmunity-1280x1420.png\",\"datePublished\":\"2019-11-29T15:08:57+00:00\",\"dateModified\":\"2023-10-03T16:46:47+00:00\",\"description\":\"FieldKit se dedica a apoyar una s\u00f3lida comunidad de usuarios y desarrolladores, forjando v\u00ednculos tanto locales como globales.\",\"breadcrumb\":{\"@id\":\"https:\/\/productguide.fieldkit.org\/es\/ver-el-manual-de-producto\/interactua-con-la-comunidad-de-fieldkit\/#breadcrumb\"},\"inLanguage\":\"es\",\"potentialAction\":[{\"@type\":\"ReadAction\",\"target\":[\"https:\/\/productguide.fieldkit.org\/es\/ver-el-manual-de-producto\/interactua-con-la-comunidad-de-fieldkit\/\"]}]},{\"@type\":\"ImageObject\",\"inLanguage\":\"es\",\"@id\":\"https:\/\/productguide.fieldkit.org\/es\/ver-el-manual-de-producto\/interactua-con-la-comunidad-de-fieldkit\/#primaryimage\",\"url\":\"https:\/\/productguide.fieldkit.org\/wp-content\/uploads\/2021\/03\/Portal_Product_Guide_Commmunity-1280x1420.png\",\"contentUrl\":\"https:\/\/productguide.fieldkit.org\/wp-content\/uploads\/2021\/03\/Portal_Product_Guide_Commmunity-1280x1420.png\"},{\"@type\":\"BreadcrumbList\",\"@id\":\"https:\/\/productguide.fieldkit.org\/es\/ver-el-manual-de-producto\/interactua-con-la-comunidad-de-fieldkit\/#breadcrumb\",\"itemListElement\":[{\"@type\":\"ListItem\",\"position\":1,\"name\":\"Home\",\"item\":\"https:\/\/productguide.fieldkit.org\/es\/\"},{\"@type\":\"ListItem\",\"position\":2,\"name\":\"Manual del producto\",\"item\":\"https:\/\/productguide.fieldkit.org\/es\/\"},{\"@type\":\"ListItem\",\"position\":3,\"name\":\"Interact\u00faa con la comunidad de FieldKit\"}]},{\"@type\":\"WebSite\",\"@id\":\"https:\/\/productguide.fieldkit.org\/es\/#website\",\"url\":\"https:\/\/productguide.fieldkit.org\/es\/\",\"name\":\"FieldKit\",\"description\":\"Open Environmental Sensing for Everyone\",\"publisher\":{\"@id\":\"https:\/\/productguide.fieldkit.org\/es\/#organization\"},\"potentialAction\":[{\"@type\":\"SearchAction\",\"target\":{\"@type\":\"EntryPoint\",\"urlTemplate\":\"https:\/\/productguide.fieldkit.org\/es\/?s={search_term_string}\"},\"query-input\":{\"@type\":\"PropertyValueSpecification\",\"valueRequired\":true,\"valueName\":\"search_term_string\"}}],\"inLanguage\":\"es\"},{\"@type\":\"Organization\",\"@id\":\"https:\/\/productguide.fieldkit.org\/es\/#organization\",\"name\":\"FieldKit\",\"url\":\"https:\/\/productguide.fieldkit.org\/es\/\",\"logo\":{\"@type\":\"ImageObject\",\"inLanguage\":\"es\",\"@id\":\"https:\/\/productguide.fieldkit.org\/es\/#\/schema\/logo\/image\/\",\"url\":\"https:\/\/productguide.fieldkit.org\/wp-content\/uploads\/2020\/01\/fieldkit_Logo_final.svg\",\"contentUrl\":\"https:\/\/productguide.fieldkit.org\/wp-content\/uploads\/2020\/01\/fieldkit_Logo_final.svg\",\"width\":1,\"height\":1,\"caption\":\"FieldKit\"},\"image\":{\"@id\":\"https:\/\/productguide.fieldkit.org\/es\/#\/schema\/logo\/image\/\"},\"sameAs\":[\"https:\/\/www.facebook.com\/FieldKit.org\",\"https:\/\/x.com\/FieldKitOrg\",\"https:\/\/www.instagram.com\/fieldkitorg\",\"https:\/\/www.linkedin.com\/company\/fieldkit\/\",\"https:\/\/www.youtube.com\/fieldkit\"]}]}<\/script>\n<!-- \/ Yoast SEO plugin. -->","yoast_head_json":{"title":"Interact\u00faa con la comunidad de FieldKit - FieldKit","description":"FieldKit se dedica a apoyar una s\u00f3lida comunidad de usuarios y desarrolladores, forjando v\u00ednculos tanto locales como globales.","robots":{"index":"index","follow":"follow","max-snippet":"max-snippet:-1","max-image-preview":"max-image-preview:large","max-video-preview":"max-video-preview:-1"},"canonical":"https:\/\/productguide.fieldkit.org\/es\/ver-el-manual-de-producto\/interactua-con-la-comunidad-de-fieldkit\/","og_locale":"es_ES","og_type":"article","og_title":"Interact\u00faa con la comunidad de FieldKit","og_description":"En la plataforma de FieldKit, puedes participar en discusiones con cient\u00edficos, educadores, expertos en tecnolog\u00eda y personas curiosas, los cuales trabajan para documentar los cambios constantes de nuestro entorno y promueven un futuro mejor.","og_url":"https:\/\/productguide.fieldkit.org\/es\/ver-el-manual-de-producto\/interactua-con-la-comunidad-de-fieldkit\/","og_site_name":"FieldKit","article_publisher":"https:\/\/www.facebook.com\/FieldKit.org","article_modified_time":"2023-10-03T16:46:47+00:00","og_image":[{"url":"https:\/\/productguide.fieldkit.org\/wp-content\/uploads\/2020\/05\/About_03_A_community-2x.png","type":"","width":"","height":""}],"twitter_card":"summary_large_image","twitter_title":"Interact\u00faa con la comunidad de FieldKit","twitter_description":"En la plataforma de FieldKit, puedes participar en discusiones con cient\u00edficos, educadores, expertos en tecnolog\u00eda y personas curiosas, los cuales trabajan para documentar los cambios constantes de nuestro entorno y promueven un futuro mejor.","twitter_image":"https:\/\/productguide.fieldkit.org\/wp-content\/uploads\/2020\/05\/About_03_A_community-2x.png","twitter_site":"@FieldKitOrg","schema":{"@context":"https:\/\/schema.org","@graph":[{"@type":"WebPage","@id":"https:\/\/productguide.fieldkit.org\/es\/ver-el-manual-de-producto\/interactua-con-la-comunidad-de-fieldkit\/","url":"https:\/\/productguide.fieldkit.org\/es\/ver-el-manual-de-producto\/interactua-con-la-comunidad-de-fieldkit\/","name":"Interact\u00faa con la comunidad de FieldKit - FieldKit","isPartOf":{"@id":"https:\/\/productguide.fieldkit.org\/es\/#website"},"primaryImageOfPage":{"@id":"https:\/\/productguide.fieldkit.org\/es\/ver-el-manual-de-producto\/interactua-con-la-comunidad-de-fieldkit\/#primaryimage"},"image":{"@id":"https:\/\/productguide.fieldkit.org\/es\/ver-el-manual-de-producto\/interactua-con-la-comunidad-de-fieldkit\/#primaryimage"},"thumbnailUrl":"https:\/\/productguide.fieldkit.org\/wp-content\/uploads\/2021\/03\/Portal_Product_Guide_Commmunity-1280x1420.png","datePublished":"2019-11-29T15:08:57+00:00","dateModified":"2023-10-03T16:46:47+00:00","description":"FieldKit se dedica a apoyar una s\u00f3lida comunidad de usuarios y desarrolladores, forjando v\u00ednculos tanto locales como globales.","breadcrumb":{"@id":"https:\/\/productguide.fieldkit.org\/es\/ver-el-manual-de-producto\/interactua-con-la-comunidad-de-fieldkit\/#breadcrumb"},"inLanguage":"es","potentialAction":[{"@type":"ReadAction","target":["https:\/\/productguide.fieldkit.org\/es\/ver-el-manual-de-producto\/interactua-con-la-comunidad-de-fieldkit\/"]}]},{"@type":"ImageObject","inLanguage":"es","@id":"https:\/\/productguide.fieldkit.org\/es\/ver-el-manual-de-producto\/interactua-con-la-comunidad-de-fieldkit\/#primaryimage","url":"https:\/\/productguide.fieldkit.org\/wp-content\/uploads\/2021\/03\/Portal_Product_Guide_Commmunity-1280x1420.png","contentUrl":"https:\/\/productguide.fieldkit.org\/wp-content\/uploads\/2021\/03\/Portal_Product_Guide_Commmunity-1280x1420.png"},{"@type":"BreadcrumbList","@id":"https:\/\/productguide.fieldkit.org\/es\/ver-el-manual-de-producto\/interactua-con-la-comunidad-de-fieldkit\/#breadcrumb","itemListElement":[{"@type":"ListItem","position":1,"name":"Home","item":"https:\/\/productguide.fieldkit.org\/es\/"},{"@type":"ListItem","position":2,"name":"Manual del producto","item":"https:\/\/productguide.fieldkit.org\/es\/"},{"@type":"ListItem","position":3,"name":"Interact\u00faa con la comunidad de FieldKit"}]},{"@type":"WebSite","@id":"https:\/\/productguide.fieldkit.org\/es\/#website","url":"https:\/\/productguide.fieldkit.org\/es\/","name":"FieldKit","description":"Open Environmental Sensing for Everyone","publisher":{"@id":"https:\/\/productguide.fieldkit.org\/es\/#organization"},"potentialAction":[{"@type":"SearchAction","target":{"@type":"EntryPoint","urlTemplate":"https:\/\/productguide.fieldkit.org\/es\/?s={search_term_string}"},"query-input":{"@type":"PropertyValueSpecification","valueRequired":true,"valueName":"search_term_string"}}],"inLanguage":"es"},{"@type":"Organization","@id":"https:\/\/productguide.fieldkit.org\/es\/#organization","name":"FieldKit","url":"https:\/\/productguide.fieldkit.org\/es\/","logo":{"@type":"ImageObject","inLanguage":"es","@id":"https:\/\/productguide.fieldkit.org\/es\/#\/schema\/logo\/image\/","url":"https:\/\/productguide.fieldkit.org\/wp-content\/uploads\/2020\/01\/fieldkit_Logo_final.svg","contentUrl":"https:\/\/productguide.fieldkit.org\/wp-content\/uploads\/2020\/01\/fieldkit_Logo_final.svg","width":1,"height":1,"caption":"FieldKit"},"image":{"@id":"https:\/\/productguide.fieldkit.org\/es\/#\/schema\/logo\/image\/"},"sameAs":["https:\/\/www.facebook.com\/FieldKit.org","https:\/\/x.com\/FieldKitOrg","https:\/\/www.instagram.com\/fieldkitorg","https:\/\/www.linkedin.com\/company\/fieldkit\/","https:\/\/www.youtube.com\/fieldkit"]}]}},"jetpack_sharing_enabled":true,"_links":{"self":[{"href":"https:\/\/productguide.fieldkit.org\/es\/wp-json\/wp\/v2\/pages\/32815","targetHints":{"allow":["GET"]}}],"collection":[{"href":"https:\/\/productguide.fieldkit.org\/es\/wp-json\/wp\/v2\/pages"}],"about":[{"href":"https:\/\/productguide.fieldkit.org\/es\/wp-json\/wp\/v2\/types\/page"}],"author":[{"embeddable":true,"href":"https:\/\/productguide.fieldkit.org\/es\/wp-json\/wp\/v2\/users\/5"}],"replies":[{"embeddable":true,"href":"https:\/\/productguide.fieldkit.org\/es\/wp-json\/wp\/v2\/comments?post=32815"}],"version-history":[{"count":1,"href":"https:\/\/productguide.fieldkit.org\/es\/wp-json\/wp\/v2\/pages\/32815\/revisions"}],"predecessor-version":[{"id":32951,"href":"https:\/\/productguide.fieldkit.org\/es\/wp-json\/wp\/v2\/pages\/32815\/revisions\/32951"}],"up":[{"embeddable":true,"href":"https:\/\/productguide.fieldkit.org\/es\/wp-json\/wp\/v2\/pages\/32794"}],"wp:attachment":[{"href":"https:\/\/productguide.fieldkit.org\/es\/wp-json\/wp\/v2\/media?parent=32815"}],"curies":[{"name":"wp","href":"https:\/\/api.w.org\/{rel}","templated":true}]}}