{"id":32821,"date":"2021-01-31T09:06:16","date_gmt":"2021-01-31T17:06:16","guid":{"rendered":"https:\/\/productguide.fieldkit.org\/ver-el-manual-de-producto\/seguridad\/"},"modified":"2024-06-04T06:36:45","modified_gmt":"2024-06-04T13:36:45","slug":"seguridad","status":"publish","type":"page","link":"https:\/\/productguide.fieldkit.org\/es\/ver-el-manual-de-producto\/seguridad\/","title":{"rendered":"Seguridad"},"content":{"rendered":"<div>\n<div>Seguridad de la estaci\u00f3n<\/div>\n<div>Evita las l\u00edneas el\u00e9ctricas<\/div>\n<div>Evita instalar el FieldKit cerca de l\u00edneas el\u00e9ctricas u otros servicios p\u00fablicos.<\/div>\n<div>La placa de cableado debe ir hacia abajo<\/div>\n<div>Evita instalar el FieldKit con la placa de cableado orientada en cualquier direcci\u00f3n que no sea hacia abajo, con el fin de evitar que entre agua.<\/div>\n<div>Cierra bien los broches del FieldKit<\/div>\n<div>Aseg\u00farate de cerrar bien los broches de la caja despu\u00e9s de trabajar en los componentes internos del FieldKit.<\/div>\n<div>Adquiere un adaptador MicroSD<\/div>\n<div>Es recomendable que adquieras un cable adaptador de microSD a SD para facilitar el mantenimiento de la tarjeta microSD y para que sea m\u00e1s f\u00e1cil encontrar la tarjeta si se te cae.<\/div>\n<div>Revisa la conexi\u00f3n de la bater\u00eda<\/div>\n<div>Revisa las bater\u00edas para asegurarte de que los conectores tengan la polaridad correcta: el rojo es (+) y el negro es (-).<\/div>\n<div>Sujeta la estaci\u00f3n de forma segura<\/div>\n<div>Si instalas el FieldKit en un \u00e1rbol, un poste o en cualquier lugar a m\u00e1s de dos metros del suelo, aseg\u00farate de que los puntos de anclaje est\u00e9n asegurados.<\/div>\n<div>Protege los cables de los sensores<\/div>\n<div>Aseg\u00farate de usar alg\u00fan tipo de protecci\u00f3n (como una manguera para cables, un protector de cables o una mezcla de grasa y pimienta de cayena) en los cables de los sensores para que los animales no los muerdan.<\/div>\n<div>Consulta nuestras instrucciones de mantenimiento para obtener m\u00e1s informaci\u00f3n.<\/div>\n<div>Seguridad personal<\/div>\n<div>Usa un casco<\/div>\n<div>Si vas a instalar el FieldKit por encima de la altura de tu cabeza, usa un casco.<\/div>\n<div>Revisa la exposici\u00f3n del voltaje<\/div>\n<div>Si vas a suministrar energ\u00eda a tu FieldKit en el exterior, aseg\u00farate de que la parte de baja tensi\u00f3n de CC sea la que est\u00e9 expuesta a la intemperie, y no el lado del enchufe de pared (alta tensi\u00f3n de CA).<\/div>\n<div>Obt\u00e9n los permisos para la instalaci\u00f3n<\/div>\n<div>Siempre hay que obtener el permiso para instalar el FieldKit en un lugar determinado.<\/div>\n<div>Protege las bater\u00edas<\/div>\n<div>No cortes ni perfores las bater\u00edas.<\/div>\n<div>No viajes solo(a)<\/div>\n<div>Dile a alguien a ad\u00f3nde vas, especialmente si vas a ir a un lugar remoto.<\/div>\n<div>Prep\u00e1rate para el entorno<\/div>\n<div>Respeta la naturaleza: Ten cuidado con los terrenos dif\u00edciles y los animales peligrosos.<\/div>\n<\/div>\n","protected":false},"excerpt":{"rendered":"<p>Seguridad de la estaci\u00f3n Evita las l\u00edneas el\u00e9ctricas Evita instalar el FieldKit cerca de l\u00edneas el\u00e9ctricas u otros servicios p\u00fablicos. La placa de cableado debe ir hacia abajo Evita instalar el FieldKit con la placa de cableado orientada en cualquier direcci\u00f3n que no sea hacia abajo, con el fin de evitar que entre agua. Cierra [&hellip;]<\/p>\n","protected":false},"author":3,"featured_media":0,"parent":32794,"menu_order":0,"comment_status":"closed","ping_status":"closed","template":"templates\/product-guide.php","meta":{"_acf_changed":false,"footnotes":""},"class_list":["post-32821","page","type-page","status-publish","hentry"],"acf":[],"yoast_head":"<!-- This site is optimized with the Yoast SEO plugin v26.6 - https:\/\/yoast.com\/wordpress\/plugins\/seo\/ -->\n<title>Seguridad - FieldKit<\/title>\n<meta name=\"description\" content=\"Consejos para la seguridad personal y de la estaci\u00f3n en el campo mientras te utilizas FieldKit.\" \/>\n<meta name=\"robots\" content=\"index, follow, max-snippet:-1, max-image-preview:large, max-video-preview:-1\" \/>\n<link rel=\"canonical\" href=\"https:\/\/productguide.fieldkit.org\/es\/ver-el-manual-de-producto\/seguridad\/\" \/>\n<meta property=\"og:locale\" content=\"es_ES\" \/>\n<meta property=\"og:type\" content=\"article\" \/>\n<meta property=\"og:title\" content=\"Seguridad - FieldKit\" \/>\n<meta property=\"og:description\" content=\"Consejos para la seguridad en el campo mientras te utilizas FieldKit. Debes investigar y planificar con anticipaci\u00f3n, pero estas son algunas sugerencias que te ayudar\u00e1n a orientarte.\" \/>\n<meta property=\"og:url\" content=\"https:\/\/productguide.fieldkit.org\/es\/ver-el-manual-de-producto\/seguridad\/\" \/>\n<meta property=\"og:site_name\" content=\"FieldKit\" \/>\n<meta property=\"article:publisher\" content=\"https:\/\/www.facebook.com\/FieldKit.org\" \/>\n<meta property=\"article:modified_time\" content=\"2024-06-04T13:36:45+00:00\" \/>\n<meta property=\"og:image\" content=\"https:\/\/productguide.fieldkit.org\/wp-content\/uploads\/2021\/01\/DSC4484_edit-copy-scaled.jpg\" \/>\n<meta name=\"twitter:card\" content=\"summary_large_image\" \/>\n<meta name=\"twitter:title\" content=\"Seguridad - FieldKit\" \/>\n<meta name=\"twitter:description\" content=\"Consejos para la seguridad en el campo mientras te utilizas FieldKit. Debes investigar y planificar con anticipaci\u00f3n, pero estas son algunas sugerencias que te ayudar\u00e1n a orientarte.\" \/>\n<meta name=\"twitter:image\" content=\"https:\/\/productguide.fieldkit.org\/wp-content\/uploads\/2021\/01\/DSC4484_edit-copy-scaled.jpg\" \/>\n<meta name=\"twitter:site\" content=\"@FieldKitOrg\" \/>\n<script type=\"application\/ld+json\" class=\"yoast-schema-graph\">{\"@context\":\"https:\/\/schema.org\",\"@graph\":[{\"@type\":\"WebPage\",\"@id\":\"https:\/\/productguide.fieldkit.org\/es\/ver-el-manual-de-producto\/seguridad\/\",\"url\":\"https:\/\/productguide.fieldkit.org\/es\/ver-el-manual-de-producto\/seguridad\/\",\"name\":\"Seguridad - FieldKit\",\"isPartOf\":{\"@id\":\"https:\/\/productguide.fieldkit.org\/es\/#website\"},\"datePublished\":\"2021-01-31T17:06:16+00:00\",\"dateModified\":\"2024-06-04T13:36:45+00:00\",\"description\":\"Consejos para la seguridad personal y de la estaci\u00f3n en el campo mientras te utilizas FieldKit.\",\"breadcrumb\":{\"@id\":\"https:\/\/productguide.fieldkit.org\/es\/ver-el-manual-de-producto\/seguridad\/#breadcrumb\"},\"inLanguage\":\"es\",\"potentialAction\":[{\"@type\":\"ReadAction\",\"target\":[\"https:\/\/productguide.fieldkit.org\/es\/ver-el-manual-de-producto\/seguridad\/\"]}]},{\"@type\":\"BreadcrumbList\",\"@id\":\"https:\/\/productguide.fieldkit.org\/es\/ver-el-manual-de-producto\/seguridad\/#breadcrumb\",\"itemListElement\":[{\"@type\":\"ListItem\",\"position\":1,\"name\":\"Home\",\"item\":\"https:\/\/productguide.fieldkit.org\/es\/\"},{\"@type\":\"ListItem\",\"position\":2,\"name\":\"Manual del producto\",\"item\":\"https:\/\/productguide.fieldkit.org\/es\/\"},{\"@type\":\"ListItem\",\"position\":3,\"name\":\"Seguridad\"}]},{\"@type\":\"WebSite\",\"@id\":\"https:\/\/productguide.fieldkit.org\/es\/#website\",\"url\":\"https:\/\/productguide.fieldkit.org\/es\/\",\"name\":\"FieldKit\",\"description\":\"Open Environmental Sensing for Everyone\",\"publisher\":{\"@id\":\"https:\/\/productguide.fieldkit.org\/es\/#organization\"},\"potentialAction\":[{\"@type\":\"SearchAction\",\"target\":{\"@type\":\"EntryPoint\",\"urlTemplate\":\"https:\/\/productguide.fieldkit.org\/es\/?s={search_term_string}\"},\"query-input\":{\"@type\":\"PropertyValueSpecification\",\"valueRequired\":true,\"valueName\":\"search_term_string\"}}],\"inLanguage\":\"es\"},{\"@type\":\"Organization\",\"@id\":\"https:\/\/productguide.fieldkit.org\/es\/#organization\",\"name\":\"FieldKit\",\"url\":\"https:\/\/productguide.fieldkit.org\/es\/\",\"logo\":{\"@type\":\"ImageObject\",\"inLanguage\":\"es\",\"@id\":\"https:\/\/productguide.fieldkit.org\/es\/#\/schema\/logo\/image\/\",\"url\":\"https:\/\/productguide.fieldkit.org\/wp-content\/uploads\/2020\/01\/fieldkit_Logo_final.svg\",\"contentUrl\":\"https:\/\/productguide.fieldkit.org\/wp-content\/uploads\/2020\/01\/fieldkit_Logo_final.svg\",\"width\":1,\"height\":1,\"caption\":\"FieldKit\"},\"image\":{\"@id\":\"https:\/\/productguide.fieldkit.org\/es\/#\/schema\/logo\/image\/\"},\"sameAs\":[\"https:\/\/www.facebook.com\/FieldKit.org\",\"https:\/\/x.com\/FieldKitOrg\",\"https:\/\/www.instagram.com\/fieldkitorg\",\"https:\/\/www.linkedin.com\/company\/fieldkit\/\",\"https:\/\/www.youtube.com\/fieldkit\"]}]}<\/script>\n<!-- \/ Yoast SEO plugin. -->","yoast_head_json":{"title":"Seguridad - FieldKit","description":"Consejos para la seguridad personal y de la estaci\u00f3n en el campo mientras te utilizas FieldKit.","robots":{"index":"index","follow":"follow","max-snippet":"max-snippet:-1","max-image-preview":"max-image-preview:large","max-video-preview":"max-video-preview:-1"},"canonical":"https:\/\/productguide.fieldkit.org\/es\/ver-el-manual-de-producto\/seguridad\/","og_locale":"es_ES","og_type":"article","og_title":"Seguridad - FieldKit","og_description":"Consejos para la seguridad en el campo mientras te utilizas FieldKit. Debes investigar y planificar con anticipaci\u00f3n, pero estas son algunas sugerencias que te ayudar\u00e1n a orientarte.","og_url":"https:\/\/productguide.fieldkit.org\/es\/ver-el-manual-de-producto\/seguridad\/","og_site_name":"FieldKit","article_publisher":"https:\/\/www.facebook.com\/FieldKit.org","article_modified_time":"2024-06-04T13:36:45+00:00","og_image":[{"url":"https:\/\/productguide.fieldkit.org\/wp-content\/uploads\/2021\/01\/DSC4484_edit-copy-scaled.jpg","type":"","width":"","height":""}],"twitter_card":"summary_large_image","twitter_title":"Seguridad - FieldKit","twitter_description":"Consejos para la seguridad en el campo mientras te utilizas FieldKit. Debes investigar y planificar con anticipaci\u00f3n, pero estas son algunas sugerencias que te ayudar\u00e1n a orientarte.","twitter_image":"https:\/\/productguide.fieldkit.org\/wp-content\/uploads\/2021\/01\/DSC4484_edit-copy-scaled.jpg","twitter_site":"@FieldKitOrg","schema":{"@context":"https:\/\/schema.org","@graph":[{"@type":"WebPage","@id":"https:\/\/productguide.fieldkit.org\/es\/ver-el-manual-de-producto\/seguridad\/","url":"https:\/\/productguide.fieldkit.org\/es\/ver-el-manual-de-producto\/seguridad\/","name":"Seguridad - FieldKit","isPartOf":{"@id":"https:\/\/productguide.fieldkit.org\/es\/#website"},"datePublished":"2021-01-31T17:06:16+00:00","dateModified":"2024-06-04T13:36:45+00:00","description":"Consejos para la seguridad personal y de la estaci\u00f3n en el campo mientras te utilizas FieldKit.","breadcrumb":{"@id":"https:\/\/productguide.fieldkit.org\/es\/ver-el-manual-de-producto\/seguridad\/#breadcrumb"},"inLanguage":"es","potentialAction":[{"@type":"ReadAction","target":["https:\/\/productguide.fieldkit.org\/es\/ver-el-manual-de-producto\/seguridad\/"]}]},{"@type":"BreadcrumbList","@id":"https:\/\/productguide.fieldkit.org\/es\/ver-el-manual-de-producto\/seguridad\/#breadcrumb","itemListElement":[{"@type":"ListItem","position":1,"name":"Home","item":"https:\/\/productguide.fieldkit.org\/es\/"},{"@type":"ListItem","position":2,"name":"Manual del producto","item":"https:\/\/productguide.fieldkit.org\/es\/"},{"@type":"ListItem","position":3,"name":"Seguridad"}]},{"@type":"WebSite","@id":"https:\/\/productguide.fieldkit.org\/es\/#website","url":"https:\/\/productguide.fieldkit.org\/es\/","name":"FieldKit","description":"Open Environmental Sensing for Everyone","publisher":{"@id":"https:\/\/productguide.fieldkit.org\/es\/#organization"},"potentialAction":[{"@type":"SearchAction","target":{"@type":"EntryPoint","urlTemplate":"https:\/\/productguide.fieldkit.org\/es\/?s={search_term_string}"},"query-input":{"@type":"PropertyValueSpecification","valueRequired":true,"valueName":"search_term_string"}}],"inLanguage":"es"},{"@type":"Organization","@id":"https:\/\/productguide.fieldkit.org\/es\/#organization","name":"FieldKit","url":"https:\/\/productguide.fieldkit.org\/es\/","logo":{"@type":"ImageObject","inLanguage":"es","@id":"https:\/\/productguide.fieldkit.org\/es\/#\/schema\/logo\/image\/","url":"https:\/\/productguide.fieldkit.org\/wp-content\/uploads\/2020\/01\/fieldkit_Logo_final.svg","contentUrl":"https:\/\/productguide.fieldkit.org\/wp-content\/uploads\/2020\/01\/fieldkit_Logo_final.svg","width":1,"height":1,"caption":"FieldKit"},"image":{"@id":"https:\/\/productguide.fieldkit.org\/es\/#\/schema\/logo\/image\/"},"sameAs":["https:\/\/www.facebook.com\/FieldKit.org","https:\/\/x.com\/FieldKitOrg","https:\/\/www.instagram.com\/fieldkitorg","https:\/\/www.linkedin.com\/company\/fieldkit\/","https:\/\/www.youtube.com\/fieldkit"]}]}},"jetpack_sharing_enabled":true,"_links":{"self":[{"href":"https:\/\/productguide.fieldkit.org\/es\/wp-json\/wp\/v2\/pages\/32821","targetHints":{"allow":["GET"]}}],"collection":[{"href":"https:\/\/productguide.fieldkit.org\/es\/wp-json\/wp\/v2\/pages"}],"about":[{"href":"https:\/\/productguide.fieldkit.org\/es\/wp-json\/wp\/v2\/types\/page"}],"author":[{"embeddable":true,"href":"https:\/\/productguide.fieldkit.org\/es\/wp-json\/wp\/v2\/users\/3"}],"replies":[{"embeddable":true,"href":"https:\/\/productguide.fieldkit.org\/es\/wp-json\/wp\/v2\/comments?post=32821"}],"version-history":[{"count":1,"href":"https:\/\/productguide.fieldkit.org\/es\/wp-json\/wp\/v2\/pages\/32821\/revisions"}],"predecessor-version":[{"id":32828,"href":"https:\/\/productguide.fieldkit.org\/es\/wp-json\/wp\/v2\/pages\/32821\/revisions\/32828"}],"up":[{"embeddable":true,"href":"https:\/\/productguide.fieldkit.org\/es\/wp-json\/wp\/v2\/pages\/32794"}],"wp:attachment":[{"href":"https:\/\/productguide.fieldkit.org\/es\/wp-json\/wp\/v2\/media?parent=32821"}],"curies":[{"name":"wp","href":"https:\/\/api.w.org\/{rel}","templated":true}]}}