{"id":32824,"date":"2021-02-01T17:53:01","date_gmt":"2021-02-02T01:53:01","guid":{"rendered":"https:\/\/productguide.fieldkit.org\/ver-el-manual-de-producto\/plan-de-gestion-de-datos\/"},"modified":"2023-10-03T09:45:45","modified_gmt":"2023-10-03T16:45:45","slug":"plan-de-gestion-de-datos","status":"publish","type":"page","link":"https:\/\/productguide.fieldkit.org\/es\/ver-el-manual-de-producto\/plan-de-gestion-de-datos\/","title":{"rendered":"Plan de gesti\u00f3n de datos"},"content":{"rendered":"<h1>Plan de gesti\u00f3n de datos<\/h1>\n<p>Los tipos de datos generados y\/o utilizados en este proyecto incluyen entradas de bases de datos JSON representativas de las condiciones ambientales, incluidas una o m\u00e1s de las siguientes:<\/p>\n<ul>\n<li>pH<\/li>\n<li>Conductividad el\u00e9ctrica (\u03bcS\/cm)<\/li>\n<li>Temperatura del agua (\u00b0C)<\/li>\n<li>Ox\u00edgeno disuelto (mg\/L)<\/li>\n<li>Distancia (m)<\/li>\n<li>Velocidad del viento (m\/s)<\/li>\n<li>Direcci\u00f3n del viento (\u00b0)<\/li>\n<li>Temperatura del aire (\u00b0C)<\/li>\n<li>Humedad relativa (%HR)<\/li>\n<li>Presi\u00f3n barom\u00e9trica (kPa)<\/li>\n<li>Ubicaci\u00f3n (Lat.\/Long., DegDec, WGS84)<\/li>\n<\/ul>\n<p>Estas se encuentran en el <a href=\"https:\/\/portal.fieldkit.org\" target=\"_blank\" rel=\"noopener\">portal web de FieldKit<\/a> y se conservan hasta que el usuario las elimine. Todos los datos ser\u00e1n privados para el usuario a menos que el usuario los haga p\u00fablicos expl\u00edcitamente. No se generar\u00e1n cargos por dejar los datos en los servidores de FieldKit.<\/p>\n","protected":false},"excerpt":{"rendered":"<p>Plan de gesti\u00f3n de datos Los tipos de datos generados y\/o utilizados en este proyecto incluyen entradas de bases de datos JSON representativas de las condiciones ambientales, incluidas una o m\u00e1s de las siguientes: pH Conductividad el\u00e9ctrica (\u03bcS\/cm) Temperatura del agua (\u00b0C) Ox\u00edgeno disuelto (mg\/L) Distancia (m) Velocidad del viento (m\/s) Direcci\u00f3n del viento (\u00b0) [&hellip;]<\/p>\n","protected":false},"author":3,"featured_media":0,"parent":32794,"menu_order":0,"comment_status":"closed","ping_status":"closed","template":"templates\/product-guide.php","meta":{"_acf_changed":false,"footnotes":""},"class_list":["post-32824","page","type-page","status-publish","hentry"],"acf":[],"yoast_head":"<!-- This site is optimized with the Yoast SEO plugin v26.6 - https:\/\/yoast.com\/wordpress\/plugins\/seo\/ -->\n<title>Plan de gesti\u00f3n de datos - FieldKit<\/title>\n<meta name=\"description\" content=\"Los tipos de datos generados y\/o utilizados en este proyecto incluyen entradas de bases de datos JSON representativas de las condiciones ambientales. Todos los datos ser\u00e1n privados para el usuario a menos que el usuario los haga p\u00fablicos expl\u00edcitamente.\" \/>\n<meta name=\"robots\" content=\"index, follow, max-snippet:-1, max-image-preview:large, max-video-preview:-1\" \/>\n<link rel=\"canonical\" href=\"https:\/\/productguide.fieldkit.org\/es\/ver-el-manual-de-producto\/plan-de-gestion-de-datos\/\" \/>\n<meta property=\"og:locale\" content=\"es_ES\" \/>\n<meta property=\"og:type\" content=\"article\" \/>\n<meta property=\"og:title\" content=\"Plan de gesti\u00f3n de datos - FieldKit\" \/>\n<meta property=\"og:description\" content=\"Los tipos de datos generados y\/o utilizados en este proyecto incluyen entradas de bases de datos JSON representativas de las condiciones ambientales. Todos los datos ser\u00e1n privados para el usuario a menos que el usuario los haga p\u00fablicos expl\u00edcitamente.\" \/>\n<meta property=\"og:url\" content=\"https:\/\/productguide.fieldkit.org\/es\/ver-el-manual-de-producto\/plan-de-gestion-de-datos\/\" \/>\n<meta property=\"og:site_name\" content=\"FieldKit\" \/>\n<meta property=\"article:publisher\" content=\"https:\/\/www.facebook.com\/FieldKit.org\" \/>\n<meta property=\"article:modified_time\" content=\"2023-10-03T16:45:45+00:00\" \/>\n<meta property=\"og:image\" content=\"https:\/\/productguide.fieldkit.org\/wp-content\/uploads\/2021\/02\/FieldKit-Platform_Compare_Shadow-2.png\" \/>\n<meta name=\"twitter:card\" content=\"summary_large_image\" \/>\n<meta name=\"twitter:title\" content=\"Plan de gesti\u00f3n de datos - FieldKit\" \/>\n<meta name=\"twitter:description\" content=\"Los tipos de datos generados y\/o utilizados en este proyecto incluyen entradas de bases de datos JSON representativas de las condiciones ambientales. Todos los datos ser\u00e1n privados para el usuario a menos que el usuario los haga p\u00fablicos expl\u00edcitamente.\" \/>\n<meta name=\"twitter:image\" content=\"https:\/\/productguide.fieldkit.org\/wp-content\/uploads\/2021\/02\/FieldKit-Platform_Compare_Shadow-2.png\" \/>\n<meta name=\"twitter:site\" content=\"@FieldKitOrg\" \/>\n<script type=\"application\/ld+json\" class=\"yoast-schema-graph\">{\"@context\":\"https:\/\/schema.org\",\"@graph\":[{\"@type\":\"WebPage\",\"@id\":\"https:\/\/productguide.fieldkit.org\/es\/ver-el-manual-de-producto\/plan-de-gestion-de-datos\/\",\"url\":\"https:\/\/productguide.fieldkit.org\/es\/ver-el-manual-de-producto\/plan-de-gestion-de-datos\/\",\"name\":\"Plan de gesti\u00f3n de datos - FieldKit\",\"isPartOf\":{\"@id\":\"https:\/\/productguide.fieldkit.org\/es\/#website\"},\"datePublished\":\"2021-02-02T01:53:01+00:00\",\"dateModified\":\"2023-10-03T16:45:45+00:00\",\"description\":\"Los tipos de datos generados y\/o utilizados en este proyecto incluyen entradas de bases de datos JSON representativas de las condiciones ambientales. Todos los datos ser\u00e1n privados para el usuario a menos que el usuario los haga p\u00fablicos expl\u00edcitamente.\",\"breadcrumb\":{\"@id\":\"https:\/\/productguide.fieldkit.org\/es\/ver-el-manual-de-producto\/plan-de-gestion-de-datos\/#breadcrumb\"},\"inLanguage\":\"es\",\"potentialAction\":[{\"@type\":\"ReadAction\",\"target\":[\"https:\/\/productguide.fieldkit.org\/es\/ver-el-manual-de-producto\/plan-de-gestion-de-datos\/\"]}]},{\"@type\":\"BreadcrumbList\",\"@id\":\"https:\/\/productguide.fieldkit.org\/es\/ver-el-manual-de-producto\/plan-de-gestion-de-datos\/#breadcrumb\",\"itemListElement\":[{\"@type\":\"ListItem\",\"position\":1,\"name\":\"Home\",\"item\":\"https:\/\/productguide.fieldkit.org\/es\/\"},{\"@type\":\"ListItem\",\"position\":2,\"name\":\"Manual del producto\",\"item\":\"https:\/\/productguide.fieldkit.org\/es\/\"},{\"@type\":\"ListItem\",\"position\":3,\"name\":\"Plan de gesti\u00f3n de datos\"}]},{\"@type\":\"WebSite\",\"@id\":\"https:\/\/productguide.fieldkit.org\/es\/#website\",\"url\":\"https:\/\/productguide.fieldkit.org\/es\/\",\"name\":\"FieldKit\",\"description\":\"Open Environmental Sensing for Everyone\",\"publisher\":{\"@id\":\"https:\/\/productguide.fieldkit.org\/es\/#organization\"},\"potentialAction\":[{\"@type\":\"SearchAction\",\"target\":{\"@type\":\"EntryPoint\",\"urlTemplate\":\"https:\/\/productguide.fieldkit.org\/es\/?s={search_term_string}\"},\"query-input\":{\"@type\":\"PropertyValueSpecification\",\"valueRequired\":true,\"valueName\":\"search_term_string\"}}],\"inLanguage\":\"es\"},{\"@type\":\"Organization\",\"@id\":\"https:\/\/productguide.fieldkit.org\/es\/#organization\",\"name\":\"FieldKit\",\"url\":\"https:\/\/productguide.fieldkit.org\/es\/\",\"logo\":{\"@type\":\"ImageObject\",\"inLanguage\":\"es\",\"@id\":\"https:\/\/productguide.fieldkit.org\/es\/#\/schema\/logo\/image\/\",\"url\":\"https:\/\/productguide.fieldkit.org\/wp-content\/uploads\/2020\/01\/fieldkit_Logo_final.svg\",\"contentUrl\":\"https:\/\/productguide.fieldkit.org\/wp-content\/uploads\/2020\/01\/fieldkit_Logo_final.svg\",\"width\":1,\"height\":1,\"caption\":\"FieldKit\"},\"image\":{\"@id\":\"https:\/\/productguide.fieldkit.org\/es\/#\/schema\/logo\/image\/\"},\"sameAs\":[\"https:\/\/www.facebook.com\/FieldKit.org\",\"https:\/\/x.com\/FieldKitOrg\",\"https:\/\/www.instagram.com\/fieldkitorg\",\"https:\/\/www.linkedin.com\/company\/fieldkit\/\",\"https:\/\/www.youtube.com\/fieldkit\"]}]}<\/script>\n<!-- \/ Yoast SEO plugin. -->","yoast_head_json":{"title":"Plan de gesti\u00f3n de datos - FieldKit","description":"Los tipos de datos generados y\/o utilizados en este proyecto incluyen entradas de bases de datos JSON representativas de las condiciones ambientales. Todos los datos ser\u00e1n privados para el usuario a menos que el usuario los haga p\u00fablicos expl\u00edcitamente.","robots":{"index":"index","follow":"follow","max-snippet":"max-snippet:-1","max-image-preview":"max-image-preview:large","max-video-preview":"max-video-preview:-1"},"canonical":"https:\/\/productguide.fieldkit.org\/es\/ver-el-manual-de-producto\/plan-de-gestion-de-datos\/","og_locale":"es_ES","og_type":"article","og_title":"Plan de gesti\u00f3n de datos - FieldKit","og_description":"Los tipos de datos generados y\/o utilizados en este proyecto incluyen entradas de bases de datos JSON representativas de las condiciones ambientales. Todos los datos ser\u00e1n privados para el usuario a menos que el usuario los haga p\u00fablicos expl\u00edcitamente.","og_url":"https:\/\/productguide.fieldkit.org\/es\/ver-el-manual-de-producto\/plan-de-gestion-de-datos\/","og_site_name":"FieldKit","article_publisher":"https:\/\/www.facebook.com\/FieldKit.org","article_modified_time":"2023-10-03T16:45:45+00:00","og_image":[{"url":"https:\/\/productguide.fieldkit.org\/wp-content\/uploads\/2021\/02\/FieldKit-Platform_Compare_Shadow-2.png","type":"","width":"","height":""}],"twitter_card":"summary_large_image","twitter_title":"Plan de gesti\u00f3n de datos - FieldKit","twitter_description":"Los tipos de datos generados y\/o utilizados en este proyecto incluyen entradas de bases de datos JSON representativas de las condiciones ambientales. Todos los datos ser\u00e1n privados para el usuario a menos que el usuario los haga p\u00fablicos expl\u00edcitamente.","twitter_image":"https:\/\/productguide.fieldkit.org\/wp-content\/uploads\/2021\/02\/FieldKit-Platform_Compare_Shadow-2.png","twitter_site":"@FieldKitOrg","schema":{"@context":"https:\/\/schema.org","@graph":[{"@type":"WebPage","@id":"https:\/\/productguide.fieldkit.org\/es\/ver-el-manual-de-producto\/plan-de-gestion-de-datos\/","url":"https:\/\/productguide.fieldkit.org\/es\/ver-el-manual-de-producto\/plan-de-gestion-de-datos\/","name":"Plan de gesti\u00f3n de datos - FieldKit","isPartOf":{"@id":"https:\/\/productguide.fieldkit.org\/es\/#website"},"datePublished":"2021-02-02T01:53:01+00:00","dateModified":"2023-10-03T16:45:45+00:00","description":"Los tipos de datos generados y\/o utilizados en este proyecto incluyen entradas de bases de datos JSON representativas de las condiciones ambientales. Todos los datos ser\u00e1n privados para el usuario a menos que el usuario los haga p\u00fablicos expl\u00edcitamente.","breadcrumb":{"@id":"https:\/\/productguide.fieldkit.org\/es\/ver-el-manual-de-producto\/plan-de-gestion-de-datos\/#breadcrumb"},"inLanguage":"es","potentialAction":[{"@type":"ReadAction","target":["https:\/\/productguide.fieldkit.org\/es\/ver-el-manual-de-producto\/plan-de-gestion-de-datos\/"]}]},{"@type":"BreadcrumbList","@id":"https:\/\/productguide.fieldkit.org\/es\/ver-el-manual-de-producto\/plan-de-gestion-de-datos\/#breadcrumb","itemListElement":[{"@type":"ListItem","position":1,"name":"Home","item":"https:\/\/productguide.fieldkit.org\/es\/"},{"@type":"ListItem","position":2,"name":"Manual del producto","item":"https:\/\/productguide.fieldkit.org\/es\/"},{"@type":"ListItem","position":3,"name":"Plan de gesti\u00f3n de datos"}]},{"@type":"WebSite","@id":"https:\/\/productguide.fieldkit.org\/es\/#website","url":"https:\/\/productguide.fieldkit.org\/es\/","name":"FieldKit","description":"Open Environmental Sensing for Everyone","publisher":{"@id":"https:\/\/productguide.fieldkit.org\/es\/#organization"},"potentialAction":[{"@type":"SearchAction","target":{"@type":"EntryPoint","urlTemplate":"https:\/\/productguide.fieldkit.org\/es\/?s={search_term_string}"},"query-input":{"@type":"PropertyValueSpecification","valueRequired":true,"valueName":"search_term_string"}}],"inLanguage":"es"},{"@type":"Organization","@id":"https:\/\/productguide.fieldkit.org\/es\/#organization","name":"FieldKit","url":"https:\/\/productguide.fieldkit.org\/es\/","logo":{"@type":"ImageObject","inLanguage":"es","@id":"https:\/\/productguide.fieldkit.org\/es\/#\/schema\/logo\/image\/","url":"https:\/\/productguide.fieldkit.org\/wp-content\/uploads\/2020\/01\/fieldkit_Logo_final.svg","contentUrl":"https:\/\/productguide.fieldkit.org\/wp-content\/uploads\/2020\/01\/fieldkit_Logo_final.svg","width":1,"height":1,"caption":"FieldKit"},"image":{"@id":"https:\/\/productguide.fieldkit.org\/es\/#\/schema\/logo\/image\/"},"sameAs":["https:\/\/www.facebook.com\/FieldKit.org","https:\/\/x.com\/FieldKitOrg","https:\/\/www.instagram.com\/fieldkitorg","https:\/\/www.linkedin.com\/company\/fieldkit\/","https:\/\/www.youtube.com\/fieldkit"]}]}},"jetpack_sharing_enabled":true,"_links":{"self":[{"href":"https:\/\/productguide.fieldkit.org\/es\/wp-json\/wp\/v2\/pages\/32824","targetHints":{"allow":["GET"]}}],"collection":[{"href":"https:\/\/productguide.fieldkit.org\/es\/wp-json\/wp\/v2\/pages"}],"about":[{"href":"https:\/\/productguide.fieldkit.org\/es\/wp-json\/wp\/v2\/types\/page"}],"author":[{"embeddable":true,"href":"https:\/\/productguide.fieldkit.org\/es\/wp-json\/wp\/v2\/users\/3"}],"replies":[{"embeddable":true,"href":"https:\/\/productguide.fieldkit.org\/es\/wp-json\/wp\/v2\/comments?post=32824"}],"version-history":[{"count":1,"href":"https:\/\/productguide.fieldkit.org\/es\/wp-json\/wp\/v2\/pages\/32824\/revisions"}],"predecessor-version":[{"id":32836,"href":"https:\/\/productguide.fieldkit.org\/es\/wp-json\/wp\/v2\/pages\/32824\/revisions\/32836"}],"up":[{"embeddable":true,"href":"https:\/\/productguide.fieldkit.org\/es\/wp-json\/wp\/v2\/pages\/32794"}],"wp:attachment":[{"href":"https:\/\/productguide.fieldkit.org\/es\/wp-json\/wp\/v2\/media?parent=32824"}],"curies":[{"name":"wp","href":"https:\/\/api.w.org\/{rel}","templated":true}]}}