{"id":32830,"date":"2021-02-01T16:47:46","date_gmt":"2021-02-02T00:47:46","guid":{"rendered":"https:\/\/productguide.fieldkit.org\/ver-el-manual-de-producto\/interfaz-de-la-aplicacion\/"},"modified":"2023-10-03T09:46:46","modified_gmt":"2023-10-03T16:46:46","slug":"interfaz-de-la-aplicacion","status":"publish","type":"page","link":"https:\/\/productguide.fieldkit.org\/es\/ver-el-manual-de-producto\/interfaz-de-la-aplicacion\/","title":{"rendered":"Interfaz de la aplicaci\u00f3n"},"content":{"rendered":"<h1>Interfaz de la aplicaci\u00f3n<\/h1>\n<h5>Configura tu estaci\u00f3n FieldKit con la aplicaci\u00f3n.<\/h5>\n<h3>Barra de navegaci\u00f3n<\/h3>\n<p>Navega por la aplicaci\u00f3n para ver tus estaciones, sincronizar datos y cambiar la configuraci\u00f3n:<\/p>\n<ul>\n<li><strong>Estaciones (Stations)<\/strong><br \/>\nAdministra todas tus estaciones.<\/li>\n<li><strong>Datos (Data)<\/strong><br \/>\nDescarga los datos de la estaci\u00f3n y sube los datos al portal.<\/li>\n<li><strong>Configuraci\u00f3n (Settings)<\/strong><br \/>\nConfigura los ajustes generales de la aplicaci\u00f3n.<\/li>\n<\/ul>\n<h4>Detalles de la estaci\u00f3n<\/h4>\n<p>&nbsp;<\/p>\n","protected":false},"excerpt":{"rendered":"<p>Interfaz de la aplicaci\u00f3n Configura tu estaci\u00f3n FieldKit con la aplicaci\u00f3n. Barra de navegaci\u00f3n Navega por la aplicaci\u00f3n para ver tus estaciones, sincronizar datos y cambiar la configuraci\u00f3n: Estaciones (Stations) Administra todas tus estaciones. Datos (Data) Descarga los datos de la estaci\u00f3n y sube los datos al portal. Configuraci\u00f3n (Settings) Configura los ajustes generales de [&hellip;]<\/p>\n","protected":false},"author":3,"featured_media":0,"parent":32794,"menu_order":0,"comment_status":"closed","ping_status":"closed","template":"templates\/product-guide.php","meta":{"_acf_changed":false,"footnotes":""},"class_list":["post-32830","page","type-page","status-publish","hentry"],"acf":[],"yoast_head":"<!-- This site is optimized with the Yoast SEO plugin v26.6 - https:\/\/yoast.com\/wordpress\/plugins\/seo\/ -->\n<title>Interfaz de la aplicaci\u00f3n - FieldKit<\/title>\n<meta name=\"description\" content=\"La mayor\u00eda de las veces, configurar\u00e1s tu estaci\u00f3n FieldKit usando la aplicaci\u00f3n. Aqu\u00ed est\u00e1 c\u00f3mo utilizar la interfaz de la aplicaci\u00f3n.\" \/>\n<meta name=\"robots\" content=\"index, follow, max-snippet:-1, max-image-preview:large, max-video-preview:-1\" \/>\n<link rel=\"canonical\" href=\"https:\/\/productguide.fieldkit.org\/es\/ver-el-manual-de-producto\/interfaz-de-la-aplicacion\/\" \/>\n<meta property=\"og:locale\" content=\"es_ES\" \/>\n<meta property=\"og:type\" content=\"article\" \/>\n<meta property=\"og:title\" content=\"Interfaz de la aplicaci\u00f3n - FieldKit\" \/>\n<meta property=\"og:description\" content=\"La mayor\u00eda de las veces, configurar\u00e1s tu estaci\u00f3n FieldKit usando la aplicaci\u00f3n.\" \/>\n<meta property=\"og:url\" content=\"https:\/\/productguide.fieldkit.org\/es\/ver-el-manual-de-producto\/interfaz-de-la-aplicacion\/\" \/>\n<meta property=\"og:site_name\" content=\"FieldKit\" \/>\n<meta property=\"article:publisher\" content=\"https:\/\/www.facebook.com\/FieldKit.org\" \/>\n<meta property=\"article:modified_time\" content=\"2023-10-03T16:46:46+00:00\" \/>\n<meta property=\"og:image\" content=\"https:\/\/productguide.fieldkit.org\/wp-content\/uploads\/2021\/02\/FieldKit-Platform_Configure_Shadow-1.png\" \/>\n<meta name=\"twitter:card\" content=\"summary_large_image\" \/>\n<meta name=\"twitter:title\" content=\"Interfaz de la aplicaci\u00f3n - FieldKit\" \/>\n<meta name=\"twitter:description\" content=\"La mayor\u00eda de las veces, configurar\u00e1s tu estaci\u00f3n FieldKit usando la aplicaci\u00f3n.\" \/>\n<meta name=\"twitter:image\" content=\"https:\/\/productguide.fieldkit.org\/wp-content\/uploads\/2021\/02\/FieldKit-Platform_Configure_Shadow-1.png\" \/>\n<meta name=\"twitter:site\" content=\"@FieldKitOrg\" \/>\n<script type=\"application\/ld+json\" class=\"yoast-schema-graph\">{\"@context\":\"https:\/\/schema.org\",\"@graph\":[{\"@type\":\"WebPage\",\"@id\":\"https:\/\/productguide.fieldkit.org\/es\/ver-el-manual-de-producto\/interfaz-de-la-aplicacion\/\",\"url\":\"https:\/\/productguide.fieldkit.org\/es\/ver-el-manual-de-producto\/interfaz-de-la-aplicacion\/\",\"name\":\"Interfaz de la aplicaci\u00f3n - FieldKit\",\"isPartOf\":{\"@id\":\"https:\/\/productguide.fieldkit.org\/es\/#website\"},\"datePublished\":\"2021-02-02T00:47:46+00:00\",\"dateModified\":\"2023-10-03T16:46:46+00:00\",\"description\":\"La mayor\u00eda de las veces, configurar\u00e1s tu estaci\u00f3n FieldKit usando la aplicaci\u00f3n. Aqu\u00ed est\u00e1 c\u00f3mo utilizar la interfaz de la aplicaci\u00f3n.\",\"breadcrumb\":{\"@id\":\"https:\/\/productguide.fieldkit.org\/es\/ver-el-manual-de-producto\/interfaz-de-la-aplicacion\/#breadcrumb\"},\"inLanguage\":\"es\",\"potentialAction\":[{\"@type\":\"ReadAction\",\"target\":[\"https:\/\/productguide.fieldkit.org\/es\/ver-el-manual-de-producto\/interfaz-de-la-aplicacion\/\"]}]},{\"@type\":\"BreadcrumbList\",\"@id\":\"https:\/\/productguide.fieldkit.org\/es\/ver-el-manual-de-producto\/interfaz-de-la-aplicacion\/#breadcrumb\",\"itemListElement\":[{\"@type\":\"ListItem\",\"position\":1,\"name\":\"Home\",\"item\":\"https:\/\/productguide.fieldkit.org\/es\/\"},{\"@type\":\"ListItem\",\"position\":2,\"name\":\"Manual del producto\",\"item\":\"https:\/\/productguide.fieldkit.org\/es\/\"},{\"@type\":\"ListItem\",\"position\":3,\"name\":\"Interfaz de la aplicaci\u00f3n\"}]},{\"@type\":\"WebSite\",\"@id\":\"https:\/\/productguide.fieldkit.org\/es\/#website\",\"url\":\"https:\/\/productguide.fieldkit.org\/es\/\",\"name\":\"FieldKit\",\"description\":\"Open Environmental Sensing for Everyone\",\"publisher\":{\"@id\":\"https:\/\/productguide.fieldkit.org\/es\/#organization\"},\"potentialAction\":[{\"@type\":\"SearchAction\",\"target\":{\"@type\":\"EntryPoint\",\"urlTemplate\":\"https:\/\/productguide.fieldkit.org\/es\/?s={search_term_string}\"},\"query-input\":{\"@type\":\"PropertyValueSpecification\",\"valueRequired\":true,\"valueName\":\"search_term_string\"}}],\"inLanguage\":\"es\"},{\"@type\":\"Organization\",\"@id\":\"https:\/\/productguide.fieldkit.org\/es\/#organization\",\"name\":\"FieldKit\",\"url\":\"https:\/\/productguide.fieldkit.org\/es\/\",\"logo\":{\"@type\":\"ImageObject\",\"inLanguage\":\"es\",\"@id\":\"https:\/\/productguide.fieldkit.org\/es\/#\/schema\/logo\/image\/\",\"url\":\"https:\/\/productguide.fieldkit.org\/wp-content\/uploads\/2020\/01\/fieldkit_Logo_final.svg\",\"contentUrl\":\"https:\/\/productguide.fieldkit.org\/wp-content\/uploads\/2020\/01\/fieldkit_Logo_final.svg\",\"width\":1,\"height\":1,\"caption\":\"FieldKit\"},\"image\":{\"@id\":\"https:\/\/productguide.fieldkit.org\/es\/#\/schema\/logo\/image\/\"},\"sameAs\":[\"https:\/\/www.facebook.com\/FieldKit.org\",\"https:\/\/x.com\/FieldKitOrg\",\"https:\/\/www.instagram.com\/fieldkitorg\",\"https:\/\/www.linkedin.com\/company\/fieldkit\/\",\"https:\/\/www.youtube.com\/fieldkit\"]}]}<\/script>\n<!-- \/ Yoast SEO plugin. -->","yoast_head_json":{"title":"Interfaz de la aplicaci\u00f3n - FieldKit","description":"La mayor\u00eda de las veces, configurar\u00e1s tu estaci\u00f3n FieldKit usando la aplicaci\u00f3n. Aqu\u00ed est\u00e1 c\u00f3mo utilizar la interfaz de la aplicaci\u00f3n.","robots":{"index":"index","follow":"follow","max-snippet":"max-snippet:-1","max-image-preview":"max-image-preview:large","max-video-preview":"max-video-preview:-1"},"canonical":"https:\/\/productguide.fieldkit.org\/es\/ver-el-manual-de-producto\/interfaz-de-la-aplicacion\/","og_locale":"es_ES","og_type":"article","og_title":"Interfaz de la aplicaci\u00f3n - FieldKit","og_description":"La mayor\u00eda de las veces, configurar\u00e1s tu estaci\u00f3n FieldKit usando la aplicaci\u00f3n.","og_url":"https:\/\/productguide.fieldkit.org\/es\/ver-el-manual-de-producto\/interfaz-de-la-aplicacion\/","og_site_name":"FieldKit","article_publisher":"https:\/\/www.facebook.com\/FieldKit.org","article_modified_time":"2023-10-03T16:46:46+00:00","og_image":[{"url":"https:\/\/productguide.fieldkit.org\/wp-content\/uploads\/2021\/02\/FieldKit-Platform_Configure_Shadow-1.png","type":"","width":"","height":""}],"twitter_card":"summary_large_image","twitter_title":"Interfaz de la aplicaci\u00f3n - FieldKit","twitter_description":"La mayor\u00eda de las veces, configurar\u00e1s tu estaci\u00f3n FieldKit usando la aplicaci\u00f3n.","twitter_image":"https:\/\/productguide.fieldkit.org\/wp-content\/uploads\/2021\/02\/FieldKit-Platform_Configure_Shadow-1.png","twitter_site":"@FieldKitOrg","schema":{"@context":"https:\/\/schema.org","@graph":[{"@type":"WebPage","@id":"https:\/\/productguide.fieldkit.org\/es\/ver-el-manual-de-producto\/interfaz-de-la-aplicacion\/","url":"https:\/\/productguide.fieldkit.org\/es\/ver-el-manual-de-producto\/interfaz-de-la-aplicacion\/","name":"Interfaz de la aplicaci\u00f3n - FieldKit","isPartOf":{"@id":"https:\/\/productguide.fieldkit.org\/es\/#website"},"datePublished":"2021-02-02T00:47:46+00:00","dateModified":"2023-10-03T16:46:46+00:00","description":"La mayor\u00eda de las veces, configurar\u00e1s tu estaci\u00f3n FieldKit usando la aplicaci\u00f3n. Aqu\u00ed est\u00e1 c\u00f3mo utilizar la interfaz de la aplicaci\u00f3n.","breadcrumb":{"@id":"https:\/\/productguide.fieldkit.org\/es\/ver-el-manual-de-producto\/interfaz-de-la-aplicacion\/#breadcrumb"},"inLanguage":"es","potentialAction":[{"@type":"ReadAction","target":["https:\/\/productguide.fieldkit.org\/es\/ver-el-manual-de-producto\/interfaz-de-la-aplicacion\/"]}]},{"@type":"BreadcrumbList","@id":"https:\/\/productguide.fieldkit.org\/es\/ver-el-manual-de-producto\/interfaz-de-la-aplicacion\/#breadcrumb","itemListElement":[{"@type":"ListItem","position":1,"name":"Home","item":"https:\/\/productguide.fieldkit.org\/es\/"},{"@type":"ListItem","position":2,"name":"Manual del producto","item":"https:\/\/productguide.fieldkit.org\/es\/"},{"@type":"ListItem","position":3,"name":"Interfaz de la aplicaci\u00f3n"}]},{"@type":"WebSite","@id":"https:\/\/productguide.fieldkit.org\/es\/#website","url":"https:\/\/productguide.fieldkit.org\/es\/","name":"FieldKit","description":"Open Environmental Sensing for Everyone","publisher":{"@id":"https:\/\/productguide.fieldkit.org\/es\/#organization"},"potentialAction":[{"@type":"SearchAction","target":{"@type":"EntryPoint","urlTemplate":"https:\/\/productguide.fieldkit.org\/es\/?s={search_term_string}"},"query-input":{"@type":"PropertyValueSpecification","valueRequired":true,"valueName":"search_term_string"}}],"inLanguage":"es"},{"@type":"Organization","@id":"https:\/\/productguide.fieldkit.org\/es\/#organization","name":"FieldKit","url":"https:\/\/productguide.fieldkit.org\/es\/","logo":{"@type":"ImageObject","inLanguage":"es","@id":"https:\/\/productguide.fieldkit.org\/es\/#\/schema\/logo\/image\/","url":"https:\/\/productguide.fieldkit.org\/wp-content\/uploads\/2020\/01\/fieldkit_Logo_final.svg","contentUrl":"https:\/\/productguide.fieldkit.org\/wp-content\/uploads\/2020\/01\/fieldkit_Logo_final.svg","width":1,"height":1,"caption":"FieldKit"},"image":{"@id":"https:\/\/productguide.fieldkit.org\/es\/#\/schema\/logo\/image\/"},"sameAs":["https:\/\/www.facebook.com\/FieldKit.org","https:\/\/x.com\/FieldKitOrg","https:\/\/www.instagram.com\/fieldkitorg","https:\/\/www.linkedin.com\/company\/fieldkit\/","https:\/\/www.youtube.com\/fieldkit"]}]}},"jetpack_sharing_enabled":true,"_links":{"self":[{"href":"https:\/\/productguide.fieldkit.org\/es\/wp-json\/wp\/v2\/pages\/32830","targetHints":{"allow":["GET"]}}],"collection":[{"href":"https:\/\/productguide.fieldkit.org\/es\/wp-json\/wp\/v2\/pages"}],"about":[{"href":"https:\/\/productguide.fieldkit.org\/es\/wp-json\/wp\/v2\/types\/page"}],"author":[{"embeddable":true,"href":"https:\/\/productguide.fieldkit.org\/es\/wp-json\/wp\/v2\/users\/3"}],"replies":[{"embeddable":true,"href":"https:\/\/productguide.fieldkit.org\/es\/wp-json\/wp\/v2\/comments?post=32830"}],"version-history":[{"count":1,"href":"https:\/\/productguide.fieldkit.org\/es\/wp-json\/wp\/v2\/pages\/32830\/revisions"}],"predecessor-version":[{"id":32834,"href":"https:\/\/productguide.fieldkit.org\/es\/wp-json\/wp\/v2\/pages\/32830\/revisions\/32834"}],"up":[{"embeddable":true,"href":"https:\/\/productguide.fieldkit.org\/es\/wp-json\/wp\/v2\/pages\/32794"}],"wp:attachment":[{"href":"https:\/\/productguide.fieldkit.org\/es\/wp-json\/wp\/v2\/media?parent=32830"}],"curies":[{"name":"wp","href":"https:\/\/api.w.org\/{rel}","templated":true}]}}