{"id":32892,"date":"2023-05-19T14:30:24","date_gmt":"2023-05-19T21:30:24","guid":{"rendered":"https:\/\/productguide.fieldkit.org\/ver-el-manual-de-producto\/gestion-de-tu-proyecto\/"},"modified":"2023-10-03T09:46:44","modified_gmt":"2023-10-03T16:46:44","slug":"gestion-de-tu-proyecto","status":"publish","type":"page","link":"https:\/\/productguide.fieldkit.org\/es\/ver-el-manual-de-producto\/gestion-de-tu-proyecto\/","title":{"rendered":"Gesti\u00f3n de tu proyecto"},"content":{"rendered":"","protected":false},"excerpt":{"rendered":"","protected":false},"author":21,"featured_media":0,"parent":32794,"menu_order":0,"comment_status":"closed","ping_status":"closed","template":"templates\/product-guide.php","meta":{"_acf_changed":false,"footnotes":""},"class_list":["post-32892","page","type-page","status-publish","hentry"],"acf":[],"yoast_head":"<!-- This site is optimized with the Yoast SEO plugin v26.6 - https:\/\/yoast.com\/wordpress\/plugins\/seo\/ -->\n<title>Gesti\u00f3n de tu proyecto - FieldKit<\/title>\n<meta name=\"description\" content=\"Las estaciones y los datos que registran reviven dentro del portal FieldKit.\" \/>\n<meta name=\"robots\" content=\"index, follow, max-snippet:-1, max-image-preview:large, max-video-preview:-1\" \/>\n<link rel=\"canonical\" href=\"https:\/\/productguide.fieldkit.org\/es\/ver-el-manual-de-producto\/gestion-de-tu-proyecto\/\" \/>\n<meta property=\"og:locale\" content=\"es_ES\" \/>\n<meta property=\"og:type\" content=\"article\" \/>\n<meta property=\"og:title\" content=\"Intercambio de datos - FieldKit\" \/>\n<meta property=\"og:description\" content=\"La plataforma FieldKit es un centro para personas que se preocupan por el medio ambiente alrededor del planeta. Puedes compartir lo que has descubierto con tus estaciones, obtener ayuda con el an\u00e1lisis y comparar tus datos con aquellos que est\u00e1n cerca o est\u00e1n lejos.\" \/>\n<meta property=\"og:url\" content=\"https:\/\/productguide.fieldkit.org\/es\/ver-el-manual-de-producto\/gestion-de-tu-proyecto\/\" \/>\n<meta property=\"og:site_name\" content=\"FieldKit\" \/>\n<meta property=\"article:publisher\" content=\"https:\/\/www.facebook.com\/FieldKit.org\" \/>\n<meta property=\"article:modified_time\" content=\"2023-10-03T16:46:44+00:00\" \/>\n<meta property=\"og:image\" content=\"https:\/\/productguide.fieldkit.org\/wp-content\/uploads\/2021\/02\/FieldKit-Platform_Share_Shadow-1.png\" \/>\n<meta name=\"twitter:card\" content=\"summary_large_image\" \/>\n<meta name=\"twitter:title\" content=\"Intercambio de datos - FieldKit\" \/>\n<meta name=\"twitter:description\" content=\"La plataforma FieldKit es un centro para personas que se preocupan por el medio ambiente alrededor del planeta. Puedes compartir lo que has descubierto con tus estaciones, obtener ayuda con el an\u00e1lisis y comparar tus datos con aquellos que est\u00e1n cerca o est\u00e1n lejos.\" \/>\n<meta name=\"twitter:image\" content=\"https:\/\/productguide.fieldkit.org\/wp-content\/uploads\/2021\/02\/FieldKit-Platform_Share_Shadow-1.png\" \/>\n<meta name=\"twitter:site\" content=\"@FieldKitOrg\" \/>\n<script type=\"application\/ld+json\" class=\"yoast-schema-graph\">{\"@context\":\"https:\/\/schema.org\",\"@graph\":[{\"@type\":\"WebPage\",\"@id\":\"https:\/\/productguide.fieldkit.org\/es\/ver-el-manual-de-producto\/gestion-de-tu-proyecto\/\",\"url\":\"https:\/\/productguide.fieldkit.org\/es\/ver-el-manual-de-producto\/gestion-de-tu-proyecto\/\",\"name\":\"Gesti\u00f3n de tu proyecto - FieldKit\",\"isPartOf\":{\"@id\":\"https:\/\/productguide.fieldkit.org\/es\/#website\"},\"datePublished\":\"2023-05-19T21:30:24+00:00\",\"dateModified\":\"2023-10-03T16:46:44+00:00\",\"description\":\"Las estaciones y los datos que registran reviven dentro del portal FieldKit.\",\"breadcrumb\":{\"@id\":\"https:\/\/productguide.fieldkit.org\/es\/ver-el-manual-de-producto\/gestion-de-tu-proyecto\/#breadcrumb\"},\"inLanguage\":\"es\",\"potentialAction\":[{\"@type\":\"ReadAction\",\"target\":[\"https:\/\/productguide.fieldkit.org\/es\/ver-el-manual-de-producto\/gestion-de-tu-proyecto\/\"]}]},{\"@type\":\"BreadcrumbList\",\"@id\":\"https:\/\/productguide.fieldkit.org\/es\/ver-el-manual-de-producto\/gestion-de-tu-proyecto\/#breadcrumb\",\"itemListElement\":[{\"@type\":\"ListItem\",\"position\":1,\"name\":\"Home\",\"item\":\"https:\/\/productguide.fieldkit.org\/es\/\"},{\"@type\":\"ListItem\",\"position\":2,\"name\":\"Manual del producto\",\"item\":\"https:\/\/productguide.fieldkit.org\/es\/\"},{\"@type\":\"ListItem\",\"position\":3,\"name\":\"Gesti\u00f3n de tu proyecto\"}]},{\"@type\":\"WebSite\",\"@id\":\"https:\/\/productguide.fieldkit.org\/es\/#website\",\"url\":\"https:\/\/productguide.fieldkit.org\/es\/\",\"name\":\"FieldKit\",\"description\":\"Open Environmental Sensing for Everyone\",\"publisher\":{\"@id\":\"https:\/\/productguide.fieldkit.org\/es\/#organization\"},\"potentialAction\":[{\"@type\":\"SearchAction\",\"target\":{\"@type\":\"EntryPoint\",\"urlTemplate\":\"https:\/\/productguide.fieldkit.org\/es\/?s={search_term_string}\"},\"query-input\":{\"@type\":\"PropertyValueSpecification\",\"valueRequired\":true,\"valueName\":\"search_term_string\"}}],\"inLanguage\":\"es\"},{\"@type\":\"Organization\",\"@id\":\"https:\/\/productguide.fieldkit.org\/es\/#organization\",\"name\":\"FieldKit\",\"url\":\"https:\/\/productguide.fieldkit.org\/es\/\",\"logo\":{\"@type\":\"ImageObject\",\"inLanguage\":\"es\",\"@id\":\"https:\/\/productguide.fieldkit.org\/es\/#\/schema\/logo\/image\/\",\"url\":\"https:\/\/productguide.fieldkit.org\/wp-content\/uploads\/2020\/01\/fieldkit_Logo_final.svg\",\"contentUrl\":\"https:\/\/productguide.fieldkit.org\/wp-content\/uploads\/2020\/01\/fieldkit_Logo_final.svg\",\"width\":1,\"height\":1,\"caption\":\"FieldKit\"},\"image\":{\"@id\":\"https:\/\/productguide.fieldkit.org\/es\/#\/schema\/logo\/image\/\"},\"sameAs\":[\"https:\/\/www.facebook.com\/FieldKit.org\",\"https:\/\/x.com\/FieldKitOrg\",\"https:\/\/www.instagram.com\/fieldkitorg\",\"https:\/\/www.linkedin.com\/company\/fieldkit\/\",\"https:\/\/www.youtube.com\/fieldkit\"]}]}<\/script>\n<!-- \/ Yoast SEO plugin. -->","yoast_head_json":{"title":"Gesti\u00f3n de tu proyecto - FieldKit","description":"Las estaciones y los datos que registran reviven dentro del portal FieldKit.","robots":{"index":"index","follow":"follow","max-snippet":"max-snippet:-1","max-image-preview":"max-image-preview:large","max-video-preview":"max-video-preview:-1"},"canonical":"https:\/\/productguide.fieldkit.org\/es\/ver-el-manual-de-producto\/gestion-de-tu-proyecto\/","og_locale":"es_ES","og_type":"article","og_title":"Intercambio de datos - FieldKit","og_description":"La plataforma FieldKit es un centro para personas que se preocupan por el medio ambiente alrededor del planeta. Puedes compartir lo que has descubierto con tus estaciones, obtener ayuda con el an\u00e1lisis y comparar tus datos con aquellos que est\u00e1n cerca o est\u00e1n lejos.","og_url":"https:\/\/productguide.fieldkit.org\/es\/ver-el-manual-de-producto\/gestion-de-tu-proyecto\/","og_site_name":"FieldKit","article_publisher":"https:\/\/www.facebook.com\/FieldKit.org","article_modified_time":"2023-10-03T16:46:44+00:00","og_image":[{"url":"https:\/\/productguide.fieldkit.org\/wp-content\/uploads\/2021\/02\/FieldKit-Platform_Share_Shadow-1.png","type":"","width":"","height":""}],"twitter_card":"summary_large_image","twitter_title":"Intercambio de datos - FieldKit","twitter_description":"La plataforma FieldKit es un centro para personas que se preocupan por el medio ambiente alrededor del planeta. Puedes compartir lo que has descubierto con tus estaciones, obtener ayuda con el an\u00e1lisis y comparar tus datos con aquellos que est\u00e1n cerca o est\u00e1n lejos.","twitter_image":"https:\/\/productguide.fieldkit.org\/wp-content\/uploads\/2021\/02\/FieldKit-Platform_Share_Shadow-1.png","twitter_site":"@FieldKitOrg","schema":{"@context":"https:\/\/schema.org","@graph":[{"@type":"WebPage","@id":"https:\/\/productguide.fieldkit.org\/es\/ver-el-manual-de-producto\/gestion-de-tu-proyecto\/","url":"https:\/\/productguide.fieldkit.org\/es\/ver-el-manual-de-producto\/gestion-de-tu-proyecto\/","name":"Gesti\u00f3n de tu proyecto - FieldKit","isPartOf":{"@id":"https:\/\/productguide.fieldkit.org\/es\/#website"},"datePublished":"2023-05-19T21:30:24+00:00","dateModified":"2023-10-03T16:46:44+00:00","description":"Las estaciones y los datos que registran reviven dentro del portal FieldKit.","breadcrumb":{"@id":"https:\/\/productguide.fieldkit.org\/es\/ver-el-manual-de-producto\/gestion-de-tu-proyecto\/#breadcrumb"},"inLanguage":"es","potentialAction":[{"@type":"ReadAction","target":["https:\/\/productguide.fieldkit.org\/es\/ver-el-manual-de-producto\/gestion-de-tu-proyecto\/"]}]},{"@type":"BreadcrumbList","@id":"https:\/\/productguide.fieldkit.org\/es\/ver-el-manual-de-producto\/gestion-de-tu-proyecto\/#breadcrumb","itemListElement":[{"@type":"ListItem","position":1,"name":"Home","item":"https:\/\/productguide.fieldkit.org\/es\/"},{"@type":"ListItem","position":2,"name":"Manual del producto","item":"https:\/\/productguide.fieldkit.org\/es\/"},{"@type":"ListItem","position":3,"name":"Gesti\u00f3n de tu proyecto"}]},{"@type":"WebSite","@id":"https:\/\/productguide.fieldkit.org\/es\/#website","url":"https:\/\/productguide.fieldkit.org\/es\/","name":"FieldKit","description":"Open Environmental Sensing for Everyone","publisher":{"@id":"https:\/\/productguide.fieldkit.org\/es\/#organization"},"potentialAction":[{"@type":"SearchAction","target":{"@type":"EntryPoint","urlTemplate":"https:\/\/productguide.fieldkit.org\/es\/?s={search_term_string}"},"query-input":{"@type":"PropertyValueSpecification","valueRequired":true,"valueName":"search_term_string"}}],"inLanguage":"es"},{"@type":"Organization","@id":"https:\/\/productguide.fieldkit.org\/es\/#organization","name":"FieldKit","url":"https:\/\/productguide.fieldkit.org\/es\/","logo":{"@type":"ImageObject","inLanguage":"es","@id":"https:\/\/productguide.fieldkit.org\/es\/#\/schema\/logo\/image\/","url":"https:\/\/productguide.fieldkit.org\/wp-content\/uploads\/2020\/01\/fieldkit_Logo_final.svg","contentUrl":"https:\/\/productguide.fieldkit.org\/wp-content\/uploads\/2020\/01\/fieldkit_Logo_final.svg","width":1,"height":1,"caption":"FieldKit"},"image":{"@id":"https:\/\/productguide.fieldkit.org\/es\/#\/schema\/logo\/image\/"},"sameAs":["https:\/\/www.facebook.com\/FieldKit.org","https:\/\/x.com\/FieldKitOrg","https:\/\/www.instagram.com\/fieldkitorg","https:\/\/www.linkedin.com\/company\/fieldkit\/","https:\/\/www.youtube.com\/fieldkit"]}]}},"jetpack_sharing_enabled":true,"_links":{"self":[{"href":"https:\/\/productguide.fieldkit.org\/es\/wp-json\/wp\/v2\/pages\/32892","targetHints":{"allow":["GET"]}}],"collection":[{"href":"https:\/\/productguide.fieldkit.org\/es\/wp-json\/wp\/v2\/pages"}],"about":[{"href":"https:\/\/productguide.fieldkit.org\/es\/wp-json\/wp\/v2\/types\/page"}],"author":[{"embeddable":true,"href":"https:\/\/productguide.fieldkit.org\/es\/wp-json\/wp\/v2\/users\/21"}],"replies":[{"embeddable":true,"href":"https:\/\/productguide.fieldkit.org\/es\/wp-json\/wp\/v2\/comments?post=32892"}],"version-history":[{"count":1,"href":"https:\/\/productguide.fieldkit.org\/es\/wp-json\/wp\/v2\/pages\/32892\/revisions"}],"predecessor-version":[{"id":32936,"href":"https:\/\/productguide.fieldkit.org\/es\/wp-json\/wp\/v2\/pages\/32892\/revisions\/32936"}],"up":[{"embeddable":true,"href":"https:\/\/productguide.fieldkit.org\/es\/wp-json\/wp\/v2\/pages\/32794"}],"wp:attachment":[{"href":"https:\/\/productguide.fieldkit.org\/es\/wp-json\/wp\/v2\/media?parent=32892"}],"curies":[{"name":"wp","href":"https:\/\/api.w.org\/{rel}","templated":true}]}}