{"id":32896,"date":"2019-11-29T06:16:59","date_gmt":"2019-11-29T14:16:59","guid":{"rendered":"https:\/\/productguide.fieldkit.org\/ver-el-manual-de-producto\/sincronizacion-con-los-datos-de-la-estacion\/"},"modified":"2024-04-26T14:55:25","modified_gmt":"2024-04-26T21:55:25","slug":"sincronizacion-con-los-datos-de-la-estacion","status":"publish","type":"page","link":"https:\/\/productguide.fieldkit.org\/es\/ver-el-manual-de-producto\/sincronizacion-con-los-datos-de-la-estacion\/","title":{"rendered":"Sincronizaci\u00f3n con los datos de la estaci\u00f3n"},"content":{"rendered":"<div>\n<div>Sincronizaci\u00f3n con los datos de la estaci\u00f3n<\/div>\n<div>FieldKit no se limita a la recopilaci\u00f3n de datos.<\/div>\n<div>La sincronizaci\u00f3n de los datos con tu tel\u00e9fono y, posteriormente, con el portal web de FieldKit te permite visualizar los datos de la estaci\u00f3n, detectar tendencias y patrones, y compartir tus resultados con cualquier persona.<\/div>\n<div>Aunque las primeras versiones de la aplicaci\u00f3n FieldKit requieren que sincronices manualmente los datos presionando los botones de \u00abcarga\u00bb y \u00abdescarga\u00bb, estamos trabajando en la configuraci\u00f3n de la sincronizaci\u00f3n de datos en la aplicaci\u00f3n para ofrecer la opci\u00f3n de automatizar esto. Adem\u00e1s, aunque mencionamos dos formas de sincronizar los datos en una ubicaci\u00f3n remota sin Internet, las primeras versiones de FieldKit requieren que uses la opci\u00f3n dentro de la aplicaci\u00f3n. Seguimos trabajando en una opci\u00f3n con tarjeta microSD.<\/div>\n<div>Configuraci\u00f3n del tel\u00e9fono para la sincronizaci\u00f3n de datos<\/div>\n<div>En Configuraci\u00f3n &gt; Datos (Settings &gt; Data), puedes elegir la configuraci\u00f3n de sincronizaci\u00f3n<br \/>\nde datos de tu tel\u00e9fono:<\/div>\n<div>Sincronizaci\u00f3n autom\u00e1tica con los datos de la estaci\u00f3n (Auto Sync Station Data)<\/div>\n<div>Act\u00edvala para descargar autom\u00e1ticamente los datos de la estaci\u00f3n a tu tel\u00e9fono.<\/div>\n<div>Sincronizaci\u00f3n autom\u00e1tica Portal (Auto Sync Portal)<\/div>\n<div>Act\u00edvala para subir autom\u00e1ticamente los datos de tu tel\u00e9fono al portal cuando tengas acceso a Internet.<\/div>\n<div>Uso de datos m\u00f3viles (Mobile Data Usage)<\/div>\n<div>Dependiendo del plan de datos de tu tel\u00e9fono, tambi\u00e9n puedes elegir activar esta opci\u00f3n para evitar el uso de datos m\u00f3viles. De este modo, solo se sincronizan los datos con el portal a trav\u00e9s de WiFi, en lugar de la red de telefon\u00eda m\u00f3vil.<\/div>\n<div>Sincronizaci\u00f3n de los datos de la estaci\u00f3n en un lugar con conexi\u00f3n (con acceso a Internet) &#8211; en desarrollo<\/div>\n<div>En el caso de ubicaciones con acceso a Internet, recomendamos a\u00f1adir una lista de redes WiFi preferidas para sincronizar los datos de la estaci\u00f3n directamente con el portal web de FieldKit (Configuraci\u00f3n de la estaci\u00f3n &gt; Datos) (Settings &gt; Data), y activar la \u00absincronizaci\u00f3n autom\u00e1tica de los datos de la estaci\u00f3n\u00bb (Auto Sync Station Data) y la \u00absincronizaci\u00f3n autom\u00e1tica del portal\u00bb (Auto Sync Portal). De este modo, tu estaci\u00f3n se conectar\u00e1 peri\u00f3dicamente a estas redes y sincronizar\u00e1 autom\u00e1ticamente los datos de la estaci\u00f3n. Si no se puede conectar a estas redes, la estaci\u00f3n utilizar\u00e1 su propio WiFi como alternativa.<\/div>\n<div>Sincronizaci\u00f3n de los datos de la estaci\u00f3n en una ubicaci\u00f3n remota (sin Internet)<\/div>\n<div>En el caso de ubicaciones remotas sin acceso a Internet, tendr\u00e1s que acudir f\u00edsicamente a tu estaci\u00f3n FieldKit para sincronizar los datos. Cuando vuelvas a la estaci\u00f3n, puedes sincronizar los datos de dos maneras:<\/div>\n<div>Usa la aplicaci\u00f3n para conectarte de forma inal\u00e1mbrica a la estaci\u00f3n a trav\u00e9s del WiFi de la misma, lo que sincronizar\u00e1 los datos de la estaci\u00f3n \u00fanicamente con tu tel\u00e9fono. Luego, cuando tengas conexi\u00f3n a Internet, podr\u00e1s subir los datos al portal web de FieldKit.<\/div>\n<div>Intercambia manualmente la tarjeta microSD con tus copias de seguridad por una nueva.*<\/div>\n<div>Si tienes previsto sincronizar los datos de la estaci\u00f3n despu\u00e9s de un largo periodo de captura de los mismos, corres el riesgo de ocupar m\u00e1s espacio de almacenamiento del que tienes disponible en tu tel\u00e9fono. Por lo tanto, es recomendable que liberes algo de espacio antes de salir al campo.<\/div>\n<div>Para evitar una situaci\u00f3n en la que te quedes sin almacenamiento o tiempo en el tel\u00e9fono para sincronizar los datos, lo mejor es que lleves una tarjeta microSD vac\u00eda. De este modo, simplemente puedes cambiar la tarjeta microSD llena por la vac\u00eda. Luego, puedes descargar los datos en tu tel\u00e9fono o en otro dispositivo con un adaptador de tarjeta microSD.<\/div>\n<div>La estaci\u00f3n tiene un punto de acceso con su propia se\u00f1al WiFi. Funciona como un punto de acceso para que puedas conectarte a \u00e9l con tu dispositivo m\u00f3vil y transferir datos. Presiona el bot\u00f3n para activar el WiFi de la estaci\u00f3n.<\/div>\n<div>Una vez conectado, si activaste la \u201csincronizaci\u00f3n autom\u00e1tica de datos de la estaci\u00f3n\u201d (\u201cAuto Sync Station Data\u201d), tu tel\u00e9fono deber\u00eda empezar a descargar autom\u00e1ticamente los datos de la estaci\u00f3n en tu tel\u00e9fono. De lo contrario, presiona el \u00edcono de descarga en la pantalla \u00abData\u00bb para descargar manualmente los datos. Una vez descargados, te indicar\u00e1 cu\u00e1ntos registros de datos fueron sincronizados.<\/div>\n<div>Una vez que tengas los datos en tu tel\u00e9fono y cuentes con acceso a Internet, podr\u00e1s sincronizarlos con el portal web de FieldKit. Desconecta tu tel\u00e9fono del WiFi de la estaci\u00f3n y con\u00e9ctate a una red celular o a una red WiFi para iniciar la subida de los datos. Presiona el \u00edcono de carga en la pantalla \u00abData\u00bb para subir manualmente los datos al portal.<\/div>\n<div>Sincronizar con el portal a trav\u00e9s de una red celular puede generar cargos por datos y\/o roaming. Consulta a tu proveedor para obtener m\u00e1s informaci\u00f3n o, en su defecto, utiliza una red WiFi.<\/div>\n<div>Las tarjetas microSD no se incluyen con los productos FieldKit, pero te recomendamos encarecidamente que compres una por separado. Necesitar\u00e1s una tarjeta microSD para recopilar registros para el diagn\u00f3stico y la resoluci\u00f3n de problemas, hacer una copia de seguridad de los datos y actualizar el firmware.<\/div>\n<\/div>\n","protected":false},"excerpt":{"rendered":"<p>Sincronizaci\u00f3n con los datos de la estaci\u00f3n FieldKit no se limita a la recopilaci\u00f3n de datos. La sincronizaci\u00f3n de los datos con tu tel\u00e9fono y, posteriormente, con el portal web de FieldKit te permite visualizar los datos de la estaci\u00f3n, detectar tendencias y patrones, y compartir tus resultados con cualquier persona. Aunque las primeras versiones [&hellip;]<\/p>\n","protected":false},"author":5,"featured_media":0,"parent":32794,"menu_order":0,"comment_status":"closed","ping_status":"closed","template":"templates\/product-guide.php","meta":{"_acf_changed":false,"footnotes":""},"class_list":["post-32896","page","type-page","status-publish","hentry"],"acf":[],"yoast_head":"<!-- This site is optimized with the Yoast SEO plugin v26.6 - https:\/\/yoast.com\/wordpress\/plugins\/seo\/ -->\n<title>Sincronizaci\u00f3n con los datos de la estaci\u00f3n - FieldKit<\/title>\n<meta name=\"description\" content=\"La sincronizaci\u00f3n de los datos con tu tel\u00e9fono y, posteriormente, con el portal web de FieldKit te permite visualizar los datos de la estaci\u00f3n, detectar tendencias y patrones, y compartir tus resultados con cualquier persona.\" \/>\n<meta name=\"robots\" content=\"index, follow, max-snippet:-1, max-image-preview:large, max-video-preview:-1\" \/>\n<link rel=\"canonical\" href=\"https:\/\/productguide.fieldkit.org\/es\/ver-el-manual-de-producto\/sincronizacion-con-los-datos-de-la-estacion\/\" \/>\n<meta property=\"og:locale\" content=\"es_ES\" \/>\n<meta property=\"og:type\" content=\"article\" \/>\n<meta property=\"og:title\" content=\"Sincronizaci\u00f3n con los datos de la estaci\u00f3n - FieldKit\" \/>\n<meta property=\"og:description\" content=\"FieldKit no se limita a la recopilaci\u00f3n de datos. La sincronizaci\u00f3n de los datos con tu tel\u00e9fono y, posteriormente, con el portal web de FieldKit te permite visualizar los datos de la estaci\u00f3n, detectar tendencias y patrones, y compartir tus resultados con cualquier persona.\" \/>\n<meta property=\"og:url\" content=\"https:\/\/productguide.fieldkit.org\/es\/ver-el-manual-de-producto\/sincronizacion-con-los-datos-de-la-estacion\/\" \/>\n<meta property=\"og:site_name\" content=\"FieldKit\" \/>\n<meta property=\"article:publisher\" content=\"https:\/\/www.facebook.com\/FieldKit.org\" \/>\n<meta property=\"article:modified_time\" content=\"2024-04-26T21:55:25+00:00\" \/>\n<meta property=\"og:image\" content=\"https:\/\/productguide.fieldkit.org\/wp-content\/uploads\/2019\/11\/HowItWorks_Sync.png\" \/>\n<meta name=\"twitter:card\" content=\"summary_large_image\" \/>\n<meta name=\"twitter:title\" content=\"Sincronizaci\u00f3n con los datos de la estaci\u00f3n - FieldKit\" \/>\n<meta name=\"twitter:description\" content=\"FieldKit no se limita a la recopilaci\u00f3n de datos. La sincronizaci\u00f3n de los datos con tu tel\u00e9fono y, posteriormente, con el portal web de FieldKit te permite visualizar los datos de la estaci\u00f3n, detectar tendencias y patrones, y compartir tus resultados con cualquier persona.\" \/>\n<meta name=\"twitter:image\" content=\"https:\/\/productguide.fieldkit.org\/wp-content\/uploads\/2019\/11\/HowItWorks_Sync.png\" \/>\n<meta name=\"twitter:site\" content=\"@FieldKitOrg\" \/>\n<script type=\"application\/ld+json\" class=\"yoast-schema-graph\">{\"@context\":\"https:\/\/schema.org\",\"@graph\":[{\"@type\":\"WebPage\",\"@id\":\"https:\/\/productguide.fieldkit.org\/es\/ver-el-manual-de-producto\/sincronizacion-con-los-datos-de-la-estacion\/\",\"url\":\"https:\/\/productguide.fieldkit.org\/es\/ver-el-manual-de-producto\/sincronizacion-con-los-datos-de-la-estacion\/\",\"name\":\"Sincronizaci\u00f3n con los datos de la estaci\u00f3n - FieldKit\",\"isPartOf\":{\"@id\":\"https:\/\/productguide.fieldkit.org\/es\/#website\"},\"datePublished\":\"2019-11-29T14:16:59+00:00\",\"dateModified\":\"2024-04-26T21:55:25+00:00\",\"description\":\"La sincronizaci\u00f3n de los datos con tu tel\u00e9fono y, posteriormente, con el portal web de FieldKit te permite visualizar los datos de la estaci\u00f3n, detectar tendencias y patrones, y compartir tus resultados con cualquier persona.\",\"breadcrumb\":{\"@id\":\"https:\/\/productguide.fieldkit.org\/es\/ver-el-manual-de-producto\/sincronizacion-con-los-datos-de-la-estacion\/#breadcrumb\"},\"inLanguage\":\"es\",\"potentialAction\":[{\"@type\":\"ReadAction\",\"target\":[\"https:\/\/productguide.fieldkit.org\/es\/ver-el-manual-de-producto\/sincronizacion-con-los-datos-de-la-estacion\/\"]}]},{\"@type\":\"BreadcrumbList\",\"@id\":\"https:\/\/productguide.fieldkit.org\/es\/ver-el-manual-de-producto\/sincronizacion-con-los-datos-de-la-estacion\/#breadcrumb\",\"itemListElement\":[{\"@type\":\"ListItem\",\"position\":1,\"name\":\"Home\",\"item\":\"https:\/\/productguide.fieldkit.org\/es\/\"},{\"@type\":\"ListItem\",\"position\":2,\"name\":\"Manual del producto\",\"item\":\"https:\/\/productguide.fieldkit.org\/es\/\"},{\"@type\":\"ListItem\",\"position\":3,\"name\":\"Sincronizaci\u00f3n con los datos de la estaci\u00f3n\"}]},{\"@type\":\"WebSite\",\"@id\":\"https:\/\/productguide.fieldkit.org\/es\/#website\",\"url\":\"https:\/\/productguide.fieldkit.org\/es\/\",\"name\":\"FieldKit\",\"description\":\"Open Environmental Sensing for Everyone\",\"publisher\":{\"@id\":\"https:\/\/productguide.fieldkit.org\/es\/#organization\"},\"potentialAction\":[{\"@type\":\"SearchAction\",\"target\":{\"@type\":\"EntryPoint\",\"urlTemplate\":\"https:\/\/productguide.fieldkit.org\/es\/?s={search_term_string}\"},\"query-input\":{\"@type\":\"PropertyValueSpecification\",\"valueRequired\":true,\"valueName\":\"search_term_string\"}}],\"inLanguage\":\"es\"},{\"@type\":\"Organization\",\"@id\":\"https:\/\/productguide.fieldkit.org\/es\/#organization\",\"name\":\"FieldKit\",\"url\":\"https:\/\/productguide.fieldkit.org\/es\/\",\"logo\":{\"@type\":\"ImageObject\",\"inLanguage\":\"es\",\"@id\":\"https:\/\/productguide.fieldkit.org\/es\/#\/schema\/logo\/image\/\",\"url\":\"https:\/\/productguide.fieldkit.org\/wp-content\/uploads\/2020\/01\/fieldkit_Logo_final.svg\",\"contentUrl\":\"https:\/\/productguide.fieldkit.org\/wp-content\/uploads\/2020\/01\/fieldkit_Logo_final.svg\",\"width\":1,\"height\":1,\"caption\":\"FieldKit\"},\"image\":{\"@id\":\"https:\/\/productguide.fieldkit.org\/es\/#\/schema\/logo\/image\/\"},\"sameAs\":[\"https:\/\/www.facebook.com\/FieldKit.org\",\"https:\/\/x.com\/FieldKitOrg\",\"https:\/\/www.instagram.com\/fieldkitorg\",\"https:\/\/www.linkedin.com\/company\/fieldkit\/\",\"https:\/\/www.youtube.com\/fieldkit\"]}]}<\/script>\n<!-- \/ Yoast SEO plugin. -->","yoast_head_json":{"title":"Sincronizaci\u00f3n con los datos de la estaci\u00f3n - FieldKit","description":"La sincronizaci\u00f3n de los datos con tu tel\u00e9fono y, posteriormente, con el portal web de FieldKit te permite visualizar los datos de la estaci\u00f3n, detectar tendencias y patrones, y compartir tus resultados con cualquier persona.","robots":{"index":"index","follow":"follow","max-snippet":"max-snippet:-1","max-image-preview":"max-image-preview:large","max-video-preview":"max-video-preview:-1"},"canonical":"https:\/\/productguide.fieldkit.org\/es\/ver-el-manual-de-producto\/sincronizacion-con-los-datos-de-la-estacion\/","og_locale":"es_ES","og_type":"article","og_title":"Sincronizaci\u00f3n con los datos de la estaci\u00f3n - FieldKit","og_description":"FieldKit no se limita a la recopilaci\u00f3n de datos. La sincronizaci\u00f3n de los datos con tu tel\u00e9fono y, posteriormente, con el portal web de FieldKit te permite visualizar los datos de la estaci\u00f3n, detectar tendencias y patrones, y compartir tus resultados con cualquier persona.","og_url":"https:\/\/productguide.fieldkit.org\/es\/ver-el-manual-de-producto\/sincronizacion-con-los-datos-de-la-estacion\/","og_site_name":"FieldKit","article_publisher":"https:\/\/www.facebook.com\/FieldKit.org","article_modified_time":"2024-04-26T21:55:25+00:00","og_image":[{"url":"https:\/\/productguide.fieldkit.org\/wp-content\/uploads\/2019\/11\/HowItWorks_Sync.png","type":"","width":"","height":""}],"twitter_card":"summary_large_image","twitter_title":"Sincronizaci\u00f3n con los datos de la estaci\u00f3n - FieldKit","twitter_description":"FieldKit no se limita a la recopilaci\u00f3n de datos. La sincronizaci\u00f3n de los datos con tu tel\u00e9fono y, posteriormente, con el portal web de FieldKit te permite visualizar los datos de la estaci\u00f3n, detectar tendencias y patrones, y compartir tus resultados con cualquier persona.","twitter_image":"https:\/\/productguide.fieldkit.org\/wp-content\/uploads\/2019\/11\/HowItWorks_Sync.png","twitter_site":"@FieldKitOrg","schema":{"@context":"https:\/\/schema.org","@graph":[{"@type":"WebPage","@id":"https:\/\/productguide.fieldkit.org\/es\/ver-el-manual-de-producto\/sincronizacion-con-los-datos-de-la-estacion\/","url":"https:\/\/productguide.fieldkit.org\/es\/ver-el-manual-de-producto\/sincronizacion-con-los-datos-de-la-estacion\/","name":"Sincronizaci\u00f3n con los datos de la estaci\u00f3n - FieldKit","isPartOf":{"@id":"https:\/\/productguide.fieldkit.org\/es\/#website"},"datePublished":"2019-11-29T14:16:59+00:00","dateModified":"2024-04-26T21:55:25+00:00","description":"La sincronizaci\u00f3n de los datos con tu tel\u00e9fono y, posteriormente, con el portal web de FieldKit te permite visualizar los datos de la estaci\u00f3n, detectar tendencias y patrones, y compartir tus resultados con cualquier persona.","breadcrumb":{"@id":"https:\/\/productguide.fieldkit.org\/es\/ver-el-manual-de-producto\/sincronizacion-con-los-datos-de-la-estacion\/#breadcrumb"},"inLanguage":"es","potentialAction":[{"@type":"ReadAction","target":["https:\/\/productguide.fieldkit.org\/es\/ver-el-manual-de-producto\/sincronizacion-con-los-datos-de-la-estacion\/"]}]},{"@type":"BreadcrumbList","@id":"https:\/\/productguide.fieldkit.org\/es\/ver-el-manual-de-producto\/sincronizacion-con-los-datos-de-la-estacion\/#breadcrumb","itemListElement":[{"@type":"ListItem","position":1,"name":"Home","item":"https:\/\/productguide.fieldkit.org\/es\/"},{"@type":"ListItem","position":2,"name":"Manual del producto","item":"https:\/\/productguide.fieldkit.org\/es\/"},{"@type":"ListItem","position":3,"name":"Sincronizaci\u00f3n con los datos de la estaci\u00f3n"}]},{"@type":"WebSite","@id":"https:\/\/productguide.fieldkit.org\/es\/#website","url":"https:\/\/productguide.fieldkit.org\/es\/","name":"FieldKit","description":"Open Environmental Sensing for Everyone","publisher":{"@id":"https:\/\/productguide.fieldkit.org\/es\/#organization"},"potentialAction":[{"@type":"SearchAction","target":{"@type":"EntryPoint","urlTemplate":"https:\/\/productguide.fieldkit.org\/es\/?s={search_term_string}"},"query-input":{"@type":"PropertyValueSpecification","valueRequired":true,"valueName":"search_term_string"}}],"inLanguage":"es"},{"@type":"Organization","@id":"https:\/\/productguide.fieldkit.org\/es\/#organization","name":"FieldKit","url":"https:\/\/productguide.fieldkit.org\/es\/","logo":{"@type":"ImageObject","inLanguage":"es","@id":"https:\/\/productguide.fieldkit.org\/es\/#\/schema\/logo\/image\/","url":"https:\/\/productguide.fieldkit.org\/wp-content\/uploads\/2020\/01\/fieldkit_Logo_final.svg","contentUrl":"https:\/\/productguide.fieldkit.org\/wp-content\/uploads\/2020\/01\/fieldkit_Logo_final.svg","width":1,"height":1,"caption":"FieldKit"},"image":{"@id":"https:\/\/productguide.fieldkit.org\/es\/#\/schema\/logo\/image\/"},"sameAs":["https:\/\/www.facebook.com\/FieldKit.org","https:\/\/x.com\/FieldKitOrg","https:\/\/www.instagram.com\/fieldkitorg","https:\/\/www.linkedin.com\/company\/fieldkit\/","https:\/\/www.youtube.com\/fieldkit"]}]}},"jetpack_sharing_enabled":true,"_links":{"self":[{"href":"https:\/\/productguide.fieldkit.org\/es\/wp-json\/wp\/v2\/pages\/32896","targetHints":{"allow":["GET"]}}],"collection":[{"href":"https:\/\/productguide.fieldkit.org\/es\/wp-json\/wp\/v2\/pages"}],"about":[{"href":"https:\/\/productguide.fieldkit.org\/es\/wp-json\/wp\/v2\/types\/page"}],"author":[{"embeddable":true,"href":"https:\/\/productguide.fieldkit.org\/es\/wp-json\/wp\/v2\/users\/5"}],"replies":[{"embeddable":true,"href":"https:\/\/productguide.fieldkit.org\/es\/wp-json\/wp\/v2\/comments?post=32896"}],"version-history":[{"count":1,"href":"https:\/\/productguide.fieldkit.org\/es\/wp-json\/wp\/v2\/pages\/32896\/revisions"}],"predecessor-version":[{"id":32954,"href":"https:\/\/productguide.fieldkit.org\/es\/wp-json\/wp\/v2\/pages\/32896\/revisions\/32954"}],"up":[{"embeddable":true,"href":"https:\/\/productguide.fieldkit.org\/es\/wp-json\/wp\/v2\/pages\/32794"}],"wp:attachment":[{"href":"https:\/\/productguide.fieldkit.org\/es\/wp-json\/wp\/v2\/media?parent=32896"}],"curies":[{"name":"wp","href":"https:\/\/api.w.org\/{rel}","templated":true}]}}