{"id":32903,"date":"2021-02-01T16:56:05","date_gmt":"2021-02-02T00:56:05","guid":{"rendered":"https:\/\/productguide.fieldkit.org\/ver-el-manual-de-producto\/interfaz-de-la-pantalla-de-la-estacion\/"},"modified":"2023-10-03T09:46:45","modified_gmt":"2023-10-03T16:46:45","slug":"interfaz-de-la-pantalla-de-la-estacion","status":"publish","type":"page","link":"https:\/\/productguide.fieldkit.org\/es\/ver-el-manual-de-producto\/interfaz-de-la-pantalla-de-la-estacion\/","title":{"rendered":"Interfaz de la pantalla de la estaci\u00f3n"},"content":{"rendered":"<div>\n<div>Interfaz de la pantalla de la estaci\u00f3n<\/div>\n<div>Configura la estaci\u00f3n FieldKit usando la pantalla de la estaci\u00f3n.<\/div>\n<div>Ya sea por comodidad o para resolver problemas, a veces configurar\u00e1s directamente la estaci\u00f3n FieldKit con su pantalla.<\/div>\n<div>Consideramos que la documentaci\u00f3n es importante. As\u00ed que, aunque las primeras versiones de FieldKit empiezan a registrar datos de forma autom\u00e1tica, estamos trabajando en una nueva funci\u00f3n para ayudar a los usuarios a darse cuenta de las ventajas de realizar la instalaci\u00f3n para empezar a registrar los datos. Este manual del producto se redact\u00f3 pensando en eso. Adem\u00e1s, en las primeras versiones de FieldKit, el dise\u00f1o visual de la pantalla de la estaci\u00f3n no ha sido implementado. En el dise\u00f1o beta de la pantalla, una diferencia importante es el \u00edcono del WiFi. Actualmente, se muestra el mismo \u00edcono independientemente de si te conectas a trav\u00e9s del WiFi de la estaci\u00f3n (punto de acceso) o de una red WiFi (Internet).<\/div>\n<div>Botones<\/div>\n<div>Recorre las pantallas del men\u00fa de la estaci\u00f3n presionando los botones f\u00edsicos de \u00abarriba\u00bb y \u00ababajo\u00bb que se encuentran bajo la pantalla de la placa superior. Selecciona y deselecciona las opciones del men\u00fa presionando el bot\u00f3n central de \u00abselecci\u00f3n\u00bb.<\/div>\n<div>Secuencia de inicio<\/div>\n<div>Al encender la estaci\u00f3n (con el interruptor ON\/OFF de la parte superior izquierda), se enciende la pantalla y comienza la secuencia de inicio de la misma. El logotipo de Conservify aparecer\u00e1 brevemente, seguido del nombre de la estaci\u00f3n y del diagn\u00f3stico de inicio.<\/div>\n<div>La pantalla se apagar\u00e1 una vez que la estaci\u00f3n se haya iniciado con \u00e9xito. Presiona cualquier bot\u00f3n debajo de la pantalla (o el bot\u00f3n de encendido) para volver a encender la pantalla. La pantalla se apagar\u00e1 tras un periodo de inactividad.<\/div>\n<div>Cuando la estaci\u00f3n se est\u00e1 quedando sin bater\u00eda, ahorra energ\u00eda desactivando la visualizaci\u00f3n de la pantalla y la secuencia de inicio. Presiona cualquier bot\u00f3n debajo de la pantalla (o el bot\u00f3n de encendido) para volver a encender la pantalla.<\/div>\n<div>Cabecera<\/div>\n<div>Los \u00edconos permanentes de la cabecera permiten conocer r\u00e1pidamente el estado de la estaci\u00f3n:<\/div>\n<div>El n\u00famero de barras en el \u00edcono de la Bater\u00eda corresponde a la cantidad de bater\u00eda restante. Entre m\u00e1s barras, mayor duraci\u00f3n de bater\u00eda. Recuerda cargar la bater\u00eda o cambiarla por una nueva con frecuencia.<\/div>\n<div>Si el \u00edcono de registro parpadea, quiere decir que la estaci\u00f3n est\u00e1 registrando datos.<\/div>\n<div>Si el \u00edcono del WiFi parpadea, significa que la estaci\u00f3n est\u00e1 emitiendo su propio WiFi (punto de acceso), pero todav\u00eda no te conectas con tu tel\u00e9fono. Puedes abrir los ajustes de WiFi de tu tel\u00e9fono, buscar el WiFi de la estaci\u00f3n y conectarte a ella. Luego, contin\u00faa en la aplicaci\u00f3n m\u00f3vil.<\/div>\n<div>Si el \u00edcono del WiFi est\u00e1 fijo, quiere decir que tu tel\u00e9fono ya est\u00e1 conectado a la estaci\u00f3n.<\/div>\n<div>Nota: Ver\u00e1s uno de los dos posibles \u00edconos de WiFi, dependiendo de si la conexi\u00f3n entre la estaci\u00f3n y el tel\u00e9fono es a trav\u00e9s del WiFi de la estaci\u00f3n o de una red WiFi conocida (Internet).<\/div>\n<div>Cuando el \u00edcono del GPS es visible, significa que las coordenadas de la estaci\u00f3n son conocidas.<\/div>\n<div>En el centro de la pantalla, se encuentra un men\u00fa de valores de los sensores. Puedes ver los datos m\u00e1s recientes de cada sensor.<\/div>\n<div>Para acceder al men\u00fa principal desde la pantalla de inicio, presione el bot\u00f3n central de \u00abselecci\u00f3n\u00bb. Recorre las opciones del men\u00fa presionando los botones de \u00abarriba\u00bb y \u00ababajo\u00bb. Selecciona una opci\u00f3n presionando el bot\u00f3n de \u00abselecci\u00f3n\u00bb.<\/div>\n<div>Consulta los registros m\u00e1s recientes de cada sensor, as\u00ed como los diagn\u00f3sticos de potencia,<br \/>\nmemoria y tiempo de funcionamiento. Presiona el bot\u00f3n de \u00abselecci\u00f3n\u00bb para regresar.<\/div>\n<div>(Back) (Atr\u00e1s)<\/div>\n<div>Retrocede un men\u00fa.<\/div>\n<div>Build (Versi\u00f3n)<\/div>\n<div>Muestra el n\u00famero de la versi\u00f3n del firmware.<\/div>\n<div>(Back) (Atr\u00e1s)<\/div>\n<div>Retrocede un men\u00fa.<\/div>\n<div>Readings (Registros)<\/div>\n<div>Define el horario de registro de datos que prefieras entre las opciones disponibles. Configura los horarios de registro de datos en la aplicaci\u00f3n para personalizarlos en mayor medida. Ten en cuenta que intervalos m\u00e1s frecuentes de registro de datos agotar\u00e1n la bater\u00eda m\u00e1s r\u00e1pido.<\/div>\n<div>(Back) (Atr\u00e1s)<\/div>\n<div>Retrocede un men\u00fa.<\/div>\n<div>Enable (Activar)<\/div>\n<div>Enciende el WiFi de la estaci\u00f3n (punto de acceso) para que puedas conectarte a ella con tu tel\u00e9fono.<\/div>\n<div>Elige:<\/div>\n<div>(Back) (Atr\u00e1s)<\/div>\n<div>Retrocede un men\u00fa.<\/div>\n<div>Create AP (Crear PA)<\/div>\n<div>Al presionar por primera vez el bot\u00f3n de encendido, la estaci\u00f3n genera su propio WiFi de estaci\u00f3n (punto de acceso), y las siguientes pulsaciones del bot\u00f3n simplemente habilitar\u00e1n de nuevo el WiFi de la estaci\u00f3n. Esta funci\u00f3n hace lo mismo que presionar el bot\u00f3n de activaci\u00f3n por primera vez, es decir, la estaci\u00f3n crea su propio WiFi de estaci\u00f3n (punto de acceso).<\/div>\n<div>Upload Rsm (Subir Rsm)<\/div>\n<div>Si la estaci\u00f3n fue configurada para subir peri\u00f3dicamente los datos directamente al portal web*, puedes usar esta opci\u00f3n para forzar una subida de datos (tanto de las mediciones como de los metadatos) desde la estaci\u00f3n directamente al portal, comenzando desde el \u00faltimo punto de subida de datos.<\/div>\n<div>Upload all Meta (Subir todos los metadatos)<\/div>\n<div>Si la estaci\u00f3n fue configurada para subir peri\u00f3dicamente los datos directamente al portal web*, puedes usar esta configuraci\u00f3n para forzar una subida de todos los metadatos desde la estaci\u00f3n directamente al portal.<\/div>\n<div>Upload all Data (Subir todos los datos)<\/div>\n<div>Si la estaci\u00f3n fue configurada para subir peri\u00f3dicamente los datos directamente al portal web*, puedes usar esta configuraci\u00f3n para forzar una subida de todos los datos de mediciones desde la estaci\u00f3n directamente al portal.<\/div>\n<div>WiFi Duration (Duraci\u00f3n del WiFi)<\/div>\n<div>Elige cu\u00e1nto tiempo permanece activo el WiFi de la estaci\u00f3n (tras ser activado por el bot\u00f3n de activaci\u00f3n o las opciones Network &gt; Create AP (Red &gt; Crear PA) o Network &gt; Enable (Red &gt; Activar) en la pantalla de la estaci\u00f3n).<\/div>\n<div>Cuando la estaci\u00f3n est\u00e1 configurada en \u201cIdle Off\u201d y queda inactiva, es decir, si transcurren unos minutos de inactividad en la red, apagar\u00e1 el WiFi de la estaci\u00f3n. Esto ahorra energ\u00eda.<\/div>\n<div>Cuando se configura como \u201cAlways On,\u201d el WiFi de la estaci\u00f3n permanece activo. Esto agota la bater\u00eda m\u00e1s r\u00e1pido, por lo que solo funciona en las estaciones enchufadas directamente a una fuente de alimentaci\u00f3n (en lugar de utilizar una bater\u00eda o un panel solar). En la aplicaci\u00f3n, puedes configurar la estaci\u00f3n para que suba peri\u00f3dicamente los datos directamente al portal web a intervalos determinados.*<\/div>\n<div>*En la aplicaci\u00f3n, en Station Settings &gt; Networks &gt; WiFi &gt; Upload Schedule (Ajustes de la estaci\u00f3n &gt; Redes &gt; WiFi &gt; Programa de carga), puedes hacer que el WiFi de la estaci\u00f3n est\u00e9 \u201cAlways On\u201d (\u201cSiempre encendida\u201d) al configurar un programa de transferencia de datos con el fin de que la estaci\u00f3n cargue los datos directamente al portal web (sin pasar por la aplicaci\u00f3n). La opci\u00f3n \u201cAlways On\u201d solamente funciona en las estaciones conectadas a un enchufe de pared.<\/div>\n<div>(Back) (Atr\u00e1s)<\/div>\n<div>Retrocede un men\u00fa.<\/div>\n<div>Status (Estado)<\/div>\n<div>Recorre los m\u00f3dulos y presiona \u00abselect\u00bb.<\/div>\n<div>(Back) (Atr\u00e1s)<\/div>\n<div>Retrocede un men\u00fa.<\/div>\n<div>Inicio<\/div>\n<div>Te lleva a la pantalla de inicio.<\/div>\n<div>(Back) (Atr\u00e1s)<\/div>\n<div>Retrocede un men\u00fa.<\/div>\n<div>Self Check (Autodiagn\u00f3stico)<\/div>\n<div>Realiza un autodiagn\u00f3stico y muestra el estado de varios componentes del hardware.<\/div>\n<div>[table id=\u00bb1&#8243; \/]<\/div>\n<div>Watch GPS (Ver GPS)<\/div>\n<div>Entra en un modo de diagn\u00f3stico que muestra la informaci\u00f3n del GPS en tiempo real. Se utiliza principalmente en la resoluci\u00f3n de problemas.<\/div>\n<div>GPS Mode (Modo GPS)<\/div>\n<div>Permite al usuario configurar la estaci\u00f3n en modo fijo o en modo m\u00f3vil. En el modo fijo, el GPS se utilizar\u00e1 de forma peri\u00f3dica \u00fanicamente para verificar la hora. En el modo m\u00f3vil, el GPS se dejar\u00e1 encendido y comprobar\u00e1 la ubicaci\u00f3n con frecuencia. Nota: Hacer uso del modo m\u00f3vil tendr\u00e1 un impacto significativo en la duraci\u00f3n de la bater\u00eda.<\/div>\n<div>SD Upgrade (Actualizaci\u00f3n por medio de SD)<\/div>\n<div>Si hay una tarjeta microSD con un nuevo firmware dentro de la ranura para la tarjeta microSD de la estaci\u00f3n, la estaci\u00f3n se reprogramar\u00e1 con el firmware actualizado, y la pantalla deber\u00eda confirmar el nuevo n\u00famero de versi\u00f3n del firmware. Lee m\u00e1s sobre la actualizaci\u00f3n de tu firmware.<\/div>\n<div>Flash SD<\/div>\n<div>Escribe memoria flash en la tarjeta microSD con fines de diagn\u00f3stico\/depuraci\u00f3n para la resoluci\u00f3n de problemas. Es poco probable que uses esta opci\u00f3n a menos que te lo indique el equipo de asistencia t\u00e9cnica de FieldKit.<\/div>\n<div>Format SD (Formatear SD)<\/div>\n<div>Formatea la tarjeta microSD insertada de forma que la estaci\u00f3n pueda leer la tarjeta.<\/div>\n<div>Run Fsck (Ejecutar Fsck)<\/div>\n<div>Ejecuta una verificaci\u00f3n del sistema de archivos para comprobar la integridad de los datos en la memoria. Se utiliza principalmente en la resoluci\u00f3n de problemas.<\/div>\n<div>Export CSV (Exportar CSV)<\/div>\n<div>Exporta todos los datos de la memoria a archivos CSV en la tarjeta microSD actualmente insertada. Puedes utilizar esta funci\u00f3n en el campo si quieres comprobar los datos sobre la marcha. Para ello, se exporta a CSV en la estaci\u00f3n, se inserta la microSD en el tel\u00e9fono o en otro dispositivo con un adaptador de tarjetas microSD y se revisan los datos.<\/div>\n<div>Factory Reset (Restablecimiento de f\u00e1brica)<\/div>\n<div>Se debe usar con precauci\u00f3n. Borra todos los datos y la configuraci\u00f3n de la estaci\u00f3n, y restablece los valores predeterminados de f\u00e1brica. Nota: El nombre predeterminado de la estaci\u00f3n podr\u00eda cambiar despu\u00e9s de un reinicio de f\u00e1brica debido a cambios en el firmware.<\/div>\n<div>Restart (Reiniciar)<\/div>\n<div>Reinicia la estaci\u00f3n, limpiando los registros y datos en la memoria, garantizando que la informaci\u00f3n importante se haya escrito en la tarjeta microSD.<\/div>\n<\/div>\n","protected":false},"excerpt":{"rendered":"<p>Interfaz de la pantalla de la estaci\u00f3n Configura la estaci\u00f3n FieldKit usando la pantalla de la estaci\u00f3n. Ya sea por comodidad o para resolver problemas, a veces configurar\u00e1s directamente la estaci\u00f3n FieldKit con su pantalla. Consideramos que la documentaci\u00f3n es importante. As\u00ed que, aunque las primeras versiones de FieldKit empiezan a registrar datos de forma [&hellip;]<\/p>\n","protected":false},"author":3,"featured_media":0,"parent":32794,"menu_order":0,"comment_status":"closed","ping_status":"closed","template":"templates\/product-guide.php","meta":{"_acf_changed":false,"footnotes":""},"class_list":["post-32903","page","type-page","status-publish","hentry"],"acf":[],"yoast_head":"<!-- This site is optimized with the Yoast SEO plugin v26.6 - https:\/\/yoast.com\/wordpress\/plugins\/seo\/ -->\n<title>Interfaz de la pantalla de la estaci\u00f3n - FieldKit<\/title>\n<meta name=\"description\" content=\"Ya sea por comodidad o para resolver problemas, a veces configurar\u00e1s directamente la estaci\u00f3n FieldKit con su pantalla.\" \/>\n<meta name=\"robots\" content=\"index, follow, max-snippet:-1, max-image-preview:large, max-video-preview:-1\" \/>\n<link rel=\"canonical\" href=\"https:\/\/productguide.fieldkit.org\/es\/ver-el-manual-de-producto\/interfaz-de-la-pantalla-de-la-estacion\/\" \/>\n<meta property=\"og:locale\" content=\"es_ES\" \/>\n<meta property=\"og:type\" content=\"article\" \/>\n<meta property=\"og:title\" content=\"Interfaz de la pantalla de la estaci\u00f3n - FieldKit\" \/>\n<meta property=\"og:description\" content=\"Ya sea por comodidad o para resolver problemas, a veces configurar\u00e1s directamente la estaci\u00f3n FieldKit con su pantalla.\" \/>\n<meta property=\"og:url\" content=\"https:\/\/productguide.fieldkit.org\/es\/ver-el-manual-de-producto\/interfaz-de-la-pantalla-de-la-estacion\/\" \/>\n<meta property=\"og:site_name\" content=\"FieldKit\" \/>\n<meta property=\"article:publisher\" content=\"https:\/\/www.facebook.com\/FieldKit.org\" \/>\n<meta property=\"article:modified_time\" content=\"2023-10-03T16:46:45+00:00\" \/>\n<meta property=\"og:image\" content=\"https:\/\/productguide.fieldkit.org\/wp-content\/uploads\/2020\/11\/fk_glossary_upperboard.png\" \/>\n<meta name=\"twitter:card\" content=\"summary_large_image\" \/>\n<meta name=\"twitter:title\" content=\"Interfaz de la pantalla de la estaci\u00f3n - FieldKit\" \/>\n<meta name=\"twitter:description\" content=\"Ya sea por comodidad o para resolver problemas, a veces configurar\u00e1s directamente la estaci\u00f3n FieldKit con su pantalla.\" \/>\n<meta name=\"twitter:image\" content=\"https:\/\/productguide.fieldkit.org\/wp-content\/uploads\/2020\/11\/fk_glossary_upperboard.png\" \/>\n<meta name=\"twitter:site\" content=\"@FieldKitOrg\" \/>\n<script type=\"application\/ld+json\" class=\"yoast-schema-graph\">{\"@context\":\"https:\/\/schema.org\",\"@graph\":[{\"@type\":\"WebPage\",\"@id\":\"https:\/\/productguide.fieldkit.org\/es\/ver-el-manual-de-producto\/interfaz-de-la-pantalla-de-la-estacion\/\",\"url\":\"https:\/\/productguide.fieldkit.org\/es\/ver-el-manual-de-producto\/interfaz-de-la-pantalla-de-la-estacion\/\",\"name\":\"Interfaz de la pantalla de la estaci\u00f3n - FieldKit\",\"isPartOf\":{\"@id\":\"https:\/\/productguide.fieldkit.org\/es\/#website\"},\"datePublished\":\"2021-02-02T00:56:05+00:00\",\"dateModified\":\"2023-10-03T16:46:45+00:00\",\"description\":\"Ya sea por comodidad o para resolver problemas, a veces configurar\u00e1s directamente la estaci\u00f3n FieldKit con su pantalla.\",\"breadcrumb\":{\"@id\":\"https:\/\/productguide.fieldkit.org\/es\/ver-el-manual-de-producto\/interfaz-de-la-pantalla-de-la-estacion\/#breadcrumb\"},\"inLanguage\":\"es\",\"potentialAction\":[{\"@type\":\"ReadAction\",\"target\":[\"https:\/\/productguide.fieldkit.org\/es\/ver-el-manual-de-producto\/interfaz-de-la-pantalla-de-la-estacion\/\"]}]},{\"@type\":\"BreadcrumbList\",\"@id\":\"https:\/\/productguide.fieldkit.org\/es\/ver-el-manual-de-producto\/interfaz-de-la-pantalla-de-la-estacion\/#breadcrumb\",\"itemListElement\":[{\"@type\":\"ListItem\",\"position\":1,\"name\":\"Home\",\"item\":\"https:\/\/productguide.fieldkit.org\/es\/\"},{\"@type\":\"ListItem\",\"position\":2,\"name\":\"Manual del producto\",\"item\":\"https:\/\/productguide.fieldkit.org\/es\/\"},{\"@type\":\"ListItem\",\"position\":3,\"name\":\"Interfaz de la pantalla de la estaci\u00f3n\"}]},{\"@type\":\"WebSite\",\"@id\":\"https:\/\/productguide.fieldkit.org\/es\/#website\",\"url\":\"https:\/\/productguide.fieldkit.org\/es\/\",\"name\":\"FieldKit\",\"description\":\"Open Environmental Sensing for Everyone\",\"publisher\":{\"@id\":\"https:\/\/productguide.fieldkit.org\/es\/#organization\"},\"potentialAction\":[{\"@type\":\"SearchAction\",\"target\":{\"@type\":\"EntryPoint\",\"urlTemplate\":\"https:\/\/productguide.fieldkit.org\/es\/?s={search_term_string}\"},\"query-input\":{\"@type\":\"PropertyValueSpecification\",\"valueRequired\":true,\"valueName\":\"search_term_string\"}}],\"inLanguage\":\"es\"},{\"@type\":\"Organization\",\"@id\":\"https:\/\/productguide.fieldkit.org\/es\/#organization\",\"name\":\"FieldKit\",\"url\":\"https:\/\/productguide.fieldkit.org\/es\/\",\"logo\":{\"@type\":\"ImageObject\",\"inLanguage\":\"es\",\"@id\":\"https:\/\/productguide.fieldkit.org\/es\/#\/schema\/logo\/image\/\",\"url\":\"https:\/\/productguide.fieldkit.org\/wp-content\/uploads\/2020\/01\/fieldkit_Logo_final.svg\",\"contentUrl\":\"https:\/\/productguide.fieldkit.org\/wp-content\/uploads\/2020\/01\/fieldkit_Logo_final.svg\",\"width\":1,\"height\":1,\"caption\":\"FieldKit\"},\"image\":{\"@id\":\"https:\/\/productguide.fieldkit.org\/es\/#\/schema\/logo\/image\/\"},\"sameAs\":[\"https:\/\/www.facebook.com\/FieldKit.org\",\"https:\/\/x.com\/FieldKitOrg\",\"https:\/\/www.instagram.com\/fieldkitorg\",\"https:\/\/www.linkedin.com\/company\/fieldkit\/\",\"https:\/\/www.youtube.com\/fieldkit\"]}]}<\/script>\n<!-- \/ Yoast SEO plugin. -->","yoast_head_json":{"title":"Interfaz de la pantalla de la estaci\u00f3n - FieldKit","description":"Ya sea por comodidad o para resolver problemas, a veces configurar\u00e1s directamente la estaci\u00f3n FieldKit con su pantalla.","robots":{"index":"index","follow":"follow","max-snippet":"max-snippet:-1","max-image-preview":"max-image-preview:large","max-video-preview":"max-video-preview:-1"},"canonical":"https:\/\/productguide.fieldkit.org\/es\/ver-el-manual-de-producto\/interfaz-de-la-pantalla-de-la-estacion\/","og_locale":"es_ES","og_type":"article","og_title":"Interfaz de la pantalla de la estaci\u00f3n - FieldKit","og_description":"Ya sea por comodidad o para resolver problemas, a veces configurar\u00e1s directamente la estaci\u00f3n FieldKit con su pantalla.","og_url":"https:\/\/productguide.fieldkit.org\/es\/ver-el-manual-de-producto\/interfaz-de-la-pantalla-de-la-estacion\/","og_site_name":"FieldKit","article_publisher":"https:\/\/www.facebook.com\/FieldKit.org","article_modified_time":"2023-10-03T16:46:45+00:00","og_image":[{"url":"https:\/\/productguide.fieldkit.org\/wp-content\/uploads\/2020\/11\/fk_glossary_upperboard.png","type":"","width":"","height":""}],"twitter_card":"summary_large_image","twitter_title":"Interfaz de la pantalla de la estaci\u00f3n - FieldKit","twitter_description":"Ya sea por comodidad o para resolver problemas, a veces configurar\u00e1s directamente la estaci\u00f3n FieldKit con su pantalla.","twitter_image":"https:\/\/productguide.fieldkit.org\/wp-content\/uploads\/2020\/11\/fk_glossary_upperboard.png","twitter_site":"@FieldKitOrg","schema":{"@context":"https:\/\/schema.org","@graph":[{"@type":"WebPage","@id":"https:\/\/productguide.fieldkit.org\/es\/ver-el-manual-de-producto\/interfaz-de-la-pantalla-de-la-estacion\/","url":"https:\/\/productguide.fieldkit.org\/es\/ver-el-manual-de-producto\/interfaz-de-la-pantalla-de-la-estacion\/","name":"Interfaz de la pantalla de la estaci\u00f3n - FieldKit","isPartOf":{"@id":"https:\/\/productguide.fieldkit.org\/es\/#website"},"datePublished":"2021-02-02T00:56:05+00:00","dateModified":"2023-10-03T16:46:45+00:00","description":"Ya sea por comodidad o para resolver problemas, a veces configurar\u00e1s directamente la estaci\u00f3n FieldKit con su pantalla.","breadcrumb":{"@id":"https:\/\/productguide.fieldkit.org\/es\/ver-el-manual-de-producto\/interfaz-de-la-pantalla-de-la-estacion\/#breadcrumb"},"inLanguage":"es","potentialAction":[{"@type":"ReadAction","target":["https:\/\/productguide.fieldkit.org\/es\/ver-el-manual-de-producto\/interfaz-de-la-pantalla-de-la-estacion\/"]}]},{"@type":"BreadcrumbList","@id":"https:\/\/productguide.fieldkit.org\/es\/ver-el-manual-de-producto\/interfaz-de-la-pantalla-de-la-estacion\/#breadcrumb","itemListElement":[{"@type":"ListItem","position":1,"name":"Home","item":"https:\/\/productguide.fieldkit.org\/es\/"},{"@type":"ListItem","position":2,"name":"Manual del producto","item":"https:\/\/productguide.fieldkit.org\/es\/"},{"@type":"ListItem","position":3,"name":"Interfaz de la pantalla de la estaci\u00f3n"}]},{"@type":"WebSite","@id":"https:\/\/productguide.fieldkit.org\/es\/#website","url":"https:\/\/productguide.fieldkit.org\/es\/","name":"FieldKit","description":"Open Environmental Sensing for Everyone","publisher":{"@id":"https:\/\/productguide.fieldkit.org\/es\/#organization"},"potentialAction":[{"@type":"SearchAction","target":{"@type":"EntryPoint","urlTemplate":"https:\/\/productguide.fieldkit.org\/es\/?s={search_term_string}"},"query-input":{"@type":"PropertyValueSpecification","valueRequired":true,"valueName":"search_term_string"}}],"inLanguage":"es"},{"@type":"Organization","@id":"https:\/\/productguide.fieldkit.org\/es\/#organization","name":"FieldKit","url":"https:\/\/productguide.fieldkit.org\/es\/","logo":{"@type":"ImageObject","inLanguage":"es","@id":"https:\/\/productguide.fieldkit.org\/es\/#\/schema\/logo\/image\/","url":"https:\/\/productguide.fieldkit.org\/wp-content\/uploads\/2020\/01\/fieldkit_Logo_final.svg","contentUrl":"https:\/\/productguide.fieldkit.org\/wp-content\/uploads\/2020\/01\/fieldkit_Logo_final.svg","width":1,"height":1,"caption":"FieldKit"},"image":{"@id":"https:\/\/productguide.fieldkit.org\/es\/#\/schema\/logo\/image\/"},"sameAs":["https:\/\/www.facebook.com\/FieldKit.org","https:\/\/x.com\/FieldKitOrg","https:\/\/www.instagram.com\/fieldkitorg","https:\/\/www.linkedin.com\/company\/fieldkit\/","https:\/\/www.youtube.com\/fieldkit"]}]}},"jetpack_sharing_enabled":true,"_links":{"self":[{"href":"https:\/\/productguide.fieldkit.org\/es\/wp-json\/wp\/v2\/pages\/32903","targetHints":{"allow":["GET"]}}],"collection":[{"href":"https:\/\/productguide.fieldkit.org\/es\/wp-json\/wp\/v2\/pages"}],"about":[{"href":"https:\/\/productguide.fieldkit.org\/es\/wp-json\/wp\/v2\/types\/page"}],"author":[{"embeddable":true,"href":"https:\/\/productguide.fieldkit.org\/es\/wp-json\/wp\/v2\/users\/3"}],"replies":[{"embeddable":true,"href":"https:\/\/productguide.fieldkit.org\/es\/wp-json\/wp\/v2\/comments?post=32903"}],"version-history":[{"count":1,"href":"https:\/\/productguide.fieldkit.org\/es\/wp-json\/wp\/v2\/pages\/32903\/revisions"}],"predecessor-version":[{"id":32904,"href":"https:\/\/productguide.fieldkit.org\/es\/wp-json\/wp\/v2\/pages\/32903\/revisions\/32904"}],"up":[{"embeddable":true,"href":"https:\/\/productguide.fieldkit.org\/es\/wp-json\/wp\/v2\/pages\/32794"}],"wp:attachment":[{"href":"https:\/\/productguide.fieldkit.org\/es\/wp-json\/wp\/v2\/media?parent=32903"}],"curies":[{"name":"wp","href":"https:\/\/api.w.org\/{rel}","templated":true}]}}